{"id":84,"date":"2016-11-10T18:35:49","date_gmt":"2016-11-10T18:35:49","guid":{"rendered":"https:\/\/wpmu-bis.sys.kth.se\/safeplaces\/?page_id=84"},"modified":"2016-12-13T13:05:51","modified_gmt":"2016-12-13T13:05:51","slug":"mission","status":"publish","type":"page","link":"https:\/\/wpmu-bis.sys.kth.se\/safeplaces\/sv\/mission\/","title":{"rendered":"Bakgrund"},"content":{"rendered":"<p>En stor del av de nya kunskaperna i situationsbaserad brottsprevention \u00e4r fortfarande begr\u00e4nsad till universitet och forskningsinstitut. Ett viktigt m\u00e5l f\u00f6r detta n\u00e4tverk \u00e4r att engagera akademiker, s\u00e4kerhetsexperter, poliser och ut\u00f6vare fr\u00e5n olika omr\u00e5den i utveckling av kunskap, erfarenhetsutbyte och spridning av kunnande genom att tillhandah\u00e5lla en knutpunkt f\u00f6r information om situationsbaserad brottprevention i Sverige.<\/p>\n<p><em><strong>S\u00e4kraplatser<\/strong> <\/em>\u00e4r ett tv\u00e4rvetenskapligt n\u00e4tverk som kopplar lokala behov av kunskap i situationsbaserad brottsprevention till ett nationellt och internationellt n\u00e4tverk av experter och institutioner. N\u00e4tverket har sin bas p\u00e5 Kungliga Tekniska H\u00f6gskolan i Stockholm, Sverige och skapar, med st\u00f6d fr\u00e5n Brottsf\u00f6rebyggande r\u00e5det (Br\u00e5), en rad initiativ f\u00f6r utveckling av lokal kunskap och informationsutbyte kring de f\u00f6rh\u00e5llanden under vilka brott intr\u00e4ffar och de b\u00e4sta s\u00e4tten att f\u00f6rhindra detta.<\/p>\n<p><strong><a href=\"\/wp-content\/uploads\/sites\/13\/2016\/12\/S\u00e4kra_platser_Affish.pdf\">F\u00f6r mer information se h\u00e4r<\/a><\/strong><\/p>\n","protected":false},"excerpt":{"rendered":"<p>En [&#8230;]<\/p>\n","protected":false},"author":31,"featured_media":0,"parent":0,"menu_order":0,"comment_status":"closed","ping_status":"closed","template":"","meta":{"_bbp_topic_count":0,"_bbp_reply_count":0,"_bbp_total_topic_count":0,"_bbp_total_reply_count":0,"_bbp_voice_count":0,"_bbp_anonymous_reply_count":0,"_bbp_topic_count_hidden":0,"_bbp_reply_count_hidden":0,"_bbp_forum_subforum_count":0,"episode_type":"","audio_file":"","podmotor_file_id":"","podmotor_episode_id":"","cover_image":"","cover_image_id":"","duration":"","filesize":"","filesize_raw":"","date_recorded":"","explicit":"","block":"","itunes_episode_number":"","itunes_title":"","itunes_season_number":"","itunes_episode_type":"","jetpack_post_was_ever_published":false,"footnotes":"","_links_to":"","_links_to_target":""},"class_list":["post-84","page","type-page","status-publish","hentry"],"jetpack_sharing_enabled":true,"jetpack_shortlink":"https:\/\/wp.me\/P840TR-1m","post_mailing_queue_ids":[],"_links":{"self":[{"href":"https:\/\/wpmu-bis.sys.kth.se\/safeplaces\/wp-json\/wp\/v2\/pages\/84","targetHints":{"allow":["GET"]}}],"collection":[{"href":"https:\/\/wpmu-bis.sys.kth.se\/safeplaces\/wp-json\/wp\/v2\/pages"}],"about":[{"href":"https:\/\/wpmu-bis.sys.kth.se\/safeplaces\/wp-json\/wp\/v2\/types\/page"}],"author":[{"embeddable":true,"href":"https:\/\/wpmu-bis.sys.kth.se\/safeplaces\/wp-json\/wp\/v2\/users\/31"}],"replies":[{"embeddable":true,"href":"https:\/\/wpmu-bis.sys.kth.se\/safeplaces\/wp-json\/wp\/v2\/comments?post=84"}],"version-history":[{"count":13,"href":"https:\/\/wpmu-bis.sys.kth.se\/safeplaces\/wp-json\/wp\/v2\/pages\/84\/revisions"}],"predecessor-version":[{"id":832,"href":"https:\/\/wpmu-bis.sys.kth.se\/safeplaces\/wp-json\/wp\/v2\/pages\/84\/revisions\/832"}],"wp:attachment":[{"href":"https:\/\/wpmu-bis.sys.kth.se\/safeplaces\/wp-json\/wp\/v2\/media?parent=84"}],"curies":[{"name":"wp","href":"https:\/\/api.w.org\/{rel}","templated":true}]}}