{"id":619,"date":"2016-12-07T06:48:14","date_gmt":"2016-12-07T06:48:14","guid":{"rendered":"https:\/\/www.sakraplatser.abe.kth.se\/?page_id=619"},"modified":"2016-12-07T07:03:50","modified_gmt":"2016-12-07T07:03:50","slug":"malgrupp","status":"publish","type":"page","link":"https:\/\/wpmu-bis.sys.kth.se\/safeplaces\/sv\/malgrupp\/","title":{"rendered":"M\u00e5lgrupp"},"content":{"rendered":"<p><em><strong>S\u00e4kraplatser n\u00e4tverket<\/strong> <\/em>riktar sig fr\u00e4mst till dig som arbetar med brottsprevention och trygghetsskapande \u00e5tg\u00e4rder lokalt, dvs. trygghetsamordnare, poliser, stadsplanerare och andra praktiker.<\/p>\n<p><em><strong>S\u00e4kraplatser n\u00e4tverket<\/strong> <\/em>bidrar ocks\u00e5 till metod- och kunskapsutveckling f\u00f6r analytiker och beslutsfattare som arbetar med s\u00e4kerhets- och trygghetsfr\u00e5gor med ett situationsbaserat perspektiv.<\/p>\n<p>Du kan v\u00e4lja att endast bli medlem f\u00f6r att st\u00f6dja v\u00e5rt arbete. Det \u00e4r gratis. Medlemskapet binder inte upp dig till att utf\u00f6ra n\u00e5got aktivt om du inte sj\u00e4lv vill det.<\/p>\n<h3 style=\"text-align: center;\"><a href=\"http:\/\/www.sakraplatser.abe.kth.se\/bli-medlem\/\" target=\"_blank\">Bli Medlem h\u00e4r!<\/a><\/h3>\n","protected":false},"excerpt":{"rendered":"<p>S\u00e4kraplatser [&#8230;]<\/p>\n","protected":false},"author":31,"featured_media":0,"parent":0,"menu_order":0,"comment_status":"closed","ping_status":"closed","template":"","meta":{"_bbp_topic_count":0,"_bbp_reply_count":0,"_bbp_total_topic_count":0,"_bbp_total_reply_count":0,"_bbp_voice_count":0,"_bbp_anonymous_reply_count":0,"_bbp_topic_count_hidden":0,"_bbp_reply_count_hidden":0,"_bbp_forum_subforum_count":0,"episode_type":"","audio_file":"","podmotor_file_id":"","podmotor_episode_id":"","cover_image":"","cover_image_id":"","duration":"","filesize":"","filesize_raw":"","date_recorded":"","explicit":"","block":"","itunes_episode_number":"","itunes_title":"","itunes_season_number":"","itunes_episode_type":"","jetpack_post_was_ever_published":false,"footnotes":"","_links_to":"","_links_to_target":""},"class_list":["post-619","page","type-page","status-publish","hentry"],"jetpack_sharing_enabled":true,"jetpack_shortlink":"https:\/\/wp.me\/P840TR-9Z","post_mailing_queue_ids":[],"_links":{"self":[{"href":"https:\/\/wpmu-bis.sys.kth.se\/safeplaces\/wp-json\/wp\/v2\/pages\/619","targetHints":{"allow":["GET"]}}],"collection":[{"href":"https:\/\/wpmu-bis.sys.kth.se\/safeplaces\/wp-json\/wp\/v2\/pages"}],"about":[{"href":"https:\/\/wpmu-bis.sys.kth.se\/safeplaces\/wp-json\/wp\/v2\/types\/page"}],"author":[{"embeddable":true,"href":"https:\/\/wpmu-bis.sys.kth.se\/safeplaces\/wp-json\/wp\/v2\/users\/31"}],"replies":[{"embeddable":true,"href":"https:\/\/wpmu-bis.sys.kth.se\/safeplaces\/wp-json\/wp\/v2\/comments?post=619"}],"version-history":[{"count":3,"href":"https:\/\/wpmu-bis.sys.kth.se\/safeplaces\/wp-json\/wp\/v2\/pages\/619\/revisions"}],"predecessor-version":[{"id":623,"href":"https:\/\/wpmu-bis.sys.kth.se\/safeplaces\/wp-json\/wp\/v2\/pages\/619\/revisions\/623"}],"wp:attachment":[{"href":"https:\/\/wpmu-bis.sys.kth.se\/safeplaces\/wp-json\/wp\/v2\/media?parent=619"}],"curies":[{"name":"wp","href":"https:\/\/api.w.org\/{rel}","templated":true}]}}