{"id":6154,"date":"2021-10-01T14:31:19","date_gmt":"2021-10-01T14:31:19","guid":{"rendered":"https:\/\/www.sakraplatser.abe.kth.se\/?page_id=6154"},"modified":"2021-10-31T19:54:03","modified_gmt":"2021-10-31T19:54:03","slug":"sakraplatser-priset-2021-2","status":"publish","type":"page","link":"https:\/\/wpmu-bis.sys.kth.se\/safeplaces\/sakraplatser-priset-2021-2\/","title":{"rendered":"S\u00e4kraplatser Prize 2021"},"content":{"rendered":"<p style=\"text-align: center\">Priset delas ut den <strong>29:e oktober<\/strong> <strong>14.00-15.00<\/strong> i Sal F3, Lindstedtsv\u00e4gen 26, KTH<\/p>\n<p style=\"text-align: center\">or<\/p>\n<p style=\"text-align: center\"><strong>Live-stream via <a href=\"https:\/\/play.kth.se\/media\/t\/0_mbkr2jhi\">KTHplay<\/a><\/strong><\/p>\n<p><strong><a href=\"https:\/\/bit.ly\/SP_Prize_IdaJohansson\">VIDEO of the Ceremony<\/a><\/strong><\/p>\n<p><a href=\"\/wp-content\/uploads\/sites\/13\/2021\/10\/Prizedelivery2021_29oktober2021.pdf\"><strong>SLIDES<\/strong> of the ceremony<\/a><\/p>\n<p><a href=\"\/wp-content\/uploads\/sites\/13\/2021\/10\/video_safe-places_victoria-loureiro.mp4\"><strong>Video Presentation<\/strong> of Vict\u00f3ria Loureiro Cardoso<\/a><\/p>\n<p>&nbsp;<\/p>\n<style type=\"text\/css\">.easingslider-6251 { max-width: 640px; }.easingslider-6251 .easingslider-image { max-height: 400px; max-width: 640px; }.easingslider-6251 .easingslider-fade-in, .easingslider-fade-out { -webkit-animation-duration: 400ms; -moz-animation-duration: 400ms; animation-duration: 400ms; }<\/style><script type=\"text\/javascript\">window.EasingSlider6251 = {\"width\":640,\"height\":400,\"singleItem\":true,\"items\":1,\"itemsDesktop\":false,\"itemsDesktopSmall\":false,\"itemsTablet\":false,\"itemsTabletSmall\":false,\"itemsMobile\":false,\"responsive\":true,\"lazyLoad\":true,\"autoPlay\":4000,\"slideSpeed\":400,\"navigation\":true,\"navigationText\":[\"\",\"\"],\"pagination\":true,\"autoHeight\":false,\"mouseDrag\":false,\"touchDrag\":false,\"addClassActive\":true,\"transitionStyle\":\"fade\"};<\/script><div data-id=\"6251\" class=\"easingslider easingslider-6251 easingslider-container easingslider-resizing-enabled easingslider-aspect-ratio easingslider-arrows-inside easingslider-pagination-inside easingslider-pagination-bottom-center\"><div class=\"easingslider-slide\"><img decoding=\"async\" src=\"\/wp-content\/plugins\/easing-slider\/assets\/images\/placeholder-pixel.png\" data-src=\"\/wp-content\/uploads\/sites\/13\/2021\/10\/IMG_3556-640x400.jpg\" alt=\"\" title=\"\" class=\"easingslider-image easingslider-lazy\" \/><\/div><div class=\"easingslider-slide\"><img decoding=\"async\" src=\"\/wp-content\/plugins\/easing-slider\/assets\/images\/placeholder-pixel.png\" data-src=\"\/wp-content\/uploads\/sites\/13\/2021\/10\/20211029_150131-640x400.jpg\" alt=\"\" title=\"\" class=\"easingslider-image easingslider-lazy\" \/><\/div><div class=\"easingslider-slide\"><img decoding=\"async\" src=\"\/wp-content\/plugins\/easing-slider\/assets\/images\/placeholder-pixel.png\" data-src=\"\/wp-content\/uploads\/sites\/13\/2021\/10\/IMG_3549-640x400.jpg\" alt=\"\" title=\"\" class=\"easingslider-image easingslider-lazy\" \/><\/div><\/div>\n<p>&nbsp;<\/p>\n<p style=\"text-align: justify\">Vi \u00e4r glada att informera att vinnarna av 2021 \u00e5rs S\u00e4kraplatsers pris \u00e4r:<\/p>\n<p style=\"text-align: justify\"><strong>1st. pris- \u00a0\u00a0\u00a0\u00a0\u00a0\u00a0\u00a0\u00a0\u00a0\u00a0\u00a0 <\/strong><strong>Hajna Finta <\/strong>&amp;<strong> Kajsa Jonsson \u00a0\u00a0<\/strong>och \u00a0\u00a0<strong>Emil Holmlund <\/strong><\/p>\n<p style=\"text-align: justify\"><em>2nd. pris \u00a0\u00a0\u00a0\u00a0\u00a0\u00a0\u00a0\u00a0\u00a0\u00a0\u00a0\u00a0 Vict\u00f3ria Loureiro Cardoso (certifikat)<\/em><\/p>\n<p>&nbsp;<\/p>\n<p style=\"text-align: justify\">Motivering till priset<\/p>\n<p><img loading=\"lazy\" decoding=\"async\" class=\"alignnone wp-image-6196 \" src=\"\/wp-content\/uploads\/sites\/13\/2021\/10\/Bild-Att-vara-ute-1024x676.jpg\" alt=\"\" width=\"248\" height=\"164\" srcset=\"\/wp-content\/uploads\/sites\/13\/2021\/10\/Bild-Att-vara-ute-1024x676.jpg 1024w, \/wp-content\/uploads\/sites\/13\/2021\/10\/Bild-Att-vara-ute-300x198.jpg 300w, \/wp-content\/uploads\/sites\/13\/2021\/10\/Bild-Att-vara-ute-768x507.jpg 768w, \/wp-content\/uploads\/sites\/13\/2021\/10\/Bild-Att-vara-ute.jpg 1200w\" sizes=\"auto, (max-width: 248px) 100vw, 248px\" \/><\/p>\n<p style=\"text-align: justify\"><a href=\"http:\/\/www.diva-portal.org\/smash\/record.jsf?dswid=-5460&amp;pid=diva2%3A1580837&amp;c=1&amp;searchType=SIMPLE&amp;language=en&amp;query=Att+vara+ute.+En+explorativ+studie+av+HBTQ%2Bnattlivets+roller+och+f%C3%B6ruts%C3%A4ttningar+i+2010-talets+Stockholm&amp;af=%5B%5D&amp;aq=%5B%5B%5D%5D&amp;aq2=%5B%5B%5D%5D&amp;aqe=%5B%5D&amp;noOfRows=50&amp;sortOrder=author_sort_asc&amp;sortOrder2=title_sort_asc&amp;onlyFullText=false&amp;sf=all\"><strong>Att vara ute. En explorativ studie av HBTQ+nattlivets roller och f\u00f6ruts\u00e4ttningar i 2010-talets Stockholm <\/strong><\/a>av Hajna Finta and Kajsa Jonsson, KTH<\/p>\n<p style=\"text-align: justify\"><em>\u2019<\/em><em>Utifr\u00e5n ett normkritiskt perspektiv och med st\u00f6d av gedigna kunskaper, stort engagemang och en omfattande empiri bidrar studien med en m\u00e5ngdimensionell geografisk analys som visar att m\u00e5ngfalden och tryggheten som staden erbjuder sakta utarmas s\u00e5 att villkoren f\u00f6r att vara ute p\u00e5verkas av vem man \u00e4r. D\u00e4rf\u00f6r anser juryn att Hajna Finta and Kajsa Jonsson f\u00f6rtj\u00e4nar att vinna S\u00e4kraplatsers pris till minne av Ida Johansson \u00e5r 2021 f\u00f6r studien \u2019Att vara ute. En explorativ studie av HBTQ+nattlivets roller och f\u00f6ruts\u00e4ttningar i 2010-talets Stockholm\u2019<\/em><\/p>\n<p>&nbsp;<\/p>\n<p><img loading=\"lazy\" decoding=\"async\" class=\"alignnone wp-image-6149 \" src=\"\/wp-content\/uploads\/sites\/13\/2021\/10\/Emil-Holmlund.jpeg\" alt=\"\" width=\"251\" height=\"170\" srcset=\"\/wp-content\/uploads\/sites\/13\/2021\/10\/Emil-Holmlund.jpeg 320w, \/wp-content\/uploads\/sites\/13\/2021\/10\/Emil-Holmlund-300x203.jpeg 300w\" sizes=\"auto, (max-width: 251px) 100vw, 251px\" \/><\/p>\n<p style=\"text-align: justify\"><a href=\"http:\/\/www.diva-portal.org\/smash\/record.jsf?dswid=-5460&amp;pid=diva2%3A1474175&amp;c=1&amp;searchType=SIMPLE&amp;language=en&amp;query=Ready+or+not%3F+Swedish+municipalities+and+developers%E2%80%99+readiness+for+planning+a+safe+and+secure+public+environment&amp;af=%5B%5D&amp;aq=%5B%5B%5D%5D&amp;aq2=%5B%5B%5D%5D&amp;aqe=%5B%5D&amp;noOfRows=50&amp;sortOrder=author_sort_asc&amp;sortOrder2=title_sort_asc&amp;onlyFullText=false&amp;sf=all\"><strong>Ready or not? Swedish municipalities and developers\u2019 readiness for planning a safe and secure public environment<\/strong><\/a> av Emil Holmlund, KTH<\/p>\n<p style=\"text-align: justify\"><em>\u2019Holmlunds examensarbete fokuserar p\u00e5 Community Rediness i relation till CPTED. Han har utg\u00e5tt fr\u00e5n ett gediget datamaterial med kommuner som bas, vilket i analysen kompletteras med kvalitativ intervjudata fr\u00e5n ett antal st\u00f6rre privata akt\u00f6rer. Den statistiska analysen visar p\u00e5 flera intressanta (och ibland ov\u00e4ntade) resultat, vilka Holmlund resonerar t\u00e4nkv\u00e4rt kring. Examensarbetet st\u00e4rker vikten av att arbeta med readiness bland intressenterna innan st\u00f6rre f\u00f6r\u00e4ndringsarbete p\u00e5b\u00f6rjas \u2013 oavsett om det g\u00e4ller arbetss\u00e4tt, planeringsprocesser eller verksamhetsfokus. D\u00e4rut\u00f6ver anser jag att examensarbetet \u00e4r s\u00e5v\u00e4l v\u00e4lstrukturerat som v\u00e4lformulerat. Texten \u00e4r l\u00e4ttl\u00e4st och inneh\u00e5llet presenteras logiskt och koncist. Ett sant n\u00f6je att l\u00e4sa!\u2019<\/em><\/p>\n<p style=\"text-align: justify\"><em><img loading=\"lazy\" decoding=\"async\" class=\"alignnone wp-image-6148\" src=\"\/wp-content\/uploads\/sites\/13\/2021\/10\/picture_victoria-loureiro_300921-296x300.jpeg\" alt=\"\" width=\"190\" height=\"193\" srcset=\"\/wp-content\/uploads\/sites\/13\/2021\/10\/picture_victoria-loureiro_300921-296x300.jpeg 296w, \/wp-content\/uploads\/sites\/13\/2021\/10\/picture_victoria-loureiro_300921-1009x1024.jpeg 1009w, \/wp-content\/uploads\/sites\/13\/2021\/10\/picture_victoria-loureiro_300921-768x780.jpeg 768w, \/wp-content\/uploads\/sites\/13\/2021\/10\/picture_victoria-loureiro_300921-90x90.jpeg 90w, \/wp-content\/uploads\/sites\/13\/2021\/10\/picture_victoria-loureiro_300921-75x75.jpeg 75w, \/wp-content\/uploads\/sites\/13\/2021\/10\/picture_victoria-loureiro_300921-50x50.jpeg 50w, \/wp-content\/uploads\/sites\/13\/2021\/10\/picture_victoria-loureiro_300921.jpeg 1182w\" sizes=\"auto, (max-width: 190px) 100vw, 190px\" \/>\u00a0<\/em><\/p>\n<p style=\"text-align: justify\"><a href=\"http:\/\/www.diva-portal.org\/smash\/record.jsf?dswid=-5460&amp;pid=diva2%3A1572803&amp;c=4&amp;searchType=SIMPLE&amp;language=en&amp;query=Light%2C+visibility+and+perceived+safety&amp;af=%5B%5D&amp;aq=%5B%5B%5D%5D&amp;aq2=%5B%5B%5D%5D&amp;aqe=%5B%5D&amp;noOfRows=50&amp;sortOrder=author_sort_asc&amp;sortOrder2=title_sort_asc&amp;onlyFullText=false&amp;sf=all\"><strong>Light, visibility and perceived safety<\/strong><\/a> av Vict\u00f3ria Loureiro Cardoso, KTH<\/p>\n<p style=\"text-align: justify\"><em>\u2019Uppsatsen har ett tydligt fokus p\u00e5 den byggda milj\u00f6n och kvinnors upplevelse av trygghet. Utifr\u00e5n resultatet, att belysningens utformning spelar roll f\u00f6r kvinnors upplevelse av det offentliga rummet, h\u00e4r i form av bussh\u00e5llplatser, lyfter f\u00f6rfattaren fram vikten av att skapa urbana milj\u00f6er med h\u00e4nsyn tagen till olika gruppers upplevelser av milj\u00f6n. Genom att uppm\u00e4rksamma betydelsen av belysning f\u00f6r kvinnors upplevelser av vardagsaktiviteter kan Loureiro Cardosos uppsats bidra till att k\u00f6n i st\u00f6rre utstr\u00e4ckning tas h\u00e4nsyn till i utformandet av platser. F\u00f6rfattaren visar prov p\u00e5 att kunna hantera olika metodologiska ansatser. Resultaten bygger p\u00e5 en fallstudie av bussh\u00e5llplatser som analyseras utifr\u00e5n belysningen, en enk\u00e4tstudie och intervjuer med personer som befinner sig p\u00e5 platsen, men resultaten kan appliceras p\u00e5 liknande platser generellt och \u00e4r inte endast giltiga f\u00f6r den aktuella platsen. P\u00e5 s\u00e5 vis kan resultaten anv\u00e4ndas n\u00e4r nya platser ska planeras, utformas och anv\u00e4ndas f\u00f6r att p\u00e5 b\u00e4sta s\u00e4tt m\u00f6jligg\u00f6ra j\u00e4mst\u00e4llt anv\u00e4ndande av offentliga platser\u2019<\/em><\/p>\n<p style=\"text-align: justify\"><img loading=\"lazy\" decoding=\"async\" class=\"alignnone wp-image-6150 size-full\" src=\"\/wp-content\/uploads\/sites\/13\/2021\/10\/Sakraplatserpris_2021.jpg\" alt=\"\" width=\"1200\" height=\"675\" srcset=\"\/wp-content\/uploads\/sites\/13\/2021\/10\/Sakraplatserpris_2021.jpg 1200w, \/wp-content\/uploads\/sites\/13\/2021\/10\/Sakraplatserpris_2021-300x169.jpg 300w, \/wp-content\/uploads\/sites\/13\/2021\/10\/Sakraplatserpris_2021-1024x576.jpg 1024w, \/wp-content\/uploads\/sites\/13\/2021\/10\/Sakraplatserpris_2021-768x432.jpg 768w\" sizes=\"auto, (max-width: 1200px) 100vw, 1200px\" \/><\/p>\n<p style=\"text-align: justify\">H\u00e4lsningar<\/p>\n<p style=\"text-align: justify\">Vania Ceccato<\/p>\n<p style=\"text-align: justify\"><em>Samordnare f\u00f6r S\u00e4kraplatser n\u00e4tverket<\/em><\/p>\n","protected":false},"excerpt":{"rendered":"<p>Priset [&#8230;]<\/p>\n","protected":false},"author":201,"featured_media":0,"parent":0,"menu_order":0,"comment_status":"closed","ping_status":"closed","template":"","meta":{"_bbp_topic_count":0,"_bbp_reply_count":0,"_bbp_total_topic_count":0,"_bbp_total_reply_count":0,"_bbp_voice_count":0,"_bbp_anonymous_reply_count":0,"_bbp_topic_count_hidden":0,"_bbp_reply_count_hidden":0,"_bbp_forum_subforum_count":0,"episode_type":"","audio_file":"","podmotor_file_id":"","podmotor_episode_id":"","cover_image":"","cover_image_id":"","duration":"","filesize":"","filesize_raw":"","date_recorded":"","explicit":"","block":"","itunes_episode_number":"","itunes_title":"","itunes_season_number":"","itunes_episode_type":"","jetpack_post_was_ever_published":false,"footnotes":"","_links_to":"","_links_to_target":""},"class_list":["post-6154","page","type-page","status-publish","hentry"],"jetpack_sharing_enabled":true,"jetpack_shortlink":"https:\/\/wp.me\/P840TR-1Bg","post_mailing_queue_ids":[],"_links":{"self":[{"href":"https:\/\/wpmu-bis.sys.kth.se\/safeplaces\/wp-json\/wp\/v2\/pages\/6154","targetHints":{"allow":["GET"]}}],"collection":[{"href":"https:\/\/wpmu-bis.sys.kth.se\/safeplaces\/wp-json\/wp\/v2\/pages"}],"about":[{"href":"https:\/\/wpmu-bis.sys.kth.se\/safeplaces\/wp-json\/wp\/v2\/types\/page"}],"author":[{"embeddable":true,"href":"https:\/\/wpmu-bis.sys.kth.se\/safeplaces\/wp-json\/wp\/v2\/users\/201"}],"replies":[{"embeddable":true,"href":"https:\/\/wpmu-bis.sys.kth.se\/safeplaces\/wp-json\/wp\/v2\/comments?post=6154"}],"version-history":[{"count":6,"href":"https:\/\/wpmu-bis.sys.kth.se\/safeplaces\/wp-json\/wp\/v2\/pages\/6154\/revisions"}],"predecessor-version":[{"id":6256,"href":"https:\/\/wpmu-bis.sys.kth.se\/safeplaces\/wp-json\/wp\/v2\/pages\/6154\/revisions\/6256"}],"wp:attachment":[{"href":"https:\/\/wpmu-bis.sys.kth.se\/safeplaces\/wp-json\/wp\/v2\/media?parent=6154"}],"curies":[{"name":"wp","href":"https:\/\/api.w.org\/{rel}","templated":true}]}}