{"id":4597,"date":"2020-06-19T21:16:06","date_gmt":"2020-06-19T21:16:06","guid":{"rendered":"https:\/\/www.sakraplatser.abe.kth.se\/?page_id=4597"},"modified":"2020-06-19T21:16:06","modified_gmt":"2020-06-19T21:16:06","slug":"activities-reports","status":"publish","type":"page","link":"https:\/\/wpmu-bis.sys.kth.se\/safeplaces\/activities-reports\/","title":{"rendered":"Activities Reports"},"content":{"rendered":"<h5 style=\"text-align: justify\"><b>Situational Crime Prevention &amp; CPTED<\/b><\/h5>\n<p style=\"text-align: justify\"><a href=\"https:\/\/www.sakraplatser.abe.kth.se\/wp-content\/uploads\/sites\/13\/2018\/04\/SA%CC%88KRAPLATSER-WS3_20180430.pdf\"><span style=\"font-weight: 400\">Sammanfattning av Workshop 3<\/span><\/a><\/p>\n<p style=\"text-align: justify\"><a href=\"https:\/\/www.sakraplatser.abe.kth.se\/wp-content\/uploads\/sites\/13\/2017\/12\/SAcc88KRA20PLATSER20ANDRA20WORK_17_12_2.pdf\"><span style=\"font-weight: 400\">Sammanfattning av Workshop 2<\/span><\/a><\/p>\n<p style=\"text-align: justify\"><a href=\"https:\/\/static.sys.kth.se\/abe\/safeplaces\/workshop1\/SAKRAPLATSER_WS1.pdf\"><span style=\"font-weight: 400\">Sammanfattning av Workshop 1<\/span><\/a><\/p>\n<p style=\"text-align: justify\"><a href=\"https:\/\/static.sys.kth.se\/abe\/safeplaces\/kick-off\/Sakraplatser-sammanfattning-kick-off.pdf\"><span style=\"font-weight: 400\">Sammanfattning av Kick-off dagen<\/span><\/a><\/p>\n<p style=\"text-align: justify\">\n<h5 style=\"text-align: justify\"><b>Transit Safety<\/b><\/h5>\n<p style=\"text-align: justify\"><a href=\"https:\/\/www.sakraplatser.abe.kth.se\/wp-content\/uploads\/sites\/13\/2019\/10\/Trygghetpavag-booklet_13ok.pdf\"><span style=\"font-weight: 400\">Trygghet p\u00e5 v\u00e4g: Ett Seminarium om hela resans perspektiv p\u00e5 mobilitet<\/span><\/a><\/p>\n<p style=\"text-align: justify\"><a href=\"https:\/\/www.sakraplatser.abe.kth.se\/wp-content\/uploads\/sites\/13\/2019\/10\/Trygghetpavag-booklet_13ok.pdf\"><span style=\"font-weight: 400\">Sammanfattning av Trygghet p\u00e5 v\u00e4g\u00a0<\/span><\/a><\/p>\n<p style=\"text-align: justify\"><a href=\"https:\/\/static.sys.kth.se\/abe\/safeplaces\/Eyes-on-the-street-seminar\/SAKRAPLATSER-BOOKLET.pdf\"><span style=\"font-weight: 400\">Summary from the Seminar \u201cEyes &amp; Apps on the Streets\u201d<\/span><\/a><\/p>\n<p style=\"text-align: justify\">\n<h5 style=\"text-align: justify\"><b>Urban safety<\/b><\/h5>\n<p style=\"text-align: justify\"><a href=\"https:\/\/www.kth.se\/files\/view\/vace\/5dc3a43c38ca1004b7abb8e1\/trygg-stadsmiljoe-i-praktiken_v.pdf\"><span style=\"font-weight: 400\">Trygg stadsmilj\u00f6 i praktiken: Visioner, exempel &amp; tips (2019) \u2013 Rapport 2<\/span><\/a><\/p>\n<p style=\"text-align: justify\"><a href=\"https:\/\/www.boverket.se\/globalassets\/publikationer\/dokument\/2019\/trygg-stadsmiljo.pdf\"><span style=\"font-weight: 400\">Trygg stadsmilj\u00f6 Teori och praktik (2019) \u2013 Rapport 1<\/span><\/a><\/p>\n<p style=\"text-align: justify\"><a href=\"https:\/\/www.sakraplatser.abe.kth.se\/wp-content\/uploads\/sites\/13\/2018\/12\/Conference_Booklet_crimefear.pdf\"><span style=\"font-weight: 400\">Summary from the conference Crime and Fear in Public Places<\/span><\/a><\/p>\n<p style=\"text-align: justify\"><a href=\"https:\/\/static.sys.kth.se\/abe\/safeplaces\/Courses-final-reports\/SAFETY_IN_THE_MAKING_2017_FinalreportsF.pdf\"><span style=\"font-weight: 400\">Safety in the Making: Student\u2019s Final Project Reports<\/span><\/a><\/p>\n<p style=\"text-align: justify\">\n<h5 style=\"text-align: justify\"><b>Other activities before 2017<\/b><\/h5>\n<p style=\"text-align: justify\"><a href=\"https:\/\/www.kth.se\/som\/avdelningar\/urbana-studier\/seminarier\/tidigare-seminarier\/retail-crime-international-evidence-and-prevention-15th-september-2016-1.650028\"><span style=\"font-weight: 400\">Retail crime: International evidence and prevention<\/span><\/a><span style=\"font-weight: 400\"> (2016) <\/span><a href=\"https:\/\/www.kth.se\/files\/view\/vace\/5dc3a43c38ca1004b7abb8e1\/trygg-stadsmiljoe-i-praktiken_v.pdf\"><span style=\"font-weight: 400\">\u2013<\/span><\/a> <a href=\"https:\/\/www.kth.se\/polopoly_fs\/1.670199.1550155816!\/ABSTRACTS_photos.pdf\"><span style=\"font-weight: 400\">Abstracts<\/span><\/a><span style=\"font-weight: 400\">, <\/span><a href=\"https:\/\/www.kth.se\/polopoly_fs\/1.677291.1550157687!\/SLIDES%20from%20SEMINAR-PART%201.pdf\"><span style=\"font-weight: 400\">Slides PART I<\/span><\/a><span style=\"font-weight: 400\">, <\/span><a href=\"https:\/\/www.kth.se\/polopoly_fs\/1.677292.1550154611!\/SLIDES%20from%20SEMINAR-PART%202.pdf\"><span style=\"font-weight: 400\">Slides PART II<\/span><\/a><span style=\"font-weight: 400\">, <\/span><a href=\"https:\/\/www.kth.se\/polopoly_fs\/1.677293.1550157613!\/SLIDES%20from%20SEMINAR-PART%203.pdf\"><span style=\"font-weight: 400\">Slides PART III<\/span><\/a><\/p>\n<p style=\"text-align: justify\"><a href=\"https:\/\/www.kth.se\/profile\/vace\/page\/finance-harm-and-white-collar-crime-an\"><span style=\"font-weight: 400\">Finance, harm and white collar crime<\/span><\/a><span style=\"font-weight: 400\"> (2015) <\/span><a href=\"https:\/\/www.kth.se\/files\/view\/vace\/5dc3a43c38ca1004b7abb8e1\/trygg-stadsmiljoe-i-praktiken_v.pdf\"><span style=\"font-weight: 400\">\u2013<\/span><\/a><span style=\"font-weight: 400\"> Special issue i <\/span><a href=\"http:\/\/link.springer.com\/article\/10.1007\/s10611-016-9617-7\"><i><span style=\"font-weight: 400\">Crime, Law and Social Change<\/span><\/i><\/a><span style=\"font-weight: 400\"> (2016), 66 (2), <a href=\"https:\/\/static.sys.kth.se\/abe\/safeplaces\/Financial_crime\/Slides_financial_crime.zip\">S<\/a><\/span><span style=\"font-weight: 400\">lides<\/span><\/p>\n<p style=\"text-align: justify\"><a href=\"https:\/\/www.kth.se\/en\/sci\/2.836\/forskning\/sem\/archive\/rural-crime-and-comm\"><span style=\"font-weight: 400\">Rural crime and community safety<\/span><\/a><span style=\"font-weight: 400\"> (2014) <\/span><a href=\"https:\/\/www.kth.se\/files\/view\/vace\/5dc3a43c38ca1004b7abb8e1\/trygg-stadsmiljoe-i-praktiken_v.pdf\"><span style=\"font-weight: 400\">\u2013<\/span><\/a><span style=\"font-weight: 400\"> Special issue i <\/span><a href=\"http:\/\/www.sciencedirect.com\/science\/article\/pii\/S0743016715000443\"><i><span style=\"font-weight: 400\">Journal of Rural Studies <\/span><\/i><\/a><span style=\"font-weight: 400\">(2015),39<\/span><\/p>\n<p style=\"text-align: justify\"><a href=\"https:\/\/www.kth.se\/en\/sci\/2.836\/forskning\/sem\/archive\/safety-in-transit\"><span style=\"font-weight: 400\">Safety in Transit Environments<\/span><\/a><span style=\"font-weight: 400\"> (2013) <\/span><a href=\"https:\/\/www.kth.se\/files\/view\/vace\/5dc3a43c38ca1004b7abb8e1\/trygg-stadsmiljoe-i-praktiken_v.pdf\"><span style=\"font-weight: 400\">\u2013<\/span><\/a> <span style=\"font-weight: 400\">\u00a0<\/span><a href=\"http:\/\/www.palgrave.com\/br\/book\/9781137457646\"><span style=\"font-weight: 400\">Book,\u00a0 <\/span><i><span style=\"font-weight: 400\">Safety and Security in Transit Environments<\/span><\/i><\/a><span style=\"font-weight: 400\"> (2015)<\/span><\/p>\n<p style=\"text-align: justify\"><a href=\"http:\/\/www.kth.se\/abe\/konferenser\/secmatters\/security-matters-1.53690\"><span style=\"font-weight: 400\">Security Matters!<\/span><\/a><span style=\"font-weight: 400\"> (2010) <\/span><a href=\"https:\/\/www.kth.se\/files\/view\/vace\/5dc3a43c38ca1004b7abb8e1\/trygg-stadsmiljoe-i-praktiken_v.pdf\"><span style=\"font-weight: 400\">\u2013<\/span><\/a> <a href=\"http:\/\/www.springer.com\/gp\/book\/9789400742093\"><span style=\"font-weight: 400\">Book, <\/span><i><span style=\"font-weight: 400\">The Urban Fabric of Crime and Fear<\/span><\/i><\/a><span style=\"font-weight: 400\"> (2012), S<\/span><a href=\"http:\/\/www.kth.se\/abe\/konferenser\/secmatters\/lectures-1.61696\"><span style=\"font-weight: 400\">lides<\/span><\/a><\/p>\n<p style=\"text-align: justify\">\n<p style=\"text-align: justify\">\n","protected":false},"excerpt":{"rendered":"<p>Situational [&#8230;]<\/p>\n","protected":false},"author":201,"featured_media":0,"parent":0,"menu_order":0,"comment_status":"closed","ping_status":"closed","template":"","meta":{"_bbp_topic_count":0,"_bbp_reply_count":0,"_bbp_total_topic_count":0,"_bbp_total_reply_count":0,"_bbp_voice_count":0,"_bbp_anonymous_reply_count":0,"_bbp_topic_count_hidden":0,"_bbp_reply_count_hidden":0,"_bbp_forum_subforum_count":0,"episode_type":"","audio_file":"","podmotor_file_id":"","podmotor_episode_id":"","cover_image":"","cover_image_id":"","duration":"","filesize":"","filesize_raw":"","date_recorded":"","explicit":"","block":"","itunes_episode_number":"","itunes_title":"","itunes_season_number":"","itunes_episode_type":"","jetpack_post_was_ever_published":false,"footnotes":"","_links_to":"","_links_to_target":""},"class_list":["post-4597","page","type-page","status-publish","hentry"],"jetpack_sharing_enabled":true,"jetpack_shortlink":"https:\/\/wp.me\/P840TR-1c9","post_mailing_queue_ids":[],"_links":{"self":[{"href":"https:\/\/wpmu-bis.sys.kth.se\/safeplaces\/wp-json\/wp\/v2\/pages\/4597","targetHints":{"allow":["GET"]}}],"collection":[{"href":"https:\/\/wpmu-bis.sys.kth.se\/safeplaces\/wp-json\/wp\/v2\/pages"}],"about":[{"href":"https:\/\/wpmu-bis.sys.kth.se\/safeplaces\/wp-json\/wp\/v2\/types\/page"}],"author":[{"embeddable":true,"href":"https:\/\/wpmu-bis.sys.kth.se\/safeplaces\/wp-json\/wp\/v2\/users\/201"}],"replies":[{"embeddable":true,"href":"https:\/\/wpmu-bis.sys.kth.se\/safeplaces\/wp-json\/wp\/v2\/comments?post=4597"}],"version-history":[{"count":1,"href":"https:\/\/wpmu-bis.sys.kth.se\/safeplaces\/wp-json\/wp\/v2\/pages\/4597\/revisions"}],"predecessor-version":[{"id":4600,"href":"https:\/\/wpmu-bis.sys.kth.se\/safeplaces\/wp-json\/wp\/v2\/pages\/4597\/revisions\/4600"}],"wp:attachment":[{"href":"https:\/\/wpmu-bis.sys.kth.se\/safeplaces\/wp-json\/wp\/v2\/media?parent=4597"}],"curies":[{"name":"wp","href":"https:\/\/api.w.org\/{rel}","templated":true}]}}