{"id":446,"date":"2016-12-05T15:33:40","date_gmt":"2016-12-05T15:33:40","guid":{"rendered":"https:\/\/wpmu-bis.sys.kth.se\/safeplaces\/?page_id=446"},"modified":"2021-12-19T18:28:39","modified_gmt":"2021-12-19T18:28:39","slug":"kurser-seminarier","status":"publish","type":"page","link":"https:\/\/wpmu-bis.sys.kth.se\/safeplaces\/sv\/kurser-seminarier\/","title":{"rendered":"Kurser"},"content":{"rendered":"<hr \/>\n<p class=\"x_MsoNormal\"><b>Kurs \u201dS\u00e4kerhet och trygghet i praktiken\u201d i 2021<\/b><\/p>\n<p class=\"x_MsoNormal\" style=\"text-align: justify\"><img loading=\"lazy\" decoding=\"async\" class=\"size-medium wp-image-5523 alignleft\" src=\"\/wp-content\/uploads\/sites\/13\/2020\/12\/untitled-300x212.jpg\" alt=\"\" width=\"300\" height=\"212\" srcset=\"\/wp-content\/uploads\/sites\/13\/2020\/12\/untitled-300x212.jpg 300w, \/wp-content\/uploads\/sites\/13\/2020\/12\/untitled-1024x724.jpg 1024w, \/wp-content\/uploads\/sites\/13\/2020\/12\/untitled-768x543.jpg 768w, \/wp-content\/uploads\/sites\/13\/2020\/12\/untitled.jpg 1200w\" sizes=\"auto, (max-width: 300px) 100vw, 300px\" \/>H\u00f6stens upplaga av kursen S\u00e4kerhet och trygghet i praktiken h\u00f6lls 100% p\u00e5 distans p\u00e5 grund av Covid-19, och inneh\u00f6ll \u00e4ven en mindre omfattande upplaga om 2,5 hp f\u00f6r praktiker. Totalt slutf\u00f6rde 13 studenter kursen, varav 3 genomf\u00f6rde den nya, kortare varianten. Kursen bestod av 7 delar som riktade in sig p\u00e5 olika forskningsomr\u00e5den inom.\u00a0<a href=\"https:\/\/wp.me\/p840TR-1r4\"><u>L\u00e4s h\u00e4r om kursen<\/u><\/a>\u00a0enligt studenterna och Jacob Hassler som var kursassistent.\u00a0<span lang=\"EN-US\">The final projects can be downloaded\u00a0<\/span><u><span lang=\"EN-US\"><a href=\"https:\/\/kth-my.sharepoint.com\/:b:\/g\/personal\/jahass_ug_kth_se\/ESdtjEHaCpxPgV4uinxx8kMBO2BbwQ1Jk85B6ZeyHOrxyg?e=3iTqde\">here<\/a>.<\/span><\/u><span lang=\"EN-US\">\u00a0<\/span><\/p>\n<p>&#8212;<\/p>\n<p><strong>KTH kurs &#8220;S\u00e4kerhet och Trygghet i Praktiken<\/strong><strong>&#8221; <\/strong>(AG1168) 7.5 hp, p\u00e5 KTH.<\/p>\n<p>Kursen\u00a0 behandlar hur man kan \u00e5stadkomma trygga milj\u00f6er.<\/p>\n<p style=\"text-align: left\"><a href=\"https:\/\/www.kth.se\/student\/kurser\/kurs\/AG1168\">KTHs Kurswebsidan<\/a><\/p>\n<p style=\"text-align: justify\">Kursen behandlar s\u00e4kerhet och trygghet ur ett interdisciplin\u00e4rt perspektiv med fokus p\u00e5 boende och stadsmilj\u00f6. I kursen kopplas teori till praktik med hj\u00e4lp av fallstudier och f\u00f6rel\u00e4sare fr\u00e5n praktik och akademi. Kursen riktar sig till studenter inom samh\u00e4llsplanering, kriminologi och (landskaps-) arkitektur samt till praktiker inom kommuner, brottsf\u00f6rebyggande organisationer och polisen.<\/p>\n<p>Sent anm\u00e4lan via\u00a0<a href=\"https:\/\/www.antagning.se\/se\/search?period=12&amp;freeText=S%C3%A4kerhet+och+trygghet+i+praktiken\" target=\"_blank\" rel=\"noopener\">antagning.se<\/a><\/p>\n<p style=\"text-align: justify\">En trygg milj\u00f6 m\u00f6jligg\u00f6r tillfredsst\u00e4llandet av de mest fundamentala\u00a0individuella behoven \u2013 en trygg bostad och en trygg stadsmilj\u00f6 som till\u00e5ter fri r\u00f6relse. Risken att bli ett brottsoffer \u00e4r ett hot mot just dessa fundamentala r\u00e4ttigheter. Om du blir ett brottsoffer beror bland annat p\u00e5 vem du \u00e4r, var du \u00e4r och n\u00e4r du \u00e4r d\u00e4r. I denna kurs tittar vi p\u00e5 de s\u00e4tt som individers \u00e5lder, k\u00f6n, etnisk bakgrund och identitet samverkar med varandra f\u00f6r att skapa barri\u00e4rer och hinder mot trygghet. Liksom vissa individer och grupper i samh\u00e4llet \u00e4r mer s\u00e5rbara\u00a0f\u00f6r brott \u00e4n andra, \u00e4r best\u00e4mda platser st\u00f6rre brottsm\u00e5ltavlor \u00e4n\u00a0andra delar\u00a0av staden. Specifika fysiska och sociala milj\u00f6egenskaper identifieras och studeras f\u00f6r dessa platser i f\u00f6rh\u00e5llande till brottsh\u00e4ndelser. V\u00e5rt syns\u00e4tt \u00e4r att milj\u00f6n inte \u00e4r det som leder till brott utan snarare ett villkor som ibland uppmuntrar brottsm\u00f6nster och ibland minskar f\u00f6rekomsten av brott. Om vi f\u00f6rst\u00e5r dessa villkor b\u00e4ttre, kan vi \u00f6ka chanserna att p\u00e5 ett mer lyckat s\u00e4tt arbeta med utmanande offentliga milj\u00f6er. Vi granskar kritiskt mer \u00e4n tre decenniers teorier om brott och milj\u00f6er f\u00f6r att bygga upp kunskap vilket leder till mer medvetna handlingar vid planering f\u00f6r s\u00e4kra milj\u00f6er.<\/p>\n<p style=\"text-align: justify\">Kursen best\u00e5r av \u00e5tta tillf\u00e4llen, fyra \u2019face-to-face\u2019 m\u00f6ten och fyra online-m\u00f6ten. Det \u00e4r en \u2019blended learning course\u2019 p\u00e5 tre olika s\u00e4tt. F\u00f6r det f\u00f6rsta kombinerar kursen online digital media med det traditionella s\u00e5 kallade Face-to-Face-kontakten samt f\u00e4ltarbetsmetoden. F\u00f6r det andra anv\u00e4nds b\u00e5de engelsk och svensk litteratur. Slutligen \u00e4r kursen baserad p\u00e5 b\u00e5de akademisk och praktisk kunskap.<\/p>\n<p>&nbsp;<\/p>\n<p><strong>Anm\u00e4l<\/strong> dig senast den\u00a0<strong>15 july 2021<\/strong>\u00a0via\u00a0<a href=\"https:\/\/www.antagning.se\/\" target=\"_blank\" rel=\"noopener noreferrer\">antagning.se<\/a>.<\/p>\n<p>Kontakta\u00a0<u><a href=\"mailto:info@sakraplatser.abe.kth.se\" data-cke-saved-href=\"mailto:info@sakraplatser.abe.kth.se\">info@sakraplatser.abe.kth.se<\/a><\/u>\u00a0f\u00f6r mer information<\/p>\n<p>Kursansvarig: Prof Vania Ceccato<\/p>\n<p>&nbsp;<\/p>\n<hr \/>\n<p><strong>PhD KTH course: Spatial data analysis in practice \u2013 SDAP, FAG3170<\/strong><\/p>\n<p style=\"text-align: justify\">Course fee: SEK 8.000, spring term 2022. This course is organized by Vania Ceccato, Department of Urban Planning and Built Environment at the School of Architecture and the Built Environment at KTH.<\/p>\n<p>Datum: April till juni 2022.<\/p>\n<p style=\"text-align: justify\">Plats: <em><strong>S\u00e4kraplatser n\u00e4tverket<\/strong><\/em>, vid Skolan f\u00f6r arkitektur och samh\u00e4llsbyggnad, KTH, Stockholm<\/p>\n<p>Kontaktperson: <strong><a href=\"mailto:vania.ceccato@abe.kth.se\">Vania Ceccato<\/a><\/strong><\/p>\n<p><strong><a href=\"\/wp-content\/uploads\/sites\/13\/2017\/01\/Flier_SDAP_2017_18Jan2017.pdf\" target=\"_blank\" rel=\"noopener noreferrer\">Kursens flygblad<\/a><\/strong><\/p>\n<p><a href=\"https:\/\/www.sakraplatser.abe.kth.se\/wp-content\/uploads\/sites\/13\/2016\/12\/Course-Outline_Spatial-data-analysis-in-practice_15january2017.pdf\" target=\"_blank\" rel=\"noopener noreferrer\"><strong>F\u00f6r mer information se kursbeskrivning h\u00e4r<\/strong><\/a><\/p>\n<hr \/>\n","protected":false},"excerpt":{"rendered":"<p>Kurs [&#8230;]<\/p>\n","protected":false},"author":31,"featured_media":0,"parent":0,"menu_order":0,"comment_status":"closed","ping_status":"closed","template":"","meta":{"_bbp_topic_count":0,"_bbp_reply_count":0,"_bbp_total_topic_count":0,"_bbp_total_reply_count":0,"_bbp_voice_count":0,"_bbp_anonymous_reply_count":0,"_bbp_topic_count_hidden":0,"_bbp_reply_count_hidden":0,"_bbp_forum_subforum_count":0,"episode_type":"","audio_file":"","podmotor_file_id":"","podmotor_episode_id":"","cover_image":"","cover_image_id":"","duration":"","filesize":"","filesize_raw":"","date_recorded":"","explicit":"","block":"","itunes_episode_number":"","itunes_title":"","itunes_season_number":"","itunes_episode_type":"","jetpack_post_was_ever_published":false,"footnotes":"","_links_to":"","_links_to_target":""},"class_list":["post-446","page","type-page","status-publish","hentry"],"jetpack_sharing_enabled":true,"jetpack_shortlink":"https:\/\/wp.me\/P840TR-7c","post_mailing_queue_ids":[],"_links":{"self":[{"href":"https:\/\/wpmu-bis.sys.kth.se\/safeplaces\/wp-json\/wp\/v2\/pages\/446","targetHints":{"allow":["GET"]}}],"collection":[{"href":"https:\/\/wpmu-bis.sys.kth.se\/safeplaces\/wp-json\/wp\/v2\/pages"}],"about":[{"href":"https:\/\/wpmu-bis.sys.kth.se\/safeplaces\/wp-json\/wp\/v2\/types\/page"}],"author":[{"embeddable":true,"href":"https:\/\/wpmu-bis.sys.kth.se\/safeplaces\/wp-json\/wp\/v2\/users\/31"}],"replies":[{"embeddable":true,"href":"https:\/\/wpmu-bis.sys.kth.se\/safeplaces\/wp-json\/wp\/v2\/comments?post=446"}],"version-history":[{"count":58,"href":"https:\/\/wpmu-bis.sys.kth.se\/safeplaces\/wp-json\/wp\/v2\/pages\/446\/revisions"}],"predecessor-version":[{"id":6415,"href":"https:\/\/wpmu-bis.sys.kth.se\/safeplaces\/wp-json\/wp\/v2\/pages\/446\/revisions\/6415"}],"wp:attachment":[{"href":"https:\/\/wpmu-bis.sys.kth.se\/safeplaces\/wp-json\/wp\/v2\/media?parent=446"}],"curies":[{"name":"wp","href":"https:\/\/api.w.org\/{rel}","templated":true}]}}