{"id":4436,"date":"2020-05-20T20:57:34","date_gmt":"2020-05-20T20:57:34","guid":{"rendered":"https:\/\/www.sakraplatser.abe.kth.se\/?page_id=4436"},"modified":"2020-05-22T08:28:54","modified_gmt":"2020-05-22T08:28:54","slug":"week-8","status":"publish","type":"page","link":"https:\/\/wpmu-bis.sys.kth.se\/safeplaces\/sv\/week-8\/","title":{"rendered":"Week 8"},"content":{"rendered":"<p style=\"text-align: justify\"><img loading=\"lazy\" decoding=\"async\" class=\"aligncenter wp-image-3739 \" style=\"font-weight: bold;text-align: center;font-size: 0.95em\" src=\"\/wp-content\/uploads\/sites\/13\/2020\/04\/ICON_BIG-300x232.jpg\" alt=\"\" width=\"173\" height=\"134\" srcset=\"\/wp-content\/uploads\/sites\/13\/2020\/04\/ICON_BIG-300x232.jpg 300w, \/wp-content\/uploads\/sites\/13\/2020\/04\/ICON_BIG-1024x792.jpg 1024w, \/wp-content\/uploads\/sites\/13\/2020\/04\/ICON_BIG-768x594.jpg 768w, \/wp-content\/uploads\/sites\/13\/2020\/04\/ICON_BIG.jpg 1123w\" sizes=\"auto, (max-width: 173px) 100vw, 173px\" \/><\/p>\n<h3 style=\"text-align: center\"><strong>S\u00e4kraplatser-Poddar<\/strong><\/h3>\n<p>&nbsp;<\/p>\n<p style=\"text-align: center\"><strong>F\u00f6r\u00e4ndringar i v\u00e5ra dagliga rutinaktiviteter och s\u00e4kerhet: Vad kan vi l\u00e4ra oss?<\/strong><\/p>\n<p style=\"text-align: center\"><strong>Poddar \u2013 Vecka 8<\/strong><\/p>\n<p style=\"text-align: justify\"><strong>\u00a0<\/strong><\/p>\n<p style=\"text-align: justify\">Under den h\u00e4r sista podcastveckan behandlar vi erfarenheter fr\u00e5n tre experter: Dr Subeh Chowdhury, som \u00e4r universitetslektor vid institutionen f\u00f6r civil- och milj\u00f6teknik, University of Auckland i Nya Zeeland f\u00f6ljd av Mateja Mihinjac som \u00e4r kriminolog och CPTED \u2013 Brottsprevention genom urban design-expert fr\u00e5n Slovenien som f\u00f6r n\u00e4rvarande avslutar doktorandforskning vid Griffith University, Australien. Sist, men inte minst, \u00c5sa Lenner\u00f6 som \u00e4r en sociolog och ansvarar f\u00f6r brottsstatistiken vid BR\u00c5, Brottsf\u00f6rebyggande R\u00e5det.<\/p>\n<p style=\"text-align: justify\">\u00c5tta veckor med nedst\u00e4ngning, 21 podcasts med deltagare fr\u00e5n sex kontinenter. Dessa podcasts handlar om vad vi som forskare eller ut\u00f6vare l\u00e4r oss av detta enast\u00e5ende \u00f6gonblick. Dessa samtal drevs av min nyfikenhet att f\u00e5 veta vad som h\u00e4nder i v\u00e4rlden i tider av lockdown, p\u00e5 gatorna och i de inhemska milj\u00f6erna. Om och hur mobilitet, brottslighet och s\u00e4kerhet har omdefinierats av pandemin.<\/p>\n<p style=\"text-align: justify\">Dessa samtal visade sig vara mycket terapeutiska och tog mig mycket l\u00e4ngre \u00e4n vad jag ursprungligen f\u00f6rv\u00e4ntat mig. Tack till alla talare och till er som f\u00f6ljde oss under dessa veckor, tack f\u00f6r s\u00e4llskapet, och h\u00e5ll er trygga!<\/p>\n<p style=\"text-align: justify\">Vania Ceccato<\/p>\n<p><span style=\"color: #808080\">S\u00e4kraplatser samordnare<\/span><\/p>\n<hr \/>\n<h4 style=\"text-align: center\"><a href=\"https:\/\/www.sakraplatser.abe.kth.se\/podcasts-2\/\"><strong>Andra Poddar<\/strong><\/a><\/h4>\n<p>&nbsp;<\/p>\n<p style=\"text-align: justify\"><strong>PODD 19<\/strong><\/p>\n<p style=\"text-align: justify\"><img loading=\"lazy\" decoding=\"async\" class=\"wp-image-4440 size-full alignleft\" src=\"\/wp-content\/uploads\/sites\/13\/2020\/05\/Subeh_Ch.jpg\" alt=\"\" width=\"187\" height=\"213\" \/><\/p>\n<p>&nbsp;<\/p>\n<p style=\"text-align: justify\"><strong>Dr. Subeh Chowdhury<\/strong> ber\u00e4ttar om sina upplevelser under nedst\u00e4ngningen p\u00e5 Nya Zeeland och hur pandemin har skapat &#8220;ett f\u00f6nster av m\u00f6jligheter&#8221; f\u00f6r att g\u00f6ra kollektivtrafiken s\u00e4krare och mer attraktiv. Hon n\u00e4mnde ocks\u00e5 hur viktigt det \u00e4r att anst\u00e4lla &#8220;r\u00e4tt&#8221; personer till jobbet, till exempel f\u00f6r att g\u00f6ra kollektivtrafiken mer inkluderande och s\u00e4kerhet f\u00f6r alla.<\/p>\n<p><a href=\"https:\/\/static.sys.kth.se\/abe\/safeplaces\/poddar\/Subeh_30min.mp3\"><img loading=\"lazy\" decoding=\"async\" class=\"wp-image-3813 alignleft\" src=\"\/wp-content\/uploads\/sites\/13\/2020\/04\/speaker-icon-png-6-300x300.jpg\" alt=\"\" width=\"52\" height=\"52\" srcset=\"\/wp-content\/uploads\/sites\/13\/2020\/04\/speaker-icon-png-6-300x300.jpg 300w, \/wp-content\/uploads\/sites\/13\/2020\/04\/speaker-icon-png-6-150x150.jpg 150w, \/wp-content\/uploads\/sites\/13\/2020\/04\/speaker-icon-png-6-768x768.jpg 768w, \/wp-content\/uploads\/sites\/13\/2020\/04\/speaker-icon-png-6-90x90.jpg 90w, \/wp-content\/uploads\/sites\/13\/2020\/04\/speaker-icon-png-6-75x75.jpg 75w, \/wp-content\/uploads\/sites\/13\/2020\/04\/speaker-icon-png-6-50x50.jpg 50w, \/wp-content\/uploads\/sites\/13\/2020\/04\/speaker-icon-png-6.jpg 1024w\" sizes=\"auto, (max-width: 52px) 100vw, 52px\" \/><\/a><\/p>\n<p>&nbsp;<\/p>\n<p><a href=\"https:\/\/static.sys.kth.se\/abe\/safeplaces\/poddar\/Subeh_30min.mp3\"><strong>PODD<\/strong><\/a><\/p>\n<p>&nbsp;<\/p>\n<p>&nbsp;<\/p>\n<p><span style=\"color: #808080\">s.chowdhury@auckland.ac.nz<\/span><\/p>\n<p>&nbsp;<\/p>\n<hr \/>\n<p style=\"text-align: justify\"><strong>PODD 20<\/strong><\/p>\n<p style=\"text-align: justify\"><img loading=\"lazy\" decoding=\"async\" class=\"wp-image-4439 size-full alignleft\" src=\"\/wp-content\/uploads\/sites\/13\/2020\/05\/Mateja-Mihinjac-4.jpg\" alt=\"\" width=\"187\" height=\"248\" \/><\/p>\n<p>&nbsp;<\/p>\n<p style=\"text-align: justify\">I Ljubljana beskriver <strong>Mateja Mihinjac<\/strong> de enorma f\u00f6r\u00e4ndringarna i rutinaktiviteten i Sloveniens huvudstad och f\u00f6rv\u00e5nas \u00f6ver att f\u00f6r\u00e4ndringar i brottsm\u00f6nstren var relativt sm\u00e5 j\u00e4mf\u00f6rt med vad som har spekulerats. F\u00f6r forskning f\u00f6rtj\u00e4nar beskaffenheten hos r\u00e4dsla i offentliga utrymmen (med lockdown och den nuvarande sociala distanseringen) att f\u00f6rst\u00e5s b\u00e4ttre inf\u00f6r tiden efter Covid 19.<\/p>\n<p><a href=\"https:\/\/static.sys.kth.se\/abe\/safeplaces\/poddar\/Mateja_25min.mp3\"><img loading=\"lazy\" decoding=\"async\" class=\"wp-image-3813 alignleft\" src=\"\/wp-content\/uploads\/sites\/13\/2020\/04\/speaker-icon-png-6-300x300.jpg\" alt=\"\" width=\"52\" height=\"52\" srcset=\"\/wp-content\/uploads\/sites\/13\/2020\/04\/speaker-icon-png-6-300x300.jpg 300w, \/wp-content\/uploads\/sites\/13\/2020\/04\/speaker-icon-png-6-150x150.jpg 150w, \/wp-content\/uploads\/sites\/13\/2020\/04\/speaker-icon-png-6-768x768.jpg 768w, \/wp-content\/uploads\/sites\/13\/2020\/04\/speaker-icon-png-6-90x90.jpg 90w, \/wp-content\/uploads\/sites\/13\/2020\/04\/speaker-icon-png-6-75x75.jpg 75w, \/wp-content\/uploads\/sites\/13\/2020\/04\/speaker-icon-png-6-50x50.jpg 50w, \/wp-content\/uploads\/sites\/13\/2020\/04\/speaker-icon-png-6.jpg 1024w\" sizes=\"auto, (max-width: 52px) 100vw, 52px\" \/><\/a><\/p>\n<p>&nbsp;<\/p>\n<p><strong><a href=\"https:\/\/static.sys.kth.se\/abe\/safeplaces\/poddar\/Mateja_25min.mp3\">PODD<\/a><\/strong><\/p>\n<p>&nbsp;<\/p>\n<p><span style=\"color: #808080\">mateja.mihinjac@gmail.com<\/span><\/p>\n<p>&nbsp;<\/p>\n<hr \/>\n<p>&nbsp;<\/p>\n<p style=\"text-align: justify\"><strong>PODD 21<\/strong><\/p>\n<p style=\"text-align: justify\"><img loading=\"lazy\" decoding=\"async\" class=\"wp-image-4438 size-full alignleft\" src=\"\/wp-content\/uploads\/sites\/13\/2020\/05\/\u03a0sa_Lenner\u03a6_2_Foto_Liselotte_van_der_Meijs.jpg\" alt=\"\" width=\"187\" height=\"233\" \/><\/p>\n<p>&nbsp;<\/p>\n<p style=\"text-align: justify\">Till skillnad fr\u00e5n nuvarande spekulationer har BR\u00c5 f\u00f6ljt trenderna i brottsstatistik under de senaste 2 m\u00e5naderna j\u00e4mf\u00f6rt med samma period f\u00f6rra \u00e5ret. Detta sammanfattas i en ny BR\u00c5-rapport skriven av <strong>\u00c5sa Lenner\u00f6<\/strong>, bland andra. I den h\u00e4r sista podcasten beskriver \u00c5sa syftet med brottsstatistik, inklusive begr\u00e4nsningar och varf\u00f6r vi m\u00e5ste observera trender \u00f6ver l\u00e5nga tidsperioder.<\/p>\n<p><a href=\"https:\/\/static.sys.kth.se\/abe\/safeplaces\/poddar\/%C3%85saLenner%C3%B6_19min.mp3\"><img loading=\"lazy\" decoding=\"async\" class=\"wp-image-3813 alignleft\" src=\"\/wp-content\/uploads\/sites\/13\/2020\/04\/speaker-icon-png-6-300x300.jpg\" alt=\"\" width=\"52\" height=\"52\" srcset=\"\/wp-content\/uploads\/sites\/13\/2020\/04\/speaker-icon-png-6-300x300.jpg 300w, \/wp-content\/uploads\/sites\/13\/2020\/04\/speaker-icon-png-6-150x150.jpg 150w, \/wp-content\/uploads\/sites\/13\/2020\/04\/speaker-icon-png-6-768x768.jpg 768w, \/wp-content\/uploads\/sites\/13\/2020\/04\/speaker-icon-png-6-90x90.jpg 90w, \/wp-content\/uploads\/sites\/13\/2020\/04\/speaker-icon-png-6-75x75.jpg 75w, \/wp-content\/uploads\/sites\/13\/2020\/04\/speaker-icon-png-6-50x50.jpg 50w, \/wp-content\/uploads\/sites\/13\/2020\/04\/speaker-icon-png-6.jpg 1024w\" sizes=\"auto, (max-width: 52px) 100vw, 52px\" \/><\/a><\/p>\n<p>&nbsp;<\/p>\n<p><a href=\"https:\/\/static.sys.kth.se\/abe\/safeplaces\/poddar\/\u00c5saLenner\u00f6_19min.mp3\"><strong>PODD<\/strong><\/a><\/p>\n<p>&nbsp;<\/p>\n<p class=\"xxmsonormal\"><span lang=\"SV\" style=\"color: #808080\">asa.lennero@bra.se<\/span><\/p>\n<p>&nbsp;<\/p>\n<p>&nbsp;<\/p>\n","protected":false},"excerpt":{"rendered":"<p>S\u00e4kraplatser-Poddar [&#8230;]<\/p>\n","protected":false},"author":201,"featured_media":0,"parent":0,"menu_order":0,"comment_status":"closed","ping_status":"closed","template":"","meta":{"_bbp_topic_count":0,"_bbp_reply_count":0,"_bbp_total_topic_count":0,"_bbp_total_reply_count":0,"_bbp_voice_count":0,"_bbp_anonymous_reply_count":0,"_bbp_topic_count_hidden":0,"_bbp_reply_count_hidden":0,"_bbp_forum_subforum_count":0,"episode_type":"","audio_file":"","podmotor_file_id":"","podmotor_episode_id":"","cover_image":"","cover_image_id":"","duration":"","filesize":"","filesize_raw":"","date_recorded":"","explicit":"","block":"","itunes_episode_number":"","itunes_title":"","itunes_season_number":"","itunes_episode_type":"","jetpack_post_was_ever_published":false,"footnotes":"","_links_to":"","_links_to_target":""},"class_list":["post-4436","page","type-page","status-publish","hentry"],"jetpack_sharing_enabled":true,"jetpack_shortlink":"https:\/\/wp.me\/P840TR-19y","post_mailing_queue_ids":[],"_links":{"self":[{"href":"https:\/\/wpmu-bis.sys.kth.se\/safeplaces\/wp-json\/wp\/v2\/pages\/4436","targetHints":{"allow":["GET"]}}],"collection":[{"href":"https:\/\/wpmu-bis.sys.kth.se\/safeplaces\/wp-json\/wp\/v2\/pages"}],"about":[{"href":"https:\/\/wpmu-bis.sys.kth.se\/safeplaces\/wp-json\/wp\/v2\/types\/page"}],"author":[{"embeddable":true,"href":"https:\/\/wpmu-bis.sys.kth.se\/safeplaces\/wp-json\/wp\/v2\/users\/201"}],"replies":[{"embeddable":true,"href":"https:\/\/wpmu-bis.sys.kth.se\/safeplaces\/wp-json\/wp\/v2\/comments?post=4436"}],"version-history":[{"count":3,"href":"https:\/\/wpmu-bis.sys.kth.se\/safeplaces\/wp-json\/wp\/v2\/pages\/4436\/revisions"}],"predecessor-version":[{"id":4471,"href":"https:\/\/wpmu-bis.sys.kth.se\/safeplaces\/wp-json\/wp\/v2\/pages\/4436\/revisions\/4471"}],"wp:attachment":[{"href":"https:\/\/wpmu-bis.sys.kth.se\/safeplaces\/wp-json\/wp\/v2\/media?parent=4436"}],"curies":[{"name":"wp","href":"https:\/\/api.w.org\/{rel}","templated":true}]}}