{"id":4361,"date":"2020-05-12T08:23:29","date_gmt":"2020-05-12T08:23:29","guid":{"rendered":"https:\/\/www.sakraplatser.abe.kth.se\/?page_id=4361"},"modified":"2020-05-22T08:38:48","modified_gmt":"2020-05-22T08:38:48","slug":"week-7","status":"publish","type":"page","link":"https:\/\/wpmu-bis.sys.kth.se\/safeplaces\/sv\/week-7\/","title":{"rendered":"Week 7"},"content":{"rendered":"<p style=\"text-align: justify\"><img loading=\"lazy\" decoding=\"async\" class=\"aligncenter wp-image-3739 \" style=\"font-weight: bold;text-align: center;font-size: 0.95em\" src=\"\/wp-content\/uploads\/sites\/13\/2020\/04\/ICON_BIG-300x232.jpg\" alt=\"\" width=\"173\" height=\"134\" srcset=\"\/wp-content\/uploads\/sites\/13\/2020\/04\/ICON_BIG-300x232.jpg 300w, \/wp-content\/uploads\/sites\/13\/2020\/04\/ICON_BIG-1024x792.jpg 1024w, \/wp-content\/uploads\/sites\/13\/2020\/04\/ICON_BIG-768x594.jpg 768w, \/wp-content\/uploads\/sites\/13\/2020\/04\/ICON_BIG.jpg 1123w\" sizes=\"auto, (max-width: 173px) 100vw, 173px\" \/><\/p>\n<h3 style=\"text-align: center\"><strong>S\u00e4kraplatser-Poddar<\/strong><\/h3>\n<p>&nbsp;<\/p>\n<p style=\"text-align: center\"><strong>F\u00f6r\u00e4ndringar i v\u00e5ra dagliga rutinaktiviteter och s\u00e4kerhet: Vad kan vi l\u00e4ra oss?<\/strong><\/p>\n<p style=\"text-align: center\"><strong>Poddar \u2013 Vecka 7<\/strong><\/p>\n<p style=\"text-align: justify\"><strong>\u00a0<\/strong><\/p>\n<p style=\"text-align: justify\">Det gr\u00e4ns\u00f6verskridande h\u00e4lsohotet fr\u00e5n Covid-19 utmanar inte bara EU:s l\u00e4nder och kommuner enskilt utan ocks\u00e5 EU som helhet. \u00c4r det europeiska samarbetet fortfarande relevant? Elizabeth Johnston, som \u00e4r verkst\u00e4llande direkt\u00f6r f\u00f6r det franska forumet f\u00f6r stads\u00e4kerhet (<a href=\"https:\/\/efus.eu\/en\/topics\/%activity%25\/18905\/\">EFUS<\/a>) diskuterar fr\u00e5gan i den h\u00e4r veckans f\u00f6rsta podcast.<\/p>\n<p style=\"text-align: justify\">D\u00e4refter f\u00e5r vi fullst\u00e4ndig insikt kring nedst\u00e4ngning i den s\u00e5 kallade &#8220;swing state&#8221; Ohio i USA av den landsbygdskriminologen Dr Joseph Donnermeyer. Missa inte hans reflektioner \u00f6ver brottens natur i landsbygdsf\u00f6rh\u00e5llanden i USA och p\u00e5 andra h\u00e5ll och om vikten av storleken p\u00e5 samh\u00e4llen och deras sociala organisationsniv\u00e5er n\u00e4r han refererar till kort- och l\u00e5ngsiktiga effekter av pandemin.<\/p>\n<p style=\"text-align: justify\">Varmt v\u00e4lkomna att lyssna och ge oss \u00e5terkoppling!<\/p>\n<p style=\"text-align: justify\">Vania Ceccato<\/p>\n<p><span style=\"color: #808080\">S\u00e4kraplatser samordnare<\/span><\/p>\n<hr \/>\n<h4 style=\"text-align: center\"><a href=\"https:\/\/www.sakraplatser.abe.kth.se\/podcasts-2\/\"><strong>Andra Poddar<\/strong><\/a><\/h4>\n<p>&nbsp;<\/p>\n<p style=\"text-align: justify\"><strong>PODD 17<\/strong><\/p>\n<p>&nbsp;<\/p>\n<p style=\"text-align: justify\"><img loading=\"lazy\" decoding=\"async\" class=\"wp-image-4364 size-full alignleft\" src=\"\/wp-content\/uploads\/sites\/13\/2020\/05\/JOHNSTON-Elizabeth.jpg\" alt=\"\" width=\"187\" height=\"249\" \/><\/p>\n<p style=\"text-align: justify\">Vad kan vara de potentiella pelarna i, och hinder f\u00f6r, ett EU-svar p\u00e5 Covid-19-krisen? <strong>Elizabeth Johnston<\/strong> talar om den roll som st\u00e4der har att spela i processen att komma till &#8220;ett nytt normall\u00e4ge&#8221;. Hon reflekterar \u00f6ver begreppet s\u00e4kerhet som nu har omformats f\u00f6r att omfatta det hon kallar \u201dsanit\u00e4ra hot\u201d och f\u00f6rest\u00e4ller sig mer av en helhetssyn som betraktar s\u00e4kerhet som ett folkh\u00e4lsoproblem. Slutligen tillk\u00e4nnager hon <a href=\"https:\/\/www.sakraplatser.abe.kth.se\/2020\/05\/08\/covid-19-cooperating-in-a-crisis-a-web-conference-series-for-local-authorities-efus-may-webinars-1400-swedish-time\/\">en serie EFUS-webbseminarier<\/a>, en som specifikt fokuserar p\u00e5 huruvida st\u00e4der och europeiska institutioner har tillr\u00e4ckliga verktyg f\u00f6r att diskutera och samordna sina \u00e5tg\u00e4rder.<\/p>\n<p><a href=\"https:\/\/static.sys.kth.se\/abe\/safeplaces\/poddar\/Elizabeth_Jonston_32min.mp3\"><img loading=\"lazy\" decoding=\"async\" class=\"wp-image-3813 alignleft\" src=\"\/wp-content\/uploads\/sites\/13\/2020\/04\/speaker-icon-png-6-300x300.jpg\" alt=\"\" width=\"52\" height=\"52\" srcset=\"\/wp-content\/uploads\/sites\/13\/2020\/04\/speaker-icon-png-6-300x300.jpg 300w, \/wp-content\/uploads\/sites\/13\/2020\/04\/speaker-icon-png-6-150x150.jpg 150w, \/wp-content\/uploads\/sites\/13\/2020\/04\/speaker-icon-png-6-768x768.jpg 768w, \/wp-content\/uploads\/sites\/13\/2020\/04\/speaker-icon-png-6-90x90.jpg 90w, \/wp-content\/uploads\/sites\/13\/2020\/04\/speaker-icon-png-6-75x75.jpg 75w, \/wp-content\/uploads\/sites\/13\/2020\/04\/speaker-icon-png-6-50x50.jpg 50w, \/wp-content\/uploads\/sites\/13\/2020\/04\/speaker-icon-png-6.jpg 1024w\" sizes=\"auto, (max-width: 52px) 100vw, 52px\" \/><\/a><\/p>\n<p>&nbsp;<\/p>\n<p><a href=\"https:\/\/static.sys.kth.se\/abe\/safeplaces\/poddar\/Elizabeth_Jonston_32min.mp3\"><strong>PODD<\/strong><\/a><\/p>\n<p>&nbsp;<\/p>\n<p><span style=\"color: #808080\">johnston@efus.eu<\/span><\/p>\n<p>&nbsp;<\/p>\n<hr \/>\n<p style=\"text-align: justify\"><strong>PODD 18<\/strong><\/p>\n<p>&nbsp;<\/p>\n<p style=\"text-align: justify\"><img loading=\"lazy\" decoding=\"async\" class=\"wp-image-4363 size-full alignleft\" src=\"\/wp-content\/uploads\/sites\/13\/2020\/05\/Dr.-Joseph-Donnemeyer-Ph.D.jpg\" alt=\"\" width=\"187\" height=\"249\" \/><\/p>\n<p style=\"text-align: justify\"><strong>Prof. Joe Donnermeyer<\/strong> undrar: &#8220;\u00d6kar verkligen vissa typer av brottslighet eller m\u00e4ter vi en \u00f6kning av skyddsniv\u00e5n?&#8221; Han ger oss exemplet p\u00e5 m\u00e4nniskor som s\u00f6ker efter m\u00e5l f\u00f6r st\u00f6ld (bilar att stj\u00e4la) mitt p\u00e5 natten i Columbus, Ohio, d\u00e4r han bor, men han h\u00e4nvisar ocks\u00e5 till en m\u00e4ngd olika brott i landsbygdssammanhang i USA, Sydafrika och Australien. Den 29 september kommer prof Donnermeyer att prata om samh\u00e4llsberedskap och s\u00e4kerhet i <a href=\"https:\/\/www.sakraplatser.abe.kth.se\/2019\/12\/06\/save-the-date-colloquium-safety-resilience-and-community-23-april-2020\/\">kollokviet<\/a> som organiseras av S\u00e4kra Platser N\u00e4tverket.<\/p>\n<p><a href=\"https:\/\/static.sys.kth.se\/abe\/safeplaces\/poddar\/JoeDonnemeyer46minFixed.mp3\"><img loading=\"lazy\" decoding=\"async\" class=\"wp-image-3813 alignleft\" src=\"\/wp-content\/uploads\/sites\/13\/2020\/04\/speaker-icon-png-6-300x300.jpg\" alt=\"\" width=\"52\" height=\"52\" srcset=\"\/wp-content\/uploads\/sites\/13\/2020\/04\/speaker-icon-png-6-300x300.jpg 300w, \/wp-content\/uploads\/sites\/13\/2020\/04\/speaker-icon-png-6-150x150.jpg 150w, \/wp-content\/uploads\/sites\/13\/2020\/04\/speaker-icon-png-6-768x768.jpg 768w, \/wp-content\/uploads\/sites\/13\/2020\/04\/speaker-icon-png-6-90x90.jpg 90w, \/wp-content\/uploads\/sites\/13\/2020\/04\/speaker-icon-png-6-75x75.jpg 75w, \/wp-content\/uploads\/sites\/13\/2020\/04\/speaker-icon-png-6-50x50.jpg 50w, \/wp-content\/uploads\/sites\/13\/2020\/04\/speaker-icon-png-6.jpg 1024w\" sizes=\"auto, (max-width: 52px) 100vw, 52px\" \/><\/a><\/p>\n<p>&nbsp;<\/p>\n<p><a href=\"https:\/\/static.sys.kth.se\/abe\/safeplaces\/poddar\/JoeDonnemeyer46minFixed.mp3\"><strong>PODD<\/strong><\/a><\/p>\n<p>&nbsp;<\/p>\n<p>&nbsp;<\/p>\n<p><span style=\"color: #808080\">donnermeyer.1@gmail.com<\/span><\/p>\n<p>&nbsp;<\/p>\n","protected":false},"excerpt":{"rendered":"<p>S\u00e4kraplatser-Poddar [&#8230;]<\/p>\n","protected":false},"author":201,"featured_media":0,"parent":0,"menu_order":0,"comment_status":"closed","ping_status":"closed","template":"","meta":{"_bbp_topic_count":0,"_bbp_reply_count":0,"_bbp_total_topic_count":0,"_bbp_total_reply_count":0,"_bbp_voice_count":0,"_bbp_anonymous_reply_count":0,"_bbp_topic_count_hidden":0,"_bbp_reply_count_hidden":0,"_bbp_forum_subforum_count":0,"episode_type":"","audio_file":"","podmotor_file_id":"","podmotor_episode_id":"","cover_image":"","cover_image_id":"","duration":"","filesize":"","filesize_raw":"","date_recorded":"","explicit":"","block":"","itunes_episode_number":"","itunes_title":"","itunes_season_number":"","itunes_episode_type":"","jetpack_post_was_ever_published":false,"footnotes":"","_links_to":"","_links_to_target":""},"class_list":["post-4361","page","type-page","status-publish","hentry"],"jetpack_sharing_enabled":true,"jetpack_shortlink":"https:\/\/wp.me\/P840TR-18l","post_mailing_queue_ids":[],"_links":{"self":[{"href":"https:\/\/wpmu-bis.sys.kth.se\/safeplaces\/wp-json\/wp\/v2\/pages\/4361","targetHints":{"allow":["GET"]}}],"collection":[{"href":"https:\/\/wpmu-bis.sys.kth.se\/safeplaces\/wp-json\/wp\/v2\/pages"}],"about":[{"href":"https:\/\/wpmu-bis.sys.kth.se\/safeplaces\/wp-json\/wp\/v2\/types\/page"}],"author":[{"embeddable":true,"href":"https:\/\/wpmu-bis.sys.kth.se\/safeplaces\/wp-json\/wp\/v2\/users\/201"}],"replies":[{"embeddable":true,"href":"https:\/\/wpmu-bis.sys.kth.se\/safeplaces\/wp-json\/wp\/v2\/comments?post=4361"}],"version-history":[{"count":7,"href":"https:\/\/wpmu-bis.sys.kth.se\/safeplaces\/wp-json\/wp\/v2\/pages\/4361\/revisions"}],"predecessor-version":[{"id":4478,"href":"https:\/\/wpmu-bis.sys.kth.se\/safeplaces\/wp-json\/wp\/v2\/pages\/4361\/revisions\/4478"}],"wp:attachment":[{"href":"https:\/\/wpmu-bis.sys.kth.se\/safeplaces\/wp-json\/wp\/v2\/media?parent=4361"}],"curies":[{"name":"wp","href":"https:\/\/api.w.org\/{rel}","templated":true}]}}