{"id":434,"date":"2016-12-05T15:10:40","date_gmt":"2016-12-05T15:10:40","guid":{"rendered":"https:\/\/wpmu-bis.sys.kth.se\/safeplaces\/?page_id=434"},"modified":"2016-12-06T10:18:34","modified_gmt":"2016-12-06T10:18:34","slug":"radsla-och-miljons-roll","status":"publish","type":"page","link":"https:\/\/wpmu-bis.sys.kth.se\/safeplaces\/sv\/radsla-och-miljons-roll\/","title":{"rendered":"R\u00e4dsla och milj\u00f6ns roll"},"content":{"rendered":"<p>R\u00e4dsla (f\u00f6r brott) \u00e4r en \u00e5terspegling av det man ser och vad man uppfattar med sina sinnen i de omgivningar och milj\u00f6er d\u00e4r man tillbringar tid. <strong><em>S\u00e4kraplatser n\u00e4tverket<\/em><\/strong> \u00e4r s\u00e4rskilt intresserat av att \u00e4gna tid \u00e5t att f\u00f6rst\u00e5 mekanismerna som sammankopplar brott och synliga f\u00f6rs\u00e4mringar av en plats till r\u00e4dsla. Vi vet att tecken p\u00e5 att &#8220;ingen har kontroll&#8221; \u2013 som \u00f6vergivna byggnader, skr\u00e4p, vandalism, och nedskr\u00e4pning \u2013 uppfattas utl\u00f6sa r\u00e4dsla f\u00f6r brott och \u00e4r indikatorer p\u00e5 mer allvarliga brott.<\/p>\n<p>Likas\u00e5 kan r\u00e4dsla ocks\u00e5 vara en funktion av en individs k\u00e4nslom\u00e4ssiga reaktioner p\u00e5 en plats och minnen eller associationer som en plats f\u00f6r upp till ytan. F\u00e4rska studier visar att r\u00e4dsla ocks\u00e5 kan bero p\u00e5 den \u00f6vergripande k\u00e4nslan av f\u00f6r\u00e4ndring som en plats genomg\u00e5r. Nyinflyttade kan k\u00e4nna fruktan eftersom de saknar kunskap och k\u00e4nnedom om omr\u00e5det. Forskning har visat att skillnader mellan befintliga inv\u00e5nare och nytillkomna kan \u00f6ka inom b\u00e5da grupperna, ge uttryck f\u00f6r vi-dom k\u00e4nslor (fr\u00e4mlingsoro), som initierats av en r\u00e4dsla f\u00f6r det ok\u00e4nda. Sanningen \u00e4r att r\u00e4dslan inte kan f\u00f6rklaras av enbart byggnaders och gators skick. R\u00e4dsla betraktas ibland som en spegling av tillst\u00e5ndet i samh\u00e4llet, med denna betydelse kopplad till en milj\u00f6 och de m\u00e4nniskor som bor d\u00e4r vid en viss tidpunkt.<\/p>\n<p><img loading=\"lazy\" decoding=\"async\" class=\"alignnone size-large wp-image-480\" src=\"\/wp-content\/uploads\/sites\/13\/2016\/12\/3maps-copyright-1024x421.jpg\" alt=\"3maps-copyright\" width=\"860\" height=\"354\" srcset=\"\/wp-content\/uploads\/sites\/13\/2016\/12\/3maps-copyright-1024x421.jpg 1024w, \/wp-content\/uploads\/sites\/13\/2016\/12\/3maps-copyright-300x123.jpg 300w, \/wp-content\/uploads\/sites\/13\/2016\/12\/3maps-copyright-768x316.jpg 768w\" sizes=\"auto, (max-width: 860px) 100vw, 860px\" \/><\/p>\n<p>Picture source: Ceccato, V. (2016) \u201cApps on the streets\u201d: Conceptualizing surveillance using smartphones\u201d. Applied Geography (Submitted)<\/p>\n<p>&nbsp;<\/p>\n","protected":false},"excerpt":{"rendered":"<p>R\u00e4dsla [&#8230;]<\/p>\n","protected":false},"author":31,"featured_media":0,"parent":0,"menu_order":0,"comment_status":"closed","ping_status":"closed","template":"","meta":{"_bbp_topic_count":0,"_bbp_reply_count":0,"_bbp_total_topic_count":0,"_bbp_total_reply_count":0,"_bbp_voice_count":0,"_bbp_anonymous_reply_count":0,"_bbp_topic_count_hidden":0,"_bbp_reply_count_hidden":0,"_bbp_forum_subforum_count":0,"episode_type":"","audio_file":"","podmotor_file_id":"","podmotor_episode_id":"","cover_image":"","cover_image_id":"","duration":"","filesize":"","filesize_raw":"","date_recorded":"","explicit":"","block":"","itunes_episode_number":"","itunes_title":"","itunes_season_number":"","itunes_episode_type":"","jetpack_post_was_ever_published":false,"footnotes":"","_links_to":"","_links_to_target":""},"class_list":["post-434","page","type-page","status-publish","hentry"],"jetpack_sharing_enabled":true,"jetpack_shortlink":"https:\/\/wp.me\/P840TR-70","post_mailing_queue_ids":[],"_links":{"self":[{"href":"https:\/\/wpmu-bis.sys.kth.se\/safeplaces\/wp-json\/wp\/v2\/pages\/434","targetHints":{"allow":["GET"]}}],"collection":[{"href":"https:\/\/wpmu-bis.sys.kth.se\/safeplaces\/wp-json\/wp\/v2\/pages"}],"about":[{"href":"https:\/\/wpmu-bis.sys.kth.se\/safeplaces\/wp-json\/wp\/v2\/types\/page"}],"author":[{"embeddable":true,"href":"https:\/\/wpmu-bis.sys.kth.se\/safeplaces\/wp-json\/wp\/v2\/users\/31"}],"replies":[{"embeddable":true,"href":"https:\/\/wpmu-bis.sys.kth.se\/safeplaces\/wp-json\/wp\/v2\/comments?post=434"}],"version-history":[{"count":4,"href":"https:\/\/wpmu-bis.sys.kth.se\/safeplaces\/wp-json\/wp\/v2\/pages\/434\/revisions"}],"predecessor-version":[{"id":482,"href":"https:\/\/wpmu-bis.sys.kth.se\/safeplaces\/wp-json\/wp\/v2\/pages\/434\/revisions\/482"}],"wp:attachment":[{"href":"https:\/\/wpmu-bis.sys.kth.se\/safeplaces\/wp-json\/wp\/v2\/media?parent=434"}],"curies":[{"name":"wp","href":"https:\/\/api.w.org\/{rel}","templated":true}]}}