{"id":4251,"date":"2020-05-04T14:15:38","date_gmt":"2020-05-04T14:15:38","guid":{"rendered":"https:\/\/www.sakraplatser.abe.kth.se\/?page_id=4251"},"modified":"2020-05-06T07:03:36","modified_gmt":"2020-05-06T07:03:36","slug":"week-6","status":"publish","type":"page","link":"https:\/\/wpmu-bis.sys.kth.se\/safeplaces\/sv\/week-6\/","title":{"rendered":"Week 6"},"content":{"rendered":"<p style=\"text-align: justify\"><img loading=\"lazy\" decoding=\"async\" class=\"aligncenter wp-image-3739 \" style=\"font-weight: bold;text-align: center;font-size: 0.95em\" src=\"\/wp-content\/uploads\/sites\/13\/2020\/04\/ICON_BIG-300x232.jpg\" alt=\"\" width=\"173\" height=\"134\" srcset=\"\/wp-content\/uploads\/sites\/13\/2020\/04\/ICON_BIG-300x232.jpg 300w, \/wp-content\/uploads\/sites\/13\/2020\/04\/ICON_BIG-1024x792.jpg 1024w, \/wp-content\/uploads\/sites\/13\/2020\/04\/ICON_BIG-768x594.jpg 768w, \/wp-content\/uploads\/sites\/13\/2020\/04\/ICON_BIG.jpg 1123w\" sizes=\"auto, (max-width: 173px) 100vw, 173px\" \/><\/p>\n<h3 style=\"text-align: center\"><strong>S\u00e4kraplatser-Poddar<\/strong><\/h3>\n<p>&nbsp;<\/p>\n<p style=\"text-align: center\"><strong>Poddar \u2013 Vecka 6<\/strong><\/p>\n<p style=\"text-align: justify\"><strong>\u00a0<\/strong><\/p>\n<p style=\"text-align: justify\">Flera veckor har g\u00e5tt och de flesta av oss forts\u00e4tter i isolering. Vissa l\u00e4nder \u00f6ppnar sig l\u00e5ngsamt efter strikt nedst\u00e4ngning.<\/p>\n<p style=\"text-align: justify\">Vi reflekterar \u00f6ver vad som redan har h\u00e4nt och vad som kommer att komma, och de l\u00e4rdomar vi &#8211; som forskare eller praktiker &#8211; redan har l\u00e4rt oss om detta unika \u00f6gonblick.<\/p>\n<p style=\"text-align: justify\">Den h\u00e4r veckan har vi tv\u00e5 informativa och inspirerande podcast: den f\u00f6rsta \u00e4r med en forskare fr\u00e5n Paris och den andra fr\u00e5n en s\u00e4kerhetsexpert fr\u00e5n H\u00e4sselby-V\u00e4llingby i Stockholm.<\/p>\n<p style=\"text-align: justify\">Varmt v\u00e4lkomna att lyssna och ge oss \u00e5terkoppling!<\/p>\n<p style=\"text-align: justify\">Vania Ceccato<\/p>\n<p><span style=\"color: #808080\">S\u00e4kraplatser samordnare<\/span><\/p>\n<hr \/>\n<h4 style=\"text-align: center\"><a href=\"https:\/\/www.sakraplatser.abe.kth.se\/podcasts-2\/\"><strong>Andra Poddar<\/strong><\/a><\/h4>\n<p>&nbsp;<\/p>\n<p style=\"text-align: justify\"><strong>PODD 15<\/strong><\/p>\n<p>&nbsp;<\/p>\n<p style=\"text-align: justify\"><img loading=\"lazy\" decoding=\"async\" class=\"wp-image-4254 alignleft\" src=\"\/wp-content\/uploads\/sites\/13\/2020\/05\/profil_haj.png\" alt=\"\" width=\"211\" height=\"211\" srcset=\"\/wp-content\/uploads\/sites\/13\/2020\/05\/profil_haj.png 206w, \/wp-content\/uploads\/sites\/13\/2020\/05\/profil_haj-150x150.png 150w, \/wp-content\/uploads\/sites\/13\/2020\/05\/profil_haj-90x90.png 90w, \/wp-content\/uploads\/sites\/13\/2020\/05\/profil_haj-75x75.png 75w, \/wp-content\/uploads\/sites\/13\/2020\/05\/profil_haj-50x50.png 50w\" sizes=\"auto, (max-width: 211px) 100vw, 211px\" \/><\/p>\n<p style=\"text-align: justify\">Lyssna p\u00e5 <strong>Hugo d&#8217;Arbois de Jubainvilles<\/strong> podcast f\u00f6r att f\u00e5 svar p\u00e5 fr\u00e5gan \u201c<em>Vad \u00e4r zoombombning<\/em>? eller &#8220;<em>Collage F\u00e9minicides<\/em>&#8220;? Hugo \u00e4r forskare vid National Observatory of Crime and Criminal Justice (ONDRP) i Paris. Han ber\u00e4ttar om hur nedst\u00e4ngningen har f\u00f6rst\u00e4rkt tidigare m\u00f6nster av kr\u00e4nkande polismetoder mot marginaliserade och fattiga vilket lett till social oro. Han reflekterar ocks\u00e5 \u00f6ver den nuvarande anv\u00e4ndningen av dr\u00f6nare i Nice och han kr\u00e4ver mer inkluderande planeringsmetoder, som inkluderar yrkesut\u00f6vare ut\u00f6ver de \u201dvanliga\u201d konstellationerna.<\/p>\n<p><a href=\"https:\/\/static.sys.kth.se\/abe\/safeplaces\/poddar\/Hugo DJ 30min.mp3\"><img loading=\"lazy\" decoding=\"async\" class=\"wp-image-3813 alignleft\" src=\"\/wp-content\/uploads\/sites\/13\/2020\/04\/speaker-icon-png-6-300x300.jpg\" alt=\"\" width=\"52\" height=\"52\" srcset=\"\/wp-content\/uploads\/sites\/13\/2020\/04\/speaker-icon-png-6-300x300.jpg 300w, \/wp-content\/uploads\/sites\/13\/2020\/04\/speaker-icon-png-6-150x150.jpg 150w, \/wp-content\/uploads\/sites\/13\/2020\/04\/speaker-icon-png-6-768x768.jpg 768w, \/wp-content\/uploads\/sites\/13\/2020\/04\/speaker-icon-png-6-90x90.jpg 90w, \/wp-content\/uploads\/sites\/13\/2020\/04\/speaker-icon-png-6-75x75.jpg 75w, \/wp-content\/uploads\/sites\/13\/2020\/04\/speaker-icon-png-6-50x50.jpg 50w, \/wp-content\/uploads\/sites\/13\/2020\/04\/speaker-icon-png-6.jpg 1024w\" sizes=\"auto, (max-width: 52px) 100vw, 52px\" \/><\/a><\/p>\n<p>&nbsp;<\/p>\n<p><a href=\"https:\/\/static.sys.kth.se\/abe\/safeplaces\/poddar\/Hugo DJ 30min.mp3\"><strong>PODD<\/strong><\/a><\/p>\n<p>&nbsp;<\/p>\n<p>Du kan kola p\u00e5 brottsstatistiken i Frankrike\u00a0<a href=\"https:\/\/www.interieur.gouv.fr\/Interstats\/Actualites\/Tableau-de-bord-hebdomadaire-au-26-avril-2020\" target=\"_blank\" rel=\"noopener noreferrer\" data-auth=\"NotApplicable\">h\u00e4r<\/a><\/p>\n<p>&nbsp;<\/p>\n<p><span style=\"color: #808080\">hugo.darboisdejubainville@gmail.com<\/span><\/p>\n<hr \/>\n<p style=\"text-align: justify\"><strong>PODD 16<\/strong><\/p>\n<p>&nbsp;<\/p>\n<p style=\"text-align: justify\"><img loading=\"lazy\" decoding=\"async\" class=\"wp-image-4253 alignleft\" src=\"\/wp-content\/uploads\/sites\/13\/2020\/05\/AMIR_F.jpg\" alt=\"\" width=\"211\" height=\"211\" srcset=\"\/wp-content\/uploads\/sites\/13\/2020\/05\/AMIR_F.jpg 187w, \/wp-content\/uploads\/sites\/13\/2020\/05\/AMIR_F-150x150.jpg 150w, \/wp-content\/uploads\/sites\/13\/2020\/05\/AMIR_F-90x90.jpg 90w, \/wp-content\/uploads\/sites\/13\/2020\/05\/AMIR_F-75x75.jpg 75w, \/wp-content\/uploads\/sites\/13\/2020\/05\/AMIR_F-50x50.jpg 50w\" sizes=\"auto, (max-width: 211px) 100vw, 211px\" \/><\/p>\n<p style=\"text-align: justify\"><strong>Amir Farihadi<\/strong> ansvarar f\u00f6r n\u00e4rvarande f\u00f6r det s\u00e4kerhetsstrategiska arbetet i H\u00e4sselby-V\u00e4llingby i Stockholm. Han ber\u00e4ttar om de aktuella utmaningarna i omr\u00e5det och hur de hanteras. Med sin erfarenhet av Skarpn\u00e4cklyftet som bakgrund uttrycker Amir Farihadi det v\u00e4l \u201d<em>Vi kan inte lyckas i ett omr\u00e5de med bara fina ord, vi m\u00e5ste visa handlingar som fungerar<\/em>\u201d. N\u00e4r vi ser tillbaka p\u00e5 Covid-19-upplevelserna anser Amir att en tydligare definition av rollerna f\u00f6r olika akt\u00f6rer som \u00e4r involverade i lokal styrning \u00e4r n\u00f6dv\u00e4ndigt f\u00f6r att bli effektivare i framtiden.<\/p>\n<p><a href=\"https:\/\/static.sys.kth.se\/abe\/safeplaces\/poddar\/AMIR_F_30min.mp3\"><img loading=\"lazy\" decoding=\"async\" class=\"wp-image-3813 alignleft\" src=\"\/wp-content\/uploads\/sites\/13\/2020\/04\/speaker-icon-png-6-300x300.jpg\" alt=\"\" width=\"52\" height=\"52\" srcset=\"\/wp-content\/uploads\/sites\/13\/2020\/04\/speaker-icon-png-6-300x300.jpg 300w, \/wp-content\/uploads\/sites\/13\/2020\/04\/speaker-icon-png-6-150x150.jpg 150w, \/wp-content\/uploads\/sites\/13\/2020\/04\/speaker-icon-png-6-768x768.jpg 768w, \/wp-content\/uploads\/sites\/13\/2020\/04\/speaker-icon-png-6-90x90.jpg 90w, \/wp-content\/uploads\/sites\/13\/2020\/04\/speaker-icon-png-6-75x75.jpg 75w, \/wp-content\/uploads\/sites\/13\/2020\/04\/speaker-icon-png-6-50x50.jpg 50w, \/wp-content\/uploads\/sites\/13\/2020\/04\/speaker-icon-png-6.jpg 1024w\" sizes=\"auto, (max-width: 52px) 100vw, 52px\" \/><\/a><\/p>\n<p>&nbsp;<\/p>\n<p><a href=\"https:\/\/static.sys.kth.se\/abe\/safeplaces\/poddar\/AMIR_F_30min.mp3\"><strong>PODD<\/strong><\/a><\/p>\n<p>&nbsp;<\/p>\n<p>&nbsp;<\/p>\n<p><span style=\"color: #808080\">amir.farihadi@stockholm.se<\/span><\/p>\n<p>&nbsp;<\/p>\n","protected":false},"excerpt":{"rendered":"<p>S\u00e4kraplatser-Poddar [&#8230;]<\/p>\n","protected":false},"author":201,"featured_media":0,"parent":0,"menu_order":0,"comment_status":"closed","ping_status":"closed","template":"","meta":{"_bbp_topic_count":0,"_bbp_reply_count":0,"_bbp_total_topic_count":0,"_bbp_total_reply_count":0,"_bbp_voice_count":0,"_bbp_anonymous_reply_count":0,"_bbp_topic_count_hidden":0,"_bbp_reply_count_hidden":0,"_bbp_forum_subforum_count":0,"episode_type":"","audio_file":"","podmotor_file_id":"","podmotor_episode_id":"","cover_image":"","cover_image_id":"","duration":"","filesize":"","filesize_raw":"","date_recorded":"","explicit":"","block":"","itunes_episode_number":"","itunes_title":"","itunes_season_number":"","itunes_episode_type":"","jetpack_post_was_ever_published":false,"footnotes":"","_links_to":"","_links_to_target":""},"class_list":["post-4251","page","type-page","status-publish","hentry"],"jetpack_sharing_enabled":true,"jetpack_shortlink":"https:\/\/wp.me\/P840TR-16z","post_mailing_queue_ids":[],"_links":{"self":[{"href":"https:\/\/wpmu-bis.sys.kth.se\/safeplaces\/wp-json\/wp\/v2\/pages\/4251","targetHints":{"allow":["GET"]}}],"collection":[{"href":"https:\/\/wpmu-bis.sys.kth.se\/safeplaces\/wp-json\/wp\/v2\/pages"}],"about":[{"href":"https:\/\/wpmu-bis.sys.kth.se\/safeplaces\/wp-json\/wp\/v2\/types\/page"}],"author":[{"embeddable":true,"href":"https:\/\/wpmu-bis.sys.kth.se\/safeplaces\/wp-json\/wp\/v2\/users\/201"}],"replies":[{"embeddable":true,"href":"https:\/\/wpmu-bis.sys.kth.se\/safeplaces\/wp-json\/wp\/v2\/comments?post=4251"}],"version-history":[{"count":5,"href":"https:\/\/wpmu-bis.sys.kth.se\/safeplaces\/wp-json\/wp\/v2\/pages\/4251\/revisions"}],"predecessor-version":[{"id":4318,"href":"https:\/\/wpmu-bis.sys.kth.se\/safeplaces\/wp-json\/wp\/v2\/pages\/4251\/revisions\/4318"}],"wp:attachment":[{"href":"https:\/\/wpmu-bis.sys.kth.se\/safeplaces\/wp-json\/wp\/v2\/media?parent=4251"}],"curies":[{"name":"wp","href":"https:\/\/api.w.org\/{rel}","templated":true}]}}