{"id":4083,"date":"2020-04-26T22:38:10","date_gmt":"2020-04-26T22:38:10","guid":{"rendered":"https:\/\/www.sakraplatser.abe.kth.se\/?page_id=4083"},"modified":"2020-05-19T18:05:52","modified_gmt":"2020-05-19T18:05:52","slug":"week-5","status":"publish","type":"page","link":"https:\/\/wpmu-bis.sys.kth.se\/safeplaces\/sv\/week-5\/","title":{"rendered":"Week 5"},"content":{"rendered":"<p style=\"text-align: justify\"><img loading=\"lazy\" decoding=\"async\" class=\"aligncenter wp-image-3739 \" style=\"font-weight: bold;text-align: center;font-size: 0.95em\" src=\"\/wp-content\/uploads\/sites\/13\/2020\/04\/ICON_BIG-300x232.jpg\" alt=\"\" width=\"173\" height=\"134\" srcset=\"\/wp-content\/uploads\/sites\/13\/2020\/04\/ICON_BIG-300x232.jpg 300w, \/wp-content\/uploads\/sites\/13\/2020\/04\/ICON_BIG-1024x792.jpg 1024w, \/wp-content\/uploads\/sites\/13\/2020\/04\/ICON_BIG-768x594.jpg 768w, \/wp-content\/uploads\/sites\/13\/2020\/04\/ICON_BIG.jpg 1123w\" sizes=\"auto, (max-width: 173px) 100vw, 173px\" \/><\/p>\n<h3 style=\"text-align: center\"><strong>S\u00e4kraplatser-Poddar<\/strong><\/h3>\n<p>&nbsp;<\/p>\n<p style=\"text-align: center\"><strong>Podcasts \u2013 Vecka 5<\/strong><\/p>\n<p style=\"text-align: justify\"><strong>\u00a0<\/strong><\/p>\n<p style=\"text-align: justify\">Den h\u00e4r veckan har vi med oss Juma Assiago, han leder FNs program f\u00f6r S\u00e4krare St\u00e4der (Safer Cities programme) UN-HABITAT och han kommer att ber\u00e4tta f\u00f6r oss om utmaningarna med att ge katastrofhj\u00e4lp efter Covid-19 i st\u00e4der d\u00e4r informella bos\u00e4ttningar \u00e4r den dominerande formen av urbana milj\u00f6er.<\/p>\n<p style=\"text-align: justify\">Prof Carolyn Whitzman anv\u00e4nder exempel fr\u00e5n Kanadas byggnadsnormer och policy f\u00f6r \u00e4ldrev\u00e5rd f\u00f6r att reflektera kring hur pandemin har lyft fram social och ekonomisk oj\u00e4mlikhet (ofta med en k\u00f6nsdimension) vilka ofta har ignorerats tidigare.<\/p>\n<p style=\"text-align: justify\">Vad h\u00e4nder i l\u00e4nder under karant\u00e4n i v\u00e4ntan p\u00e5 att talen \u00f6kar? John Maynard talar om sina erfarenheter fr\u00e5n Sydney och hans syn p\u00e5 Australiens \u00e5tg\u00e4rder i denna krissituation.<\/p>\n<p style=\"text-align: justify\">Varmt v\u00e4lkomna att lyssna och ge oss \u00e5terkoppling!<\/p>\n<p style=\"text-align: justify\">Vania Ceccato<\/p>\n<p><span style=\"color: #808080\">S\u00e4kraplatser samordnare<\/span><\/p>\n<hr \/>\n<h4 style=\"text-align: center\"><a href=\"https:\/\/www.sakraplatser.abe.kth.se\/podcasts-2\/\"><strong>Andra Poddar<\/strong><\/a><\/h4>\n<p>&nbsp;<\/p>\n<p style=\"text-align: justify\"><strong>PODD 12<\/strong><\/p>\n<p>&nbsp;<\/p>\n<p style=\"text-align: justify\"><img loading=\"lazy\" decoding=\"async\" class=\" wp-image-4093 alignleft\" src=\"\/wp-content\/uploads\/sites\/13\/2020\/04\/AjumaAssiago.jpg\" alt=\"\" width=\"228\" height=\"228\" srcset=\"\/wp-content\/uploads\/sites\/13\/2020\/04\/AjumaAssiago.jpg 187w, \/wp-content\/uploads\/sites\/13\/2020\/04\/AjumaAssiago-150x150.jpg 150w, \/wp-content\/uploads\/sites\/13\/2020\/04\/AjumaAssiago-90x90.jpg 90w, \/wp-content\/uploads\/sites\/13\/2020\/04\/AjumaAssiago-75x75.jpg 75w, \/wp-content\/uploads\/sites\/13\/2020\/04\/AjumaAssiago-50x50.jpg 50w\" sizes=\"auto, (max-width: 228px) 100vw, 228px\" \/><\/p>\n<p>&nbsp;<\/p>\n<p style=\"text-align: justify\">FNs 2030 Agenda F\u00f6r H\u00e5llbar utveckling erk\u00e4nner betydelsen av urban s\u00e4kerhet som en f\u00f6ruts\u00e4ttning f\u00f6r h\u00e5llbar urban utveckling. <strong>Juma Assiago<\/strong> efterfr\u00e5gar att det skapas s\u00e4kerhetslaboratorier eller plattformar f\u00f6r l\u00e5ngsiktig uppf\u00f6ljning vilka kan hantera komplexiteten hos nuvarande och framtida urbana risker och hot.<\/p>\n<p><a href=\"https:\/\/static.sys.kth.se\/abe\/safeplaces\/poddar\/Juma Assiago 32min.mp3\"><img loading=\"lazy\" decoding=\"async\" class=\"wp-image-3813 alignleft\" src=\"\/wp-content\/uploads\/sites\/13\/2020\/04\/speaker-icon-png-6-300x300.jpg\" alt=\"\" width=\"52\" height=\"52\" srcset=\"\/wp-content\/uploads\/sites\/13\/2020\/04\/speaker-icon-png-6-300x300.jpg 300w, \/wp-content\/uploads\/sites\/13\/2020\/04\/speaker-icon-png-6-150x150.jpg 150w, \/wp-content\/uploads\/sites\/13\/2020\/04\/speaker-icon-png-6-768x768.jpg 768w, \/wp-content\/uploads\/sites\/13\/2020\/04\/speaker-icon-png-6-90x90.jpg 90w, \/wp-content\/uploads\/sites\/13\/2020\/04\/speaker-icon-png-6-75x75.jpg 75w, \/wp-content\/uploads\/sites\/13\/2020\/04\/speaker-icon-png-6-50x50.jpg 50w, \/wp-content\/uploads\/sites\/13\/2020\/04\/speaker-icon-png-6.jpg 1024w\" sizes=\"auto, (max-width: 52px) 100vw, 52px\" \/><\/a><\/p>\n<p>&nbsp;<\/p>\n<p><a href=\"https:\/\/static.sys.kth.se\/abe\/safeplaces\/poddar\/Juma Assiago 32min.mp3\"><strong>PODD<\/strong><\/a><\/p>\n<p>&nbsp;<\/p>\n<p>&nbsp;<\/p>\n<p><span style=\"color: #808080\">Juma.Assiago@unhabitat.org<\/span><\/p>\n<hr \/>\n<p style=\"text-align: justify\"><strong>PODD 13<\/strong><\/p>\n<p>&nbsp;<\/p>\n<p style=\"text-align: justify\"><img loading=\"lazy\" decoding=\"async\" class=\"wp-image-4085 alignleft\" src=\"\/wp-content\/uploads\/sites\/13\/2020\/04\/carolyn-head-shot.jpg\" alt=\"\" width=\"231\" height=\"231\" srcset=\"\/wp-content\/uploads\/sites\/13\/2020\/04\/carolyn-head-shot.jpg 187w, \/wp-content\/uploads\/sites\/13\/2020\/04\/carolyn-head-shot-150x150.jpg 150w, \/wp-content\/uploads\/sites\/13\/2020\/04\/carolyn-head-shot-90x90.jpg 90w, \/wp-content\/uploads\/sites\/13\/2020\/04\/carolyn-head-shot-75x75.jpg 75w, \/wp-content\/uploads\/sites\/13\/2020\/04\/carolyn-head-shot-50x50.jpg 50w\" sizes=\"auto, (max-width: 231px) 100vw, 231px\" \/><\/p>\n<p>&nbsp;<\/p>\n<p>&nbsp;<\/p>\n<p style=\"text-align: justify\">Prof. <strong>Carolyn Whitzman<\/strong> lyfter fram betydelsen av bost\u00e4der som en m\u00e4nsklig r\u00e4ttighet och varf\u00f6r Kanada \u00e5terinf\u00f6r ett program f\u00f6r allm\u00e4nnyttiga bost\u00e4der i de tider som kalla skugg-pandemin.<\/p>\n<p><a href=\"https:\/\/static.sys.kth.se\/abe\/safeplaces\/poddar\/Carolyn 33min.mp3\"><img loading=\"lazy\" decoding=\"async\" class=\"wp-image-3813 alignleft\" src=\"\/wp-content\/uploads\/sites\/13\/2020\/04\/speaker-icon-png-6-300x300.jpg\" alt=\"\" width=\"52\" height=\"52\" srcset=\"\/wp-content\/uploads\/sites\/13\/2020\/04\/speaker-icon-png-6-300x300.jpg 300w, \/wp-content\/uploads\/sites\/13\/2020\/04\/speaker-icon-png-6-150x150.jpg 150w, \/wp-content\/uploads\/sites\/13\/2020\/04\/speaker-icon-png-6-768x768.jpg 768w, \/wp-content\/uploads\/sites\/13\/2020\/04\/speaker-icon-png-6-90x90.jpg 90w, \/wp-content\/uploads\/sites\/13\/2020\/04\/speaker-icon-png-6-75x75.jpg 75w, \/wp-content\/uploads\/sites\/13\/2020\/04\/speaker-icon-png-6-50x50.jpg 50w, \/wp-content\/uploads\/sites\/13\/2020\/04\/speaker-icon-png-6.jpg 1024w\" sizes=\"auto, (max-width: 52px) 100vw, 52px\" \/><\/a><\/p>\n<p>&nbsp;<\/p>\n<p><a href=\"https:\/\/static.sys.kth.se\/abe\/safeplaces\/poddar\/Carolyn 33min.mp3\"><strong>PODD<\/strong><\/a><\/p>\n<p>&nbsp;<\/p>\n<p>&nbsp;<\/p>\n<div dir=\"ltr\"><span style=\"color: #999999\">cwhitzma@uottawa.ca<\/span><\/div>\n<hr \/>\n<p style=\"text-align: justify\"><strong>PODD 14<\/strong><\/p>\n<p>&nbsp;<\/p>\n<p style=\"text-align: justify\"><strong><img loading=\"lazy\" decoding=\"async\" class=\"wp-image-4086 alignleft\" src=\"\/wp-content\/uploads\/sites\/13\/2020\/04\/John-Maynard.jpg\" alt=\"\" width=\"221\" height=\"221\" srcset=\"\/wp-content\/uploads\/sites\/13\/2020\/04\/John-Maynard.jpg 187w, \/wp-content\/uploads\/sites\/13\/2020\/04\/John-Maynard-150x150.jpg 150w, \/wp-content\/uploads\/sites\/13\/2020\/04\/John-Maynard-90x90.jpg 90w, \/wp-content\/uploads\/sites\/13\/2020\/04\/John-Maynard-75x75.jpg 75w, \/wp-content\/uploads\/sites\/13\/2020\/04\/John-Maynard-50x50.jpg 50w\" sizes=\"auto, (max-width: 221px) 100vw, 221px\" \/><\/strong><\/p>\n<p>&nbsp;<\/p>\n<p style=\"text-align: justify\"><strong>John Maynard<\/strong>, en urban s\u00e4kerhetskonsult i Australien, reflekterar kring nuvarande m\u00f6nster f\u00f6r brottslighet, praxis f\u00f6r polisi\u00e4r verksamhet p\u00e5 gatorna och hur v\u00e5ra erfarenheter fr\u00e5n dagsl\u00e4get kan leda oss till att b\u00e4ttre planera individuella byggnader och gemenskap p\u00e5 allm\u00e4nna platser.<\/p>\n<p><a href=\"https:\/\/static.sys.kth.se\/abe\/safeplaces\/poddar\/John Maynard 23min.mp3\"><img loading=\"lazy\" decoding=\"async\" class=\"wp-image-3813 alignleft\" src=\"\/wp-content\/uploads\/sites\/13\/2020\/04\/speaker-icon-png-6-300x300.jpg\" alt=\"\" width=\"52\" height=\"52\" srcset=\"\/wp-content\/uploads\/sites\/13\/2020\/04\/speaker-icon-png-6-300x300.jpg 300w, \/wp-content\/uploads\/sites\/13\/2020\/04\/speaker-icon-png-6-150x150.jpg 150w, \/wp-content\/uploads\/sites\/13\/2020\/04\/speaker-icon-png-6-768x768.jpg 768w, \/wp-content\/uploads\/sites\/13\/2020\/04\/speaker-icon-png-6-90x90.jpg 90w, \/wp-content\/uploads\/sites\/13\/2020\/04\/speaker-icon-png-6-75x75.jpg 75w, \/wp-content\/uploads\/sites\/13\/2020\/04\/speaker-icon-png-6-50x50.jpg 50w, \/wp-content\/uploads\/sites\/13\/2020\/04\/speaker-icon-png-6.jpg 1024w\" sizes=\"auto, (max-width: 52px) 100vw, 52px\" \/><\/a><\/p>\n<p>&nbsp;<\/p>\n<p><a href=\"https:\/\/static.sys.kth.se\/abe\/safeplaces\/poddar\/John Maynard 23min.mp3\"><strong>PODD<\/strong><\/a><\/p>\n<p>&nbsp;<\/p>\n<p>&nbsp;<\/p>\n<p>&nbsp;<\/p>\n<p><span style=\"color: #808080\">johnmaynardconsulting@gmail.com<\/span><\/p>\n","protected":false},"excerpt":{"rendered":"<p>S\u00e4kraplatser-Poddar [&#8230;]<\/p>\n","protected":false},"author":201,"featured_media":0,"parent":0,"menu_order":0,"comment_status":"closed","ping_status":"closed","template":"","meta":{"_bbp_topic_count":0,"_bbp_reply_count":0,"_bbp_total_topic_count":0,"_bbp_total_reply_count":0,"_bbp_voice_count":0,"_bbp_anonymous_reply_count":0,"_bbp_topic_count_hidden":0,"_bbp_reply_count_hidden":0,"_bbp_forum_subforum_count":0,"episode_type":"","audio_file":"","podmotor_file_id":"","podmotor_episode_id":"","cover_image":"","cover_image_id":"","duration":"","filesize":"","filesize_raw":"","date_recorded":"","explicit":"","block":"","itunes_episode_number":"","itunes_title":"","itunes_season_number":"","itunes_episode_type":"","jetpack_post_was_ever_published":false,"footnotes":"","_links_to":"","_links_to_target":""},"class_list":["post-4083","page","type-page","status-publish","hentry"],"jetpack_sharing_enabled":true,"jetpack_shortlink":"https:\/\/wp.me\/P840TR-13R","post_mailing_queue_ids":[],"_links":{"self":[{"href":"https:\/\/wpmu-bis.sys.kth.se\/safeplaces\/wp-json\/wp\/v2\/pages\/4083","targetHints":{"allow":["GET"]}}],"collection":[{"href":"https:\/\/wpmu-bis.sys.kth.se\/safeplaces\/wp-json\/wp\/v2\/pages"}],"about":[{"href":"https:\/\/wpmu-bis.sys.kth.se\/safeplaces\/wp-json\/wp\/v2\/types\/page"}],"author":[{"embeddable":true,"href":"https:\/\/wpmu-bis.sys.kth.se\/safeplaces\/wp-json\/wp\/v2\/users\/201"}],"replies":[{"embeddable":true,"href":"https:\/\/wpmu-bis.sys.kth.se\/safeplaces\/wp-json\/wp\/v2\/comments?post=4083"}],"version-history":[{"count":17,"href":"https:\/\/wpmu-bis.sys.kth.se\/safeplaces\/wp-json\/wp\/v2\/pages\/4083\/revisions"}],"predecessor-version":[{"id":4389,"href":"https:\/\/wpmu-bis.sys.kth.se\/safeplaces\/wp-json\/wp\/v2\/pages\/4083\/revisions\/4389"}],"wp:attachment":[{"href":"https:\/\/wpmu-bis.sys.kth.se\/safeplaces\/wp-json\/wp\/v2\/media?parent=4083"}],"curies":[{"name":"wp","href":"https:\/\/api.w.org\/{rel}","templated":true}]}}