{"id":407,"date":"2016-12-05T13:51:23","date_gmt":"2016-12-05T13:51:23","guid":{"rendered":"https:\/\/wpmu-bis.sys.kth.se\/safeplaces\/?page_id=407"},"modified":"2016-12-06T16:34:21","modified_gmt":"2016-12-06T16:34:21","slug":"plats-tid-brott","status":"publish","type":"page","link":"https:\/\/wpmu-bis.sys.kth.se\/safeplaces\/sv\/plats-tid-brott\/","title":{"rendered":"Plats, tid &amp; brott"},"content":{"rendered":"<p>Den goda nyheten \u00e4r att brott &#8211; ett av de st\u00f6rsta hot mot en stadskvalitet &#8211; inte h\u00e4nder slumpm\u00e4ssigt. Brott f\u00f6ljer regelbundna m\u00f6nster, de h\u00e4nder p\u00e5 vissa platser och tider. Om de f\u00f6rh\u00e5llanden under vilka brott intr\u00e4ffar kan b\u00e4ttre f\u00f6rst\u00e5s och motverkas, kan de \u00f6vergripande s\u00e4kerhetsf\u00f6rh\u00e5llandena p\u00e5 en plats f\u00f6rb\u00e4ttras. Detta kr\u00e4ver kunskap som \u00e4r kontextbaserad, med andra ord, m\u00e5ste vi veta var dessa h\u00e4ndelser intr\u00e4ffar, n\u00e4r de intr\u00e4ffar och \u00e4ven f\u00f6rst\u00e5 vem som p\u00e5verkas mest av dessa h\u00e4ndelser. N\u00e4r man tittar p\u00e5 brottsgeografi av en stad, vilken stad som helst, ser man tydliga m\u00f6nster. Man ser till exempel att vissa omr\u00e5den \u00e4r mer utsatta f\u00f6r brott \u00e4n andra (t.ex. stadsk\u00e4rnor), brott h\u00e4nder vid vissa typer av platser (t.ex. knutpunkter) och ofta, vid mycket speciella mikro platser (t.ex. vissa gatusegment) ibland med rej\u00e4l brottskoncentration. Vi tror att dessa platser med h\u00f6g koncentration av brott kan g\u00f6ras s\u00e4krare om vi vet tillr\u00e4ckligt om dem, deras natur i termer av vad som h\u00e4nder d\u00e4r \u00f6ver tiden.\u00a0 Detta kan \u00e5stadkommas genom att \u00e4ndra dem g\u00e4llande dessa egenskaper s\u00e5 det blir sv\u00e5rare f\u00f6r att brott beg\u00e5s p\u00e5 dessa platser.<\/p>\n<p><img loading=\"lazy\" decoding=\"async\" class=\"alignnone wp-image-408 \" src=\"\/wp-content\/uploads\/sites\/13\/2016\/12\/NEW3_Example_RBurgHotspots_2013Sales-e1481027817668-1024x169.jpg\" width=\"803\" height=\"133\" srcset=\"\/wp-content\/uploads\/sites\/13\/2016\/12\/NEW3_Example_RBurgHotspots_2013Sales-e1481027817668-1024x169.jpg 1024w, \/wp-content\/uploads\/sites\/13\/2016\/12\/NEW3_Example_RBurgHotspots_2013Sales-e1481027817668-300x49.jpg 300w, \/wp-content\/uploads\/sites\/13\/2016\/12\/NEW3_Example_RBurgHotspots_2013Sales-e1481027817668-768x127.jpg 768w\" sizes=\"auto, (max-width: 803px) 100vw, 803px\" \/><\/p>\n<p>Lika viktigt \u00e4r att vara medveten om att brott f\u00f6ljer regelbundna m\u00f6nster \u00f6ver tid. Som all annan m\u00e4nsklig verksamhet, beror brott p\u00e5 m\u00f6nster i individers rutinaktiviteter. Utnyttjandet av resurser kan f\u00f6rb\u00e4ttras om vi till exempel vet att fickst\u00f6lder oftare h\u00e4nder vid rusningstid p\u00e5 bussh\u00e5llplatser \u00e4n under resten av dagen. Ett liknande resonemang kan g\u00f6ras f\u00f6r vecko- och s\u00e4songsm\u00f6nster f\u00f6r brott. Vi vet till exempel att konflikter n\u00e5r ofta en topp n\u00e4r m\u00e4nniskor tr\u00e4ffar varandra p\u00e5 fritiden, p\u00e5 kv\u00e4llar, helger och helgdagar. Detta tidsm\u00f6nster speglar m\u00e4nniskors rutinaktivitet i staden och inte minst, uppkomst av brott. Men \u00e4ven om alla dessa n\u00f6dv\u00e4ndiga villkor f\u00f6r brott \u00e4r p\u00e5 plats, kanske brott inte h\u00e4nder, hur kan man f\u00f6rklara detta? F\u00f6r det f\u00f6rsta, milj\u00f6n p\u00e5verkar oss inte alla lika. F\u00f6r det andra, vi \u00e4r mobila och tillbringa olika tid i m\u00e5nga milj\u00f6er med skilda och varierande kriminogena egenskaper. Ju mer vi vet om individers aktivitetsm\u00f6nster och deras regelbundna aktiviteter, desto b\u00e4ttre kan vi f\u00f6rst\u00e5 brottsdynamiken. Den tekniska utvecklingen skapa nya m\u00f6jligheter att f\u00f6lja individers aktivitetsm\u00f6nster \u00f6ver tiden och f\u00f6rutse var brott ska h\u00e4nda. Av stor vikt f\u00f6r <strong><em>S\u00e4kraplatser n\u00e4tverket<\/em><\/strong> \u00e4r att utveckla nya metoder inom situationsbaserad brottsprevention som kan b\u00e4ttre arbeta med stora fl\u00f6den av information \u00f6ver tid och rum.<\/p>\n","protected":false},"excerpt":{"rendered":"<p>Den [&#8230;]<\/p>\n","protected":false},"author":31,"featured_media":0,"parent":0,"menu_order":0,"comment_status":"closed","ping_status":"closed","template":"","meta":{"_bbp_topic_count":0,"_bbp_reply_count":0,"_bbp_total_topic_count":0,"_bbp_total_reply_count":0,"_bbp_voice_count":0,"_bbp_anonymous_reply_count":0,"_bbp_topic_count_hidden":0,"_bbp_reply_count_hidden":0,"_bbp_forum_subforum_count":0,"episode_type":"","audio_file":"","podmotor_file_id":"","podmotor_episode_id":"","cover_image":"","cover_image_id":"","duration":"","filesize":"","filesize_raw":"","date_recorded":"","explicit":"","block":"","itunes_episode_number":"","itunes_title":"","itunes_season_number":"","itunes_episode_type":"","jetpack_post_was_ever_published":false,"footnotes":"","_links_to":"","_links_to_target":""},"class_list":["post-407","page","type-page","status-publish","hentry"],"jetpack_sharing_enabled":true,"jetpack_shortlink":"https:\/\/wp.me\/P840TR-6z","post_mailing_queue_ids":[],"_links":{"self":[{"href":"https:\/\/wpmu-bis.sys.kth.se\/safeplaces\/wp-json\/wp\/v2\/pages\/407","targetHints":{"allow":["GET"]}}],"collection":[{"href":"https:\/\/wpmu-bis.sys.kth.se\/safeplaces\/wp-json\/wp\/v2\/pages"}],"about":[{"href":"https:\/\/wpmu-bis.sys.kth.se\/safeplaces\/wp-json\/wp\/v2\/types\/page"}],"author":[{"embeddable":true,"href":"https:\/\/wpmu-bis.sys.kth.se\/safeplaces\/wp-json\/wp\/v2\/users\/31"}],"replies":[{"embeddable":true,"href":"https:\/\/wpmu-bis.sys.kth.se\/safeplaces\/wp-json\/wp\/v2\/comments?post=407"}],"version-history":[{"count":6,"href":"https:\/\/wpmu-bis.sys.kth.se\/safeplaces\/wp-json\/wp\/v2\/pages\/407\/revisions"}],"predecessor-version":[{"id":563,"href":"https:\/\/wpmu-bis.sys.kth.se\/safeplaces\/wp-json\/wp\/v2\/pages\/407\/revisions\/563"}],"wp:attachment":[{"href":"https:\/\/wpmu-bis.sys.kth.se\/safeplaces\/wp-json\/wp\/v2\/media?parent=407"}],"curies":[{"name":"wp","href":"https:\/\/api.w.org\/{rel}","templated":true}]}}