{"id":404,"date":"2016-12-05T13:48:14","date_gmt":"2016-12-05T13:48:14","guid":{"rendered":"https:\/\/wpmu-bis.sys.kth.se\/safeplaces\/?page_id=404"},"modified":"2020-04-29T09:00:32","modified_gmt":"2020-04-29T09:00:32","slug":"sakerhet-platser","status":"publish","type":"page","link":"https:\/\/wpmu-bis.sys.kth.se\/safeplaces\/sv\/sakerhet-platser\/","title":{"rendered":"Staden som en s\u00e4ker plats"},"content":{"rendered":"<p style=\"text-align: justify\">S\u00e4kerhet \u00e4r en kvalitet hos st\u00e4der. S\u00e4kerhet betyder bokstavligen &#8220;utan oro&#8221; eller &#8220;bekymmersl\u00f6s&#8221; vilket \u00e4r exakt hur vi k\u00e4nner p\u00e5 platser som \u00e4r fria fr\u00e5n fara eller erbjuder ingen eller liten risk f\u00f6r skada. Vi f\u00f6rv\u00e4ntar oss fr\u00e5n st\u00e4der att de ska tillhandah\u00e5lla s\u00e4kra platser, vitala platser med attraktionskraft och m\u00e5ngfald som en f\u00f6ljd av ett stort antal m\u00e4nniskor m\u00f6ts f\u00f6r olika \u00e4ndam\u00e5l. D\u00e4rf\u00f6r sammanfaller inneb\u00f6rden av s\u00e4kerhet &#8220;bekymmersl\u00f6s&#8221; med inneb\u00f6rden hos staden sj\u00e4lva<sup>1<\/sup>, en inneb\u00f6rd som i grunden \u00e4r m\u00e5ngfacetterad. Dessa karakteristika f\u00f6r staden omvandlas till kvaliteter och blir en anledning till att fler och fler m\u00e4nniskor bor i t\u00e4torter. Numera bor 54 procent av v\u00e4rldens befolkning i st\u00e4der, en andel som v\u00e4ntas \u00f6ka till 66 procent from till 2050. Sverige har haft den starkaste utvecklingen av urbaniseringen i Europa sedan mitten av 2000-talet.<\/p>\n<p style=\"text-align: justify\"><img loading=\"lazy\" decoding=\"async\" class=\"size-large wp-image-405 aligncenter\" src=\"\/wp-content\/uploads\/sites\/13\/2016\/12\/sakerhet1-1024x526.jpg\" alt=\"sakerhet1\" width=\"860\" height=\"442\" srcset=\"\/wp-content\/uploads\/sites\/13\/2016\/12\/sakerhet1-1024x526.jpg 1024w, \/wp-content\/uploads\/sites\/13\/2016\/12\/sakerhet1-300x154.jpg 300w, \/wp-content\/uploads\/sites\/13\/2016\/12\/sakerhet1-768x395.jpg 768w, \/wp-content\/uploads\/sites\/13\/2016\/12\/sakerhet1.jpg 1298w\" sizes=\"auto, (max-width: 860px) 100vw, 860px\" \/><\/p>\n<p style=\"text-align: justify\">Samtidigt har v\u00e4rlden bevittnat v\u00e4xande hot mot de grundl\u00e4ggande egenskaperna f\u00f6r st\u00e4der och mindre samh\u00e4llen. Oavsett om det \u00e4r de &#8220;gamla&#8221; hoten, s\u00e5som att bli utsatt f\u00f6r brott eller &#8220;nyare&#8221; ettor som terrorism, naturkatastrofer eller andra typer av skador, kr\u00e4ver dessa nya f\u00f6ruts\u00e4ttningar ett nytt s\u00e4tt att hantera och reagera p\u00e5 risker och farh\u00e5gor i det dagliga livet. Ett brett och komplext utbud av kunskapsf\u00f6rs\u00f6rjning m\u00e5ste vara p\u00e5 plats f\u00f6r att ta itu med hot i samh\u00e4llet som lamsl\u00e5r samh\u00e4llen och p\u00e5verkar m\u00e4nniskors liv. Det \u00e4r ett grundl\u00e4ggande krav f\u00f6r konstruktion och planering f\u00f6r att kunna planera, bygga och f\u00f6rvalta milj\u00f6er s\u00e5 att de kan vara inkluderande och s\u00e4kra f\u00f6r alla. Det \u00e4r ocks\u00e5 en viktig del f\u00f6r att kunna utveckla och utv\u00e4rdera aktuell forskning och metoder f\u00f6r att ta itu med dessa problem och tillhandah\u00e5lla b\u00e4ttre underlag f\u00f6r framtida \u00e5tg\u00e4rder. <strong><em>S\u00e4kraplatser n\u00e4tverk<\/em><\/strong> syftar till att bidra till uppfyllandet av dessa m\u00e5l och vi r\u00e4knar d\u00e4rf\u00f6r med din kunskap och erfarenhet vilket kommer att vara avg\u00f6rande f\u00f6r n\u00e4tverkets framg\u00e5ng.<\/p>\n<p style=\"text-align: justify\">\n<p style=\"text-align: justify\">_ _ _ _ _ _ _ _<\/p>\n<p style=\"text-align: justify\"><sup>1<\/sup> Cowan, R. (2005) <em>The dictionary of urbanism<\/em>. Tisbury: Streetwise Press.<\/p>\n","protected":false},"excerpt":{"rendered":"<p>S\u00e4kerhet [&#8230;]<\/p>\n","protected":false},"author":31,"featured_media":0,"parent":0,"menu_order":0,"comment_status":"closed","ping_status":"closed","template":"","meta":{"_bbp_topic_count":0,"_bbp_reply_count":0,"_bbp_total_topic_count":0,"_bbp_total_reply_count":0,"_bbp_voice_count":0,"_bbp_anonymous_reply_count":0,"_bbp_topic_count_hidden":0,"_bbp_reply_count_hidden":0,"_bbp_forum_subforum_count":0,"episode_type":"","audio_file":"","podmotor_file_id":"","podmotor_episode_id":"","cover_image":"","cover_image_id":"","duration":"","filesize":"","filesize_raw":"","date_recorded":"","explicit":"","block":"","itunes_episode_number":"","itunes_title":"","itunes_season_number":"","itunes_episode_type":"","jetpack_post_was_ever_published":false,"footnotes":"","_links_to":"","_links_to_target":""},"class_list":["post-404","page","type-page","status-publish","hentry"],"jetpack_sharing_enabled":true,"jetpack_shortlink":"https:\/\/wp.me\/P840TR-6w","post_mailing_queue_ids":[],"_links":{"self":[{"href":"https:\/\/wpmu-bis.sys.kth.se\/safeplaces\/wp-json\/wp\/v2\/pages\/404","targetHints":{"allow":["GET"]}}],"collection":[{"href":"https:\/\/wpmu-bis.sys.kth.se\/safeplaces\/wp-json\/wp\/v2\/pages"}],"about":[{"href":"https:\/\/wpmu-bis.sys.kth.se\/safeplaces\/wp-json\/wp\/v2\/types\/page"}],"author":[{"embeddable":true,"href":"https:\/\/wpmu-bis.sys.kth.se\/safeplaces\/wp-json\/wp\/v2\/users\/31"}],"replies":[{"embeddable":true,"href":"https:\/\/wpmu-bis.sys.kth.se\/safeplaces\/wp-json\/wp\/v2\/comments?post=404"}],"version-history":[{"count":5,"href":"https:\/\/wpmu-bis.sys.kth.se\/safeplaces\/wp-json\/wp\/v2\/pages\/404\/revisions"}],"predecessor-version":[{"id":4173,"href":"https:\/\/wpmu-bis.sys.kth.se\/safeplaces\/wp-json\/wp\/v2\/pages\/404\/revisions\/4173"}],"wp:attachment":[{"href":"https:\/\/wpmu-bis.sys.kth.se\/safeplaces\/wp-json\/wp\/v2\/media?parent=404"}],"curies":[{"name":"wp","href":"https:\/\/api.w.org\/{rel}","templated":true}]}}