{"id":4015,"date":"2020-04-22T09:04:44","date_gmt":"2020-04-22T09:04:44","guid":{"rendered":"https:\/\/www.sakraplatser.abe.kth.se\/?page_id=4015"},"modified":"2020-04-23T21:23:40","modified_gmt":"2020-04-23T21:23:40","slug":"week-4-2","status":"publish","type":"page","link":"https:\/\/wpmu-bis.sys.kth.se\/safeplaces\/week-4-2\/","title":{"rendered":"Week 4"},"content":{"rendered":"<p style=\"text-align: justify\"><img loading=\"lazy\" decoding=\"async\" class=\"aligncenter wp-image-3739 \" style=\"font-weight: bold;text-align: center;font-size: 0.95em\" src=\"\/wp-content\/uploads\/sites\/13\/2020\/04\/ICON_BIG-300x232.jpg\" alt=\"\" width=\"173\" height=\"134\" srcset=\"\/wp-content\/uploads\/sites\/13\/2020\/04\/ICON_BIG-300x232.jpg 300w, \/wp-content\/uploads\/sites\/13\/2020\/04\/ICON_BIG-1024x792.jpg 1024w, \/wp-content\/uploads\/sites\/13\/2020\/04\/ICON_BIG-768x594.jpg 768w, \/wp-content\/uploads\/sites\/13\/2020\/04\/ICON_BIG.jpg 1123w\" sizes=\"auto, (max-width: 173px) 100vw, 173px\" \/><\/p>\n<h3 style=\"text-align: center\"><strong>S\u00e4kraplatser-Podcasts<\/strong><\/h3>\n<p>&nbsp;<\/p>\n<p style=\"text-align: justify\"><strong>F\u00f6r\u00e4ndringar i v\u00e5ra dagliga rutinaktiviteter och s\u00e4kerhet: Vad kan vi l\u00e4ra oss?<\/strong><\/p>\n<p style=\"text-align: justify\"><strong>\u00a0<\/strong><\/p>\n<p style=\"text-align: justify\">I denna veckas podcast har vi 3 unga forskare som ber\u00e4ttar om sina erfarenheter kring pandemin fr\u00e5n 3 olika kontinenter: Afrika, Asien och Sydamerika.<\/p>\n<p style=\"text-align: justify\">M\u00e5nga h\u00e4vdar att karant\u00e4n kommer att leda till en kraftig \u00f6kning av v\u00e5ld i hemmet men i l\u00e4nder som Sydafrika och Brasilien har karant\u00e4n andra dimensioner: fattiga utan jobb som inte klara sig utan mat; tr\u00e5ngboddheten g\u00f6r det om\u00f6jligt att till\u00e4mpa karant\u00e4n och de som drabbas mest \u00e4r kvinnor som utg\u00f6r majoriteten av \u2019essential workers\u2019 inom sjukv\u00e5rden. I Brasilien anv\u00e4nder man situationen kring covid-19 som ett vapen i diskussioner kring politisk instabilitet.<\/p>\n<p style=\"text-align: justify\">Alla \u00e4r \u00f6verens om att vi kan l\u00e4ra oss fr\u00e5n dessa tider. Medan Karina och Miao fr\u00e5gar sig hur vi b\u00e4ttre kan planera st\u00e4der i framtiden t\u00e4nker Marcelo p\u00e5 l\u00f6sningar f\u00f6r kunna erbjuda sjukv\u00e5rd till alla.<\/p>\n<p style=\"text-align: justify\">Varmt v\u00e4lkomna att lyssna och \u00e5terkoppla g\u00e4rna vad ni tycker om eller inte gillar!<\/p>\n<p style=\"text-align: justify\">Vania Ceccato<\/p>\n<p><span style=\"color: #808080\">S\u00e4kraplatser samordnare<\/span><\/p>\n<hr \/>\n<h4 style=\"text-align: center\"><a href=\"https:\/\/www.sakraplatser.abe.kth.se\/en\/podcasts-3\/\"><strong>Other Podcasts<\/strong><\/a><\/h4>\n<p>&nbsp;<\/p>\n<p style=\"text-align: justify\"><strong>PODCAST 9<\/strong><\/p>\n<p>&nbsp;<\/p>\n<p style=\"text-align: justify\"><img loading=\"lazy\" decoding=\"async\" class=\"wp-image-4011 alignleft\" src=\"\/wp-content\/uploads\/sites\/13\/2020\/04\/Karina_Landman.jpg\" alt=\"\" width=\"271\" height=\"274\" srcset=\"\/wp-content\/uploads\/sites\/13\/2020\/04\/Karina_Landman.jpg 185w, \/wp-content\/uploads\/sites\/13\/2020\/04\/Karina_Landman-90x90.jpg 90w, \/wp-content\/uploads\/sites\/13\/2020\/04\/Karina_Landman-75x75.jpg 75w, \/wp-content\/uploads\/sites\/13\/2020\/04\/Karina_Landman-50x50.jpg 50w\" sizes=\"auto, (max-width: 271px) 100vw, 271px\" \/><\/p>\n<p style=\"text-align: justify\">South Africa has been quick in reacting to the pandemic. <strong>Karina Landman<\/strong> tells us that the extreme lockdown has made homicide dropped drastically, but what is the price? \u201cIs it sustainable in the long run?\u201d\u00a0 She wonders. Informal traders do not have jobs. Malnutrition among poor children is going up. The case of South Africa well exemplifies the challenges with coronavirus in the Global South. Karina is an Associate Professor at Pretoria University, an expert on gated communities, sustainable neighborhoods and housing, urban resilience, and public space.<\/p>\n<p><a href=\"https:\/\/www.podomatic.com\/podcasts\/sakraplatser\/episodes\/2020-04-22T21_28_18-07_00\"><img loading=\"lazy\" decoding=\"async\" class=\"wp-image-3813 alignleft\" src=\"\/wp-content\/uploads\/sites\/13\/2020\/04\/speaker-icon-png-6-300x300.jpg\" alt=\"\" width=\"52\" height=\"52\" srcset=\"\/wp-content\/uploads\/sites\/13\/2020\/04\/speaker-icon-png-6-300x300.jpg 300w, \/wp-content\/uploads\/sites\/13\/2020\/04\/speaker-icon-png-6-150x150.jpg 150w, \/wp-content\/uploads\/sites\/13\/2020\/04\/speaker-icon-png-6-768x768.jpg 768w, \/wp-content\/uploads\/sites\/13\/2020\/04\/speaker-icon-png-6-90x90.jpg 90w, \/wp-content\/uploads\/sites\/13\/2020\/04\/speaker-icon-png-6-75x75.jpg 75w, \/wp-content\/uploads\/sites\/13\/2020\/04\/speaker-icon-png-6-50x50.jpg 50w, \/wp-content\/uploads\/sites\/13\/2020\/04\/speaker-icon-png-6.jpg 1024w\" sizes=\"auto, (max-width: 52px) 100vw, 52px\" \/><\/a><\/p>\n<p>&nbsp;<\/p>\n<p><a href=\"https:\/\/www.podomatic.com\/podcasts\/sakraplatser\/episodes\/2020-04-22T21_28_18-07_00\"><strong>PODCAST<\/strong><\/a><\/p>\n<p>&nbsp;<\/p>\n<p><span style=\"color: #808080\">karina.landman@up.ac.za<\/span><\/p>\n<hr \/>\n<p style=\"text-align: justify\"><strong>PODCAST 10<\/strong><\/p>\n<p style=\"text-align: justify\"><strong><img loading=\"lazy\" decoding=\"async\" class=\"wp-image-4013 alignleft\" src=\"\/wp-content\/uploads\/sites\/13\/2020\/04\/Miao-XU.jpg\" alt=\"\" width=\"298\" height=\"301\" srcset=\"\/wp-content\/uploads\/sites\/13\/2020\/04\/Miao-XU.jpg 185w, \/wp-content\/uploads\/sites\/13\/2020\/04\/Miao-XU-90x90.jpg 90w, \/wp-content\/uploads\/sites\/13\/2020\/04\/Miao-XU-75x75.jpg 75w, \/wp-content\/uploads\/sites\/13\/2020\/04\/Miao-XU-50x50.jpg 50w\" sizes=\"auto, (max-width: 298px) 100vw, 298px\" \/><\/strong><\/p>\n<p style=\"text-align: justify\">What does lockdown look like in China? <strong>Miao Xu <\/strong>talks about her personal experience from Beijing, what is left of the outdoor activities in semi-secluded spaces, formal surveillance, and lessons that we can take with us from this time. \u201cHow can we plan better cities? \u2026Do we really need many shopping centers?\u201d wonders Miao who is an architect, with the education of both China and Germany. She worries about how divided we have become and calls for the union. \u201cI see the world as a big family\u201d, she says. In her Ph.D. thesis at KTH, she explores how to plan and build eco-cities in China.<\/p>\n<p><a href=\"https:\/\/www.podomatic.com\/podcasts\/sakraplatser\/episodes\/2020-04-22T12_36_43-07_00\"><img loading=\"lazy\" decoding=\"async\" class=\"wp-image-3813 alignleft\" src=\"\/wp-content\/uploads\/sites\/13\/2020\/04\/speaker-icon-png-6-300x300.jpg\" alt=\"\" width=\"52\" height=\"52\" srcset=\"\/wp-content\/uploads\/sites\/13\/2020\/04\/speaker-icon-png-6-300x300.jpg 300w, \/wp-content\/uploads\/sites\/13\/2020\/04\/speaker-icon-png-6-150x150.jpg 150w, \/wp-content\/uploads\/sites\/13\/2020\/04\/speaker-icon-png-6-768x768.jpg 768w, \/wp-content\/uploads\/sites\/13\/2020\/04\/speaker-icon-png-6-90x90.jpg 90w, \/wp-content\/uploads\/sites\/13\/2020\/04\/speaker-icon-png-6-75x75.jpg 75w, \/wp-content\/uploads\/sites\/13\/2020\/04\/speaker-icon-png-6-50x50.jpg 50w, \/wp-content\/uploads\/sites\/13\/2020\/04\/speaker-icon-png-6.jpg 1024w\" sizes=\"auto, (max-width: 52px) 100vw, 52px\" \/><\/a><\/p>\n<p>&nbsp;<\/p>\n<p><a href=\"https:\/\/www.podomatic.com\/podcasts\/sakraplatser\/episodes\/2020-04-22T12_36_43-07_00\"><strong>PODCAST<\/strong><\/a><\/p>\n<p>&nbsp;<\/p>\n<p><span style=\"color: #808080\"><a style=\"color: #808080\" href=\"mailto:mxu@kth.se\">mxu@kth.se<\/a><\/span><\/p>\n<hr \/>\n<p style=\"text-align: justify\"><strong>PODCAST 11<\/strong><\/p>\n<p>&nbsp;<\/p>\n<p style=\"text-align: justify\"><img loading=\"lazy\" decoding=\"async\" class=\"wp-image-4012 alignleft\" src=\"\/wp-content\/uploads\/sites\/13\/2020\/04\/marcelo-ryngelblum.jpg\" alt=\"\" width=\"280\" height=\"283\" srcset=\"\/wp-content\/uploads\/sites\/13\/2020\/04\/marcelo-ryngelblum.jpg 185w, \/wp-content\/uploads\/sites\/13\/2020\/04\/marcelo-ryngelblum-90x90.jpg 90w, \/wp-content\/uploads\/sites\/13\/2020\/04\/marcelo-ryngelblum-75x75.jpg 75w, \/wp-content\/uploads\/sites\/13\/2020\/04\/marcelo-ryngelblum-50x50.jpg 50w\" sizes=\"auto, (max-width: 280px) 100vw, 280px\" \/><\/p>\n<p>&nbsp;<\/p>\n<p style=\"text-align: justify\">To advocate the end of the quarantine, President Bolsonaro says that the pandemic can generate violence. Is this risk real? What is the impact of the pandemic on crime rates in Brazil? What are the challenges of post-pandemic Brazil? <strong>Marcelo Ryngelblum<\/strong>, a master candidate in Public Health at the University of Sao Paulo expresses his experiences under the new routine with the pandemic and worries about everyday struggles in a country facing major socio-economic and political challenges.<\/p>\n<p><a href=\"https:\/\/www.podomatic.com\/podcasts\/sakraplatser\/episodes\/2020-04-22T12_46_50-07_00\"><img loading=\"lazy\" decoding=\"async\" class=\"wp-image-3813 alignleft\" src=\"\/wp-content\/uploads\/sites\/13\/2020\/04\/speaker-icon-png-6-300x300.jpg\" alt=\"\" width=\"52\" height=\"52\" srcset=\"\/wp-content\/uploads\/sites\/13\/2020\/04\/speaker-icon-png-6-300x300.jpg 300w, \/wp-content\/uploads\/sites\/13\/2020\/04\/speaker-icon-png-6-150x150.jpg 150w, \/wp-content\/uploads\/sites\/13\/2020\/04\/speaker-icon-png-6-768x768.jpg 768w, \/wp-content\/uploads\/sites\/13\/2020\/04\/speaker-icon-png-6-90x90.jpg 90w, \/wp-content\/uploads\/sites\/13\/2020\/04\/speaker-icon-png-6-75x75.jpg 75w, \/wp-content\/uploads\/sites\/13\/2020\/04\/speaker-icon-png-6-50x50.jpg 50w, \/wp-content\/uploads\/sites\/13\/2020\/04\/speaker-icon-png-6.jpg 1024w\" sizes=\"auto, (max-width: 52px) 100vw, 52px\" \/><\/a><\/p>\n<p>&nbsp;<\/p>\n<p><a href=\"https:\/\/www.podomatic.com\/podcasts\/sakraplatser\/episodes\/2020-04-22T12_46_50-07_00\"><strong>PODCAST<\/strong><\/a><\/p>\n<p>&nbsp;<\/p>\n<p><span style=\"color: #808080\">marceloryn@gmail.com<\/span><\/p>\n<p>&nbsp;<\/p>\n<p>&nbsp;<\/p>\n<div class=\"powerpress_player\" id=\"powerpress_player_2142\"><audio class=\"wp-audio-shortcode\" id=\"audio-4015-1\" preload=\"none\" style=\"width: 100%;\" controls=\"controls\"><source type=\"audio\/mpeg\" src=\"https:\/\/static.sys.kth.se\/abe\/safeplaces\/poddar\/sakraplatser_2020-04-03T21_33_33-07_00.mp3?_=1\" \/><a href=\"https:\/\/static.sys.kth.se\/abe\/safeplaces\/poddar\/sakraplatser_2020-04-03T21_33_33-07_00.mp3\">https:\/\/static.sys.kth.se\/abe\/safeplaces\/poddar\/sakraplatser_2020-04-03T21_33_33-07_00.mp3<\/a><\/audio><\/div><p class=\"powerpress_links powerpress_links_mp3\" style=\"margin-bottom: 1px !important;\">Podcast: <a href=\"https:\/\/static.sys.kth.se\/abe\/safeplaces\/poddar\/sakraplatser_2020-04-03T21_33_33-07_00.mp3\" class=\"powerpress_link_pinw\" target=\"_blank\" title=\"Play in new window\" onclick=\"return powerpress_pinw('https:\/\/wpmu-bis.sys.kth.se\/safeplaces\/?powerpress_pinw=4015-podcast');\" rel=\"nofollow\">Play in new window<\/a> | <a href=\"https:\/\/static.sys.kth.se\/abe\/safeplaces\/poddar\/sakraplatser_2020-04-03T21_33_33-07_00.mp3\" class=\"powerpress_link_d\" title=\"Download\" rel=\"nofollow\" download=\"sakraplatser_2020-04-03T21_33_33-07_00.mp3\">Download<\/a><\/p><!--powerpress_player-->","protected":false},"excerpt":{"rendered":"<p>S\u00e4kraplatser-Podcasts [&#8230;]<\/p>\n","protected":false},"author":201,"featured_media":0,"parent":0,"menu_order":0,"comment_status":"closed","ping_status":"closed","template":"","meta":{"_bbp_topic_count":0,"_bbp_reply_count":0,"_bbp_total_topic_count":0,"_bbp_total_reply_count":0,"_bbp_voice_count":0,"_bbp_anonymous_reply_count":0,"_bbp_topic_count_hidden":0,"_bbp_reply_count_hidden":0,"_bbp_forum_subforum_count":0,"episode_type":"","audio_file":"https:\/\/static.sys.kth.se\/abe\/safeplaces\/poddar\/sakraplatser_2020-04-03T21_33_33-07_00.mp3\n17431338\naudio\/mpeg\na:3:{s:8:\"duration\";s:8:\"00:23:20\";s:8:\"explicit\";s:1:\"0\";s:12:\"itunes_image\";s:57:\"\/wp-content\/uploads\/sites\/13\/2020\/04\/ICON_BIG-300x232.jpg\";}","podmotor_file_id":"","podmotor_episode_id":"","cover_image":"","cover_image_id":"","duration":"","filesize":"","filesize_raw":"","date_recorded":"","explicit":"","block":"","itunes_episode_number":"","itunes_title":"","itunes_season_number":"","itunes_episode_type":"","jetpack_post_was_ever_published":false,"footnotes":"","_links_to":"","_links_to_target":""},"class_list":["post-4015","page","type-page","status-publish","hentry"],"jetpack_sharing_enabled":true,"jetpack_shortlink":"https:\/\/wp.me\/P840TR-12L","post_mailing_queue_ids":[],"_links":{"self":[{"href":"https:\/\/wpmu-bis.sys.kth.se\/safeplaces\/wp-json\/wp\/v2\/pages\/4015","targetHints":{"allow":["GET"]}}],"collection":[{"href":"https:\/\/wpmu-bis.sys.kth.se\/safeplaces\/wp-json\/wp\/v2\/pages"}],"about":[{"href":"https:\/\/wpmu-bis.sys.kth.se\/safeplaces\/wp-json\/wp\/v2\/types\/page"}],"author":[{"embeddable":true,"href":"https:\/\/wpmu-bis.sys.kth.se\/safeplaces\/wp-json\/wp\/v2\/users\/201"}],"replies":[{"embeddable":true,"href":"https:\/\/wpmu-bis.sys.kth.se\/safeplaces\/wp-json\/wp\/v2\/comments?post=4015"}],"version-history":[{"count":12,"href":"https:\/\/wpmu-bis.sys.kth.se\/safeplaces\/wp-json\/wp\/v2\/pages\/4015\/revisions"}],"predecessor-version":[{"id":4075,"href":"https:\/\/wpmu-bis.sys.kth.se\/safeplaces\/wp-json\/wp\/v2\/pages\/4015\/revisions\/4075"}],"wp:attachment":[{"href":"https:\/\/wpmu-bis.sys.kth.se\/safeplaces\/wp-json\/wp\/v2\/media?parent=4015"}],"curies":[{"name":"wp","href":"https:\/\/api.w.org\/{rel}","templated":true}]}}