{"id":3949,"date":"2020-04-22T05:41:08","date_gmt":"2020-04-22T05:41:08","guid":{"rendered":"https:\/\/www.sakraplatser.abe.kth.se\/?page_id=3949"},"modified":"2020-04-22T14:37:32","modified_gmt":"2020-04-22T14:37:32","slug":"week-3-2","status":"publish","type":"page","link":"https:\/\/wpmu-bis.sys.kth.se\/safeplaces\/week-3-2\/","title":{"rendered":"Week 3"},"content":{"rendered":"<p style=\"text-align: justify\"><img loading=\"lazy\" decoding=\"async\" class=\"aligncenter wp-image-3739 \" style=\"font-weight: bold;text-align: center;font-size: 0.95em\" src=\"\/wp-content\/uploads\/sites\/13\/2020\/04\/ICON_BIG-300x232.jpg\" alt=\"\" width=\"173\" height=\"134\" srcset=\"\/wp-content\/uploads\/sites\/13\/2020\/04\/ICON_BIG-300x232.jpg 300w, \/wp-content\/uploads\/sites\/13\/2020\/04\/ICON_BIG-1024x792.jpg 1024w, \/wp-content\/uploads\/sites\/13\/2020\/04\/ICON_BIG-768x594.jpg 768w, \/wp-content\/uploads\/sites\/13\/2020\/04\/ICON_BIG.jpg 1123w\" sizes=\"auto, (max-width: 173px) 100vw, 173px\" \/><\/p>\n<h3 style=\"text-align: center\"><strong>S\u00e4kraplatser-Podcasts<\/strong><\/h3>\n<p>&nbsp;<\/p>\n<p style=\"text-align: justify\"><strong>F\u00f6r\u00e4ndringar i v\u00e5ra dagliga rutinaktiviteter och s\u00e4kerhet: Vad kan vi l\u00e4ra oss?<\/strong><\/p>\n<p style=\"text-align: justify\"><strong>\u00a0<\/strong><\/p>\n<p style=\"text-align: justify\">Veckans nyckelord \u00e4r: Innovationer, samarbete och st\u00f6d p\u00e5 alla niv\u00e5er!<\/p>\n<p style=\"text-align: justify\">I denna veckas podcast har vi 2 experter, en fr\u00e5n NYC och en fr\u00e5n Sverige som talar om vad covid-19 har f\u00f6r betydelse i deras dagliga liv samt vad de ser f\u00f6r p\u00e5verkan p\u00e5 brottsm\u00f6nster med s\u00e4rskild fokus p\u00e5 brott i n\u00e4ra relationer.\u00a0 B\u00e5de n\u00e4mner behov av samarbete p\u00e5 alla niv\u00e5er, n\u00e5got som ocks\u00e5 po\u00e4ngteras starkt av Melker Labory som \u00e4r samordnare f\u00f6r det brottsf\u00f6rebyggande arbetet i Kalmar l\u00e4n och nu nationell samordnare f\u00f6r L\u00e4nsstyrelsernas brottsf\u00f6rebyggande arbete utifr\u00e5n Covid-19.<\/p>\n<p style=\"text-align: justify\">Varmt v\u00e4lkomna att lyssna och \u00e5terkoppla g\u00e4rna vad ni tycker om eller inte gillar!<\/p>\n<p style=\"text-align: justify\">Vania Ceccato<\/p>\n<hr \/>\n<h4 style=\"text-align: center\"><a href=\"https:\/\/www.sakraplatser.abe.kth.se\/en\/podcasts-3\/\"><strong>Other Podcasts<\/strong><\/a><\/h4>\n<p>&nbsp;<\/p>\n<p><strong>PODCAST 6<\/strong><\/p>\n<p>&nbsp;<\/p>\n<p><img loading=\"lazy\" decoding=\"async\" class=\"wp-image-3891 size-full alignleft\" src=\"\/wp-content\/uploads\/sites\/13\/2020\/04\/mangai-natarajan-1.jpg\" alt=\"\" width=\"185\" height=\"187\" srcset=\"\/wp-content\/uploads\/sites\/13\/2020\/04\/mangai-natarajan-1.jpg 185w, \/wp-content\/uploads\/sites\/13\/2020\/04\/mangai-natarajan-1-90x90.jpg 90w, \/wp-content\/uploads\/sites\/13\/2020\/04\/mangai-natarajan-1-75x75.jpg 75w, \/wp-content\/uploads\/sites\/13\/2020\/04\/mangai-natarajan-1-50x50.jpg 50w\" sizes=\"auto, (max-width: 185px) 100vw, 185px\" \/><\/p>\n<p style=\"text-align: justify\"><strong>Prof. Mangai Natarajan<\/strong> talks about the \u2018new\u2019 pressures in the most vulnerable homes in the USA under the crisis of Covid-19. She offers examples of innovation both in terms of new crimes but also as solutions for our current problems. By using references from the USA and India, she reminds us that what we have to face, is not a one-man issue, it is not a community issue, it is not a country&#8217;s issue&#8230;we all have to do this together. She points out the global thinking for local action. \u00a0Mangai Natarajan is a Professor at John Jay College of Criminal Justice, The City University of New York, USA.\u00a0 <a href=\"https:\/\/www.podomatic.com\/podcasts\/sakraplatser\/episodes\/2020-04-19T07_48_58-07_00\"><img loading=\"lazy\" decoding=\"async\" class=\"wp-image-3813 alignleft\" src=\"\/wp-content\/uploads\/sites\/13\/2020\/04\/speaker-icon-png-6-300x300.jpg\" alt=\"\" width=\"52\" height=\"52\" srcset=\"\/wp-content\/uploads\/sites\/13\/2020\/04\/speaker-icon-png-6-300x300.jpg 300w, \/wp-content\/uploads\/sites\/13\/2020\/04\/speaker-icon-png-6-150x150.jpg 150w, \/wp-content\/uploads\/sites\/13\/2020\/04\/speaker-icon-png-6-768x768.jpg 768w, \/wp-content\/uploads\/sites\/13\/2020\/04\/speaker-icon-png-6-90x90.jpg 90w, \/wp-content\/uploads\/sites\/13\/2020\/04\/speaker-icon-png-6-75x75.jpg 75w, \/wp-content\/uploads\/sites\/13\/2020\/04\/speaker-icon-png-6-50x50.jpg 50w, \/wp-content\/uploads\/sites\/13\/2020\/04\/speaker-icon-png-6.jpg 1024w\" sizes=\"auto, (max-width: 52px) 100vw, 52px\" \/><\/a><\/p>\n<p style=\"text-align: justify\"><a href=\"https:\/\/www.podomatic.com\/podcasts\/sakraplatser\/episodes\/2020-04-19T07_48_58-07_00\"><strong>PODCAST<\/strong><\/a><\/p>\n<p>&nbsp;<\/p>\n<p><span style=\"color: #808080\">mnatarajan@jjay.cuny.edu<\/span><\/p>\n<hr \/>\n<p><strong>PODCAST 7<\/strong><\/p>\n<p><img loading=\"lazy\" decoding=\"async\" class=\"wp-image-3890 size-full alignleft\" src=\"\/wp-content\/uploads\/sites\/13\/2020\/04\/Jenny_Westerstrand.jpg\" alt=\"\" width=\"185\" height=\"187\" srcset=\"\/wp-content\/uploads\/sites\/13\/2020\/04\/Jenny_Westerstrand.jpg 185w, \/wp-content\/uploads\/sites\/13\/2020\/04\/Jenny_Westerstrand-90x90.jpg 90w, \/wp-content\/uploads\/sites\/13\/2020\/04\/Jenny_Westerstrand-75x75.jpg 75w, \/wp-content\/uploads\/sites\/13\/2020\/04\/Jenny_Westerstrand-50x50.jpg 50w\" sizes=\"auto, (max-width: 185px) 100vw, 185px\" \/><\/p>\n<p style=\"text-align: justify\">\u201dVi \u00e4r oroliga f\u00f6r \u00e4ldre kvinnor \u2013 de \u00e4r inte s\u00e5 aktiva p\u00e5 n\u00e4tet och nu m\u00e5ste de stanna hemma\u201d s\u00e4ger <strong>Jenny Westerstrand<\/strong> som \u00e4r ordf\u00f6rande f\u00f6r ROKS &#8211; Riksorganisationen f\u00f6r kvinnojourer och tjejjourer i Sverige. Hon s\u00e4ger att \u201ddet \u00e4r tidigt att s\u00e4ga men erfarenheten visar fr\u00e5n andra tillf\u00e4llen n\u00e4r \u00a0samh\u00e4llet sluter sig blir kvinnor mer utsatta f\u00f6r v\u00e5ld\u2026.\u00a0 Vi m\u00e5ste kunna vara h\u00e4r f\u00f6r dem innan kvinnor \u00e4r d\u00f6dshotad,\u00a0 d\u00e5 \u00e4r det f\u00f6r sent \u2026 \u201d<\/p>\n<p><a href=\"https:\/\/www.podomatic.com\/podcasts\/sakraplatser\/episodes\/2020-04-19T07_55_10-07_00\"><img loading=\"lazy\" decoding=\"async\" class=\"wp-image-3813 alignleft\" src=\"\/wp-content\/uploads\/sites\/13\/2020\/04\/speaker-icon-png-6-300x300.jpg\" alt=\"\" width=\"52\" height=\"52\" srcset=\"\/wp-content\/uploads\/sites\/13\/2020\/04\/speaker-icon-png-6-300x300.jpg 300w, \/wp-content\/uploads\/sites\/13\/2020\/04\/speaker-icon-png-6-150x150.jpg 150w, \/wp-content\/uploads\/sites\/13\/2020\/04\/speaker-icon-png-6-768x768.jpg 768w, \/wp-content\/uploads\/sites\/13\/2020\/04\/speaker-icon-png-6-90x90.jpg 90w, \/wp-content\/uploads\/sites\/13\/2020\/04\/speaker-icon-png-6-75x75.jpg 75w, \/wp-content\/uploads\/sites\/13\/2020\/04\/speaker-icon-png-6-50x50.jpg 50w, \/wp-content\/uploads\/sites\/13\/2020\/04\/speaker-icon-png-6.jpg 1024w\" sizes=\"auto, (max-width: 52px) 100vw, 52px\" \/><\/a><\/p>\n<p>&nbsp;<\/p>\n<p><a href=\"https:\/\/www.podomatic.com\/podcasts\/sakraplatser\/episodes\/2020-04-19T07_55_10-07_00\"><strong>PODCAST<\/strong><\/a><\/p>\n<p>&nbsp;<\/p>\n<p><span style=\"color: #808080\">jenny.westerstrand@roks.se<\/span><\/p>\n<hr \/>\n<p><strong>PODCAST 8<\/strong><\/p>\n<p><img loading=\"lazy\" decoding=\"async\" class=\"wp-image-3892 size-full alignleft\" src=\"\/wp-content\/uploads\/sites\/13\/2020\/04\/Melker-Labory-1.jpg\" alt=\"\" width=\"185\" height=\"187\" srcset=\"\/wp-content\/uploads\/sites\/13\/2020\/04\/Melker-Labory-1.jpg 185w, \/wp-content\/uploads\/sites\/13\/2020\/04\/Melker-Labory-1-90x90.jpg 90w, \/wp-content\/uploads\/sites\/13\/2020\/04\/Melker-Labory-1-75x75.jpg 75w, \/wp-content\/uploads\/sites\/13\/2020\/04\/Melker-Labory-1-50x50.jpg 50w\" sizes=\"auto, (max-width: 185px) 100vw, 185px\" \/><\/p>\n<p style=\"text-align: justify\"><strong>Melker Labory<\/strong> \u00e4r samordnare f\u00f6r det brottsf\u00f6rebyggande arbetet i Kalmar. Just nu ing\u00e5r i hans arbetsuppgifter att nationellt samordna L\u00e4nsstyrelsernas brottsf\u00f6rebyggande arbete utifr\u00e5n Covid-19. Melker s\u00e4ger att vi beh\u00f6ver ha ett bredare perspektiv n\u00e4r vi t\u00e4nker p\u00e5 brottsprevention \u2013 det kr\u00e4vs mer och b\u00e4ttre samarbete. Om Covid-19 specifik, ser han nu goda signaler \u201djag ser en stor anstr\u00e4ngning hos alla, de vill g\u00f6ra r\u00e4tt\u201d<\/p>\n<p><a href=\"https:\/\/www.podomatic.com\/podcasts\/sakraplatser\/episodes\/2020-04-19T08_11_22-07_00\"><img loading=\"lazy\" decoding=\"async\" class=\"wp-image-3813 alignleft\" src=\"\/wp-content\/uploads\/sites\/13\/2020\/04\/speaker-icon-png-6-300x300.jpg\" alt=\"\" width=\"52\" height=\"52\" srcset=\"\/wp-content\/uploads\/sites\/13\/2020\/04\/speaker-icon-png-6-300x300.jpg 300w, \/wp-content\/uploads\/sites\/13\/2020\/04\/speaker-icon-png-6-150x150.jpg 150w, \/wp-content\/uploads\/sites\/13\/2020\/04\/speaker-icon-png-6-768x768.jpg 768w, \/wp-content\/uploads\/sites\/13\/2020\/04\/speaker-icon-png-6-90x90.jpg 90w, \/wp-content\/uploads\/sites\/13\/2020\/04\/speaker-icon-png-6-75x75.jpg 75w, \/wp-content\/uploads\/sites\/13\/2020\/04\/speaker-icon-png-6-50x50.jpg 50w, \/wp-content\/uploads\/sites\/13\/2020\/04\/speaker-icon-png-6.jpg 1024w\" sizes=\"auto, (max-width: 52px) 100vw, 52px\" \/><\/a><\/p>\n<p>&nbsp;<\/p>\n<p><a href=\"https:\/\/www.podomatic.com\/podcasts\/sakraplatser\/episodes\/2020-04-19T08_11_22-07_00\"><strong>PODCAST<\/strong><\/a><\/p>\n<p>&nbsp;<\/p>\n<p><span style=\"color: #808080\">melker.labory@lansstyrelsen.se<\/span><\/p>\n<p>&nbsp;<\/p>\n","protected":false},"excerpt":{"rendered":"<p>S\u00e4kraplatser-Podcasts [&#8230;]<\/p>\n","protected":false},"author":201,"featured_media":0,"parent":0,"menu_order":0,"comment_status":"closed","ping_status":"closed","template":"","meta":{"_bbp_topic_count":0,"_bbp_reply_count":0,"_bbp_total_topic_count":0,"_bbp_total_reply_count":0,"_bbp_voice_count":0,"_bbp_anonymous_reply_count":0,"_bbp_topic_count_hidden":0,"_bbp_reply_count_hidden":0,"_bbp_forum_subforum_count":0,"episode_type":"","audio_file":"","podmotor_file_id":"","podmotor_episode_id":"","cover_image":"","cover_image_id":"","duration":"","filesize":"","filesize_raw":"","date_recorded":"","explicit":"","block":"","itunes_episode_number":"","itunes_title":"","itunes_season_number":"","itunes_episode_type":"","jetpack_post_was_ever_published":false,"footnotes":"","_links_to":"","_links_to_target":""},"class_list":["post-3949","page","type-page","status-publish","hentry"],"jetpack_sharing_enabled":true,"jetpack_shortlink":"https:\/\/wp.me\/P840TR-11H","post_mailing_queue_ids":[],"_links":{"self":[{"href":"https:\/\/wpmu-bis.sys.kth.se\/safeplaces\/wp-json\/wp\/v2\/pages\/3949","targetHints":{"allow":["GET"]}}],"collection":[{"href":"https:\/\/wpmu-bis.sys.kth.se\/safeplaces\/wp-json\/wp\/v2\/pages"}],"about":[{"href":"https:\/\/wpmu-bis.sys.kth.se\/safeplaces\/wp-json\/wp\/v2\/types\/page"}],"author":[{"embeddable":true,"href":"https:\/\/wpmu-bis.sys.kth.se\/safeplaces\/wp-json\/wp\/v2\/users\/201"}],"replies":[{"embeddable":true,"href":"https:\/\/wpmu-bis.sys.kth.se\/safeplaces\/wp-json\/wp\/v2\/comments?post=3949"}],"version-history":[{"count":6,"href":"https:\/\/wpmu-bis.sys.kth.se\/safeplaces\/wp-json\/wp\/v2\/pages\/3949\/revisions"}],"predecessor-version":[{"id":4045,"href":"https:\/\/wpmu-bis.sys.kth.se\/safeplaces\/wp-json\/wp\/v2\/pages\/3949\/revisions\/4045"}],"wp:attachment":[{"href":"https:\/\/wpmu-bis.sys.kth.se\/safeplaces\/wp-json\/wp\/v2\/media?parent=3949"}],"curies":[{"name":"wp","href":"https:\/\/api.w.org\/{rel}","templated":true}]}}