{"id":3927,"date":"2020-04-22T05:21:14","date_gmt":"2020-04-22T05:21:14","guid":{"rendered":"https:\/\/www.sakraplatser.abe.kth.se\/?page_id=3927"},"modified":"2020-04-22T09:26:15","modified_gmt":"2020-04-22T09:26:15","slug":"week-1","status":"publish","type":"page","link":"https:\/\/wpmu-bis.sys.kth.se\/safeplaces\/sv\/week-1\/","title":{"rendered":"Week 1"},"content":{"rendered":"<p style=\"text-align: justify\"><img loading=\"lazy\" decoding=\"async\" class=\"aligncenter wp-image-3739 \" style=\"font-weight: bold;text-align: center;font-size: 0.95em\" src=\"\/wp-content\/uploads\/sites\/13\/2020\/04\/ICON_BIG-300x232.jpg\" alt=\"\" width=\"173\" height=\"134\" srcset=\"\/wp-content\/uploads\/sites\/13\/2020\/04\/ICON_BIG-300x232.jpg 300w, \/wp-content\/uploads\/sites\/13\/2020\/04\/ICON_BIG-1024x792.jpg 1024w, \/wp-content\/uploads\/sites\/13\/2020\/04\/ICON_BIG-768x594.jpg 768w, \/wp-content\/uploads\/sites\/13\/2020\/04\/ICON_BIG.jpg 1123w\" sizes=\"auto, (max-width: 173px) 100vw, 173px\" \/><\/p>\n<h3 style=\"text-align: center\"><strong>S\u00e4kraplatser-Poddar<\/strong><\/h3>\n<p>&nbsp;<\/p>\n<p style=\"text-align: justify\"><strong>F\u00f6r\u00e4ndringar i v\u00e5ra dagliga rutinaktiviteter och s\u00e4kerhet: Vad kan vi l\u00e4ra oss?<\/strong><\/p>\n<p style=\"text-align: justify\"><strong>\u00a0<\/strong><\/p>\n<p style=\"text-align: justify\">Den h\u00e4r tiden saknar motstycke. Den nordamerikanska historikern Doris K Goodwin p\u00e5minner oss om att det som g\u00f6r det s\u00e5 sv\u00e5rt att ta in vad som h\u00e4nder nu \u00e4r att den stora majoriteten av oss aldrig har upplevt en situation som s\u00e5 drastiskt p\u00e5verkar v\u00e5ra dagliga rutiner. Detta \u00e4r korrekt. Det urbana livet har f\u00f6r\u00e4ndrats dramatiskt d\u00e5 stora grupper nu stannar hemma, f\u00e4rre r\u00f6r sig p\u00e5 gatorna och social distansering har blivit en ny norm.<\/p>\n<p style=\"text-align: justify\">De h\u00e4r poddarna handlar om vad vi &#8211; som forskare och praktiker \u2013 redan nu har l\u00e4rt oss under denna unika tid.<\/p>\n<p style=\"text-align: justify\">Vi reflekterar \u00f6ver vad som redan har h\u00e4nt och vad som kommer att komma, &#8220;v\u00e5ra b\u00e4sta gissningar&#8221;. \u00c5ngest och v\u00e5ra begr\u00e4nsningar som individer och yrkesverksamma tar intryck av r\u00f6sterna fr\u00e5n experter fr\u00e5n landsbygds-Sverige till NYC, Kina, Indien eller Afrika. De uttrycker r\u00e4dslan f\u00f6r smitta, f\u00f6rlust av jobb och social och politisk instabilitet och m\u00e5nga andra b\u00e5de troliga och orealistiska hot.<\/p>\n<p style=\"text-align: justify\">De ger ocks\u00e5 hopp &#8211; n\u00e4r de ger r\u00f6st \u00e5t m\u00e4nniskor som arbetar med full fart f\u00f6r att f\u00f6rst\u00e5 och hantera problemen i fokus, med hopp om att vi kan vara b\u00e4ttre f\u00f6rberedda p\u00e5 liknande utmaningar i framtiden.<\/p>\n<p style=\"text-align: justify\">Alla talare belyser vikten av <em>kunskap<\/em> som v\u00e4sentligt i processen f\u00f6r att anpassa v\u00e5ra liv till denna nya verklighet. Dessa podcast \u00e4r v\u00e5rt \u00f6dmjuka bidrag till denna p\u00e5g\u00e5ende kollektiva kunskapsuppbyggnad.<\/p>\n<p style=\"text-align: justify\">Varmt v\u00e4lkomna att lyssna och \u00e5terkoppla g\u00e4rna vad ni tycker om eller inte gillar!<\/p>\n<p style=\"text-align: justify\">Vania Ceccato<\/p>\n<hr \/>\n<h4 style=\"text-align: center\"><a href=\"https:\/\/www.sakraplatser.abe.kth.se\/podcasts-2\/\"><strong>Andra Poddar<\/strong><\/a><\/h4>\n<p>&nbsp;<\/p>\n<p style=\"text-align: justify\"><strong>PODD 1<\/strong><\/p>\n<p style=\"text-align: justify\"><img loading=\"lazy\" decoding=\"async\" class=\"wp-image-3771 alignleft\" src=\"\/wp-content\/uploads\/sites\/13\/2020\/04\/bergqvist.jpg\" alt=\"\" width=\"188\" height=\"188\" srcset=\"\/wp-content\/uploads\/sites\/13\/2020\/04\/bergqvist.jpg 200w, \/wp-content\/uploads\/sites\/13\/2020\/04\/bergqvist-150x150.jpg 150w, \/wp-content\/uploads\/sites\/13\/2020\/04\/bergqvist-90x90.jpg 90w, \/wp-content\/uploads\/sites\/13\/2020\/04\/bergqvist-75x75.jpg 75w, \/wp-content\/uploads\/sites\/13\/2020\/04\/bergqvist-50x50.jpg 50w\" sizes=\"auto, (max-width: 188px) 100vw, 188px\" \/><\/p>\n<p>&nbsp;<\/p>\n<p style=\"text-align: justify\">Som <strong>Malin Bergqvist<\/strong> v\u00e4l uttrycker det &#8220;den planering vi hade g\u00e4ller inte l\u00e4ngre &#8230; vi lever i en annan verklighet som kr\u00e4ver olika typer av analys och l\u00f6sningar &#8230;&#8221;. Malin Bergqvist \u00e4r folkh\u00e4lsosamordnare i \u00c5re, en mycket efterfr\u00e5gad turistkommun som p\u00e5verkas av epidemin p\u00e5 olika s\u00e4tt, b\u00e5de i antal drabbade av viruset men ocks\u00e5 ekonomin som \u00e4r beroende av turism.<\/p>\n<p><a href=\"https:\/\/www.podomatic.com\/podcasts\/sakraplatser\/episodes\/2020-04-03T21_33_33-07_00\"><img loading=\"lazy\" decoding=\"async\" class=\"wp-image-3813 alignleft\" src=\"\/wp-content\/uploads\/sites\/13\/2020\/04\/speaker-icon-png-6-300x300.jpg\" alt=\"\" width=\"52\" height=\"52\" srcset=\"\/wp-content\/uploads\/sites\/13\/2020\/04\/speaker-icon-png-6-300x300.jpg 300w, \/wp-content\/uploads\/sites\/13\/2020\/04\/speaker-icon-png-6-150x150.jpg 150w, \/wp-content\/uploads\/sites\/13\/2020\/04\/speaker-icon-png-6-768x768.jpg 768w, \/wp-content\/uploads\/sites\/13\/2020\/04\/speaker-icon-png-6-90x90.jpg 90w, \/wp-content\/uploads\/sites\/13\/2020\/04\/speaker-icon-png-6-75x75.jpg 75w, \/wp-content\/uploads\/sites\/13\/2020\/04\/speaker-icon-png-6-50x50.jpg 50w, \/wp-content\/uploads\/sites\/13\/2020\/04\/speaker-icon-png-6.jpg 1024w\" sizes=\"auto, (max-width: 52px) 100vw, 52px\" \/><\/a><\/p>\n<p>&nbsp;<\/p>\n<p><strong><a href=\"https:\/\/www.podomatic.com\/podcasts\/sakraplatser\/episodes\/2020-04-03T21_33_33-07_00\">PODD<\/a><\/strong><\/p>\n<p>&nbsp;<\/p>\n<p><span style=\"color: #808080\">malin.bergqvist@are.se<\/span><\/p>\n<hr \/>\n<p style=\"text-align: justify\"><strong>PODD 2<\/strong><\/p>\n<p style=\"text-align: justify\"><strong><img loading=\"lazy\" decoding=\"async\" class=\" wp-image-3767 alignleft\" src=\"\/wp-content\/uploads\/sites\/13\/2020\/04\/Landstrom-1.jpg\" alt=\"\" width=\"194\" height=\"194\" srcset=\"\/wp-content\/uploads\/sites\/13\/2020\/04\/Landstrom-1.jpg 168w, \/wp-content\/uploads\/sites\/13\/2020\/04\/Landstrom-1-150x150.jpg 150w, \/wp-content\/uploads\/sites\/13\/2020\/04\/Landstrom-1-90x90.jpg 90w, \/wp-content\/uploads\/sites\/13\/2020\/04\/Landstrom-1-75x75.jpg 75w, \/wp-content\/uploads\/sites\/13\/2020\/04\/Landstrom-1-50x50.jpg 50w\" sizes=\"auto, (max-width: 194px) 100vw, 194px\" \/><\/strong><\/p>\n<p>&nbsp;<\/p>\n<p style=\"text-align: justify\"><strong>Jan Landstr\u00f6m<\/strong> \u00e4r Trygghetsamordnare p\u00e5 Nacka Kommun i Stockholmsomr\u00e5det och f\u00f6r honom \u00e4r det ingen tvekan om att vi har mycket att l\u00e4ra av den h\u00e4r tiden. N\u00e4r man t\u00e4nker specifik om brottsprevention menar han att kommunen har en speciell roll i alla dessa insatser som g\u00f6rs men man m\u00e5ste se till att alla niv\u00e5er i planering \u00e4r med.<\/p>\n<p><a href=\"https:\/\/www.podomatic.com\/podcasts\/sakraplatser\/episodes\/2020-04-03T21_43_18-07_00\"><img loading=\"lazy\" decoding=\"async\" class=\"wp-image-3813 alignleft\" src=\"\/wp-content\/uploads\/sites\/13\/2020\/04\/speaker-icon-png-6-300x300.jpg\" alt=\"\" width=\"52\" height=\"52\" srcset=\"\/wp-content\/uploads\/sites\/13\/2020\/04\/speaker-icon-png-6-300x300.jpg 300w, \/wp-content\/uploads\/sites\/13\/2020\/04\/speaker-icon-png-6-150x150.jpg 150w, \/wp-content\/uploads\/sites\/13\/2020\/04\/speaker-icon-png-6-768x768.jpg 768w, \/wp-content\/uploads\/sites\/13\/2020\/04\/speaker-icon-png-6-90x90.jpg 90w, \/wp-content\/uploads\/sites\/13\/2020\/04\/speaker-icon-png-6-75x75.jpg 75w, \/wp-content\/uploads\/sites\/13\/2020\/04\/speaker-icon-png-6-50x50.jpg 50w, \/wp-content\/uploads\/sites\/13\/2020\/04\/speaker-icon-png-6.jpg 1024w\" sizes=\"auto, (max-width: 52px) 100vw, 52px\" \/><\/a><\/p>\n<p>&nbsp;<\/p>\n<p><a href=\"https:\/\/www.podomatic.com\/podcasts\/sakraplatser\/episodes\/2020-04-03T21_43_18-07_00\"><strong>PODD<\/strong><\/a><\/p>\n<p>&nbsp;<\/p>\n<p><span style=\"color: #808080\">jan.landstrom@nacka.se<\/span><\/p>\n<p>&nbsp;<\/p>\n","protected":false},"excerpt":{"rendered":"<p>S\u00e4kraplatser-Poddar [&#8230;]<\/p>\n","protected":false},"author":201,"featured_media":0,"parent":0,"menu_order":0,"comment_status":"closed","ping_status":"closed","template":"","meta":{"_bbp_topic_count":0,"_bbp_reply_count":0,"_bbp_total_topic_count":0,"_bbp_total_reply_count":0,"_bbp_voice_count":0,"_bbp_anonymous_reply_count":0,"_bbp_topic_count_hidden":0,"_bbp_reply_count_hidden":0,"_bbp_forum_subforum_count":0,"episode_type":"","audio_file":"","podmotor_file_id":"","podmotor_episode_id":"","cover_image":"","cover_image_id":"","duration":"","filesize":"","filesize_raw":"","date_recorded":"","explicit":"","block":"","itunes_episode_number":"","itunes_title":"","itunes_season_number":"","itunes_episode_type":"","jetpack_post_was_ever_published":false,"footnotes":"","_links_to":"","_links_to_target":""},"class_list":["post-3927","page","type-page","status-publish","hentry"],"jetpack_sharing_enabled":true,"jetpack_shortlink":"https:\/\/wp.me\/P840TR-11l","post_mailing_queue_ids":[],"_links":{"self":[{"href":"https:\/\/wpmu-bis.sys.kth.se\/safeplaces\/wp-json\/wp\/v2\/pages\/3927","targetHints":{"allow":["GET"]}}],"collection":[{"href":"https:\/\/wpmu-bis.sys.kth.se\/safeplaces\/wp-json\/wp\/v2\/pages"}],"about":[{"href":"https:\/\/wpmu-bis.sys.kth.se\/safeplaces\/wp-json\/wp\/v2\/types\/page"}],"author":[{"embeddable":true,"href":"https:\/\/wpmu-bis.sys.kth.se\/safeplaces\/wp-json\/wp\/v2\/users\/201"}],"replies":[{"embeddable":true,"href":"https:\/\/wpmu-bis.sys.kth.se\/safeplaces\/wp-json\/wp\/v2\/comments?post=3927"}],"version-history":[{"count":10,"href":"https:\/\/wpmu-bis.sys.kth.se\/safeplaces\/wp-json\/wp\/v2\/pages\/3927\/revisions"}],"predecessor-version":[{"id":4032,"href":"https:\/\/wpmu-bis.sys.kth.se\/safeplaces\/wp-json\/wp\/v2\/pages\/3927\/revisions\/4032"}],"wp:attachment":[{"href":"https:\/\/wpmu-bis.sys.kth.se\/safeplaces\/wp-json\/wp\/v2\/media?parent=3927"}],"curies":[{"name":"wp","href":"https:\/\/api.w.org\/{rel}","templated":true}]}}