{"id":3826,"date":"2020-04-08T17:36:00","date_gmt":"2020-04-08T17:36:00","guid":{"rendered":"https:\/\/www.sakraplatser.abe.kth.se\/?page_id=3826"},"modified":"2022-06-22T20:06:11","modified_gmt":"2022-06-22T20:06:11","slug":"studentblogg","status":"publish","type":"page","link":"https:\/\/wpmu-bis.sys.kth.se\/safeplaces\/sv\/studentblogg\/","title":{"rendered":"STUDENTBLOGG"},"content":{"rendered":"<p>&nbsp;<\/p>\n<p><a href=\"https:\/\/wp.me\/p840TR-Qy\"><strong><img loading=\"lazy\" decoding=\"async\" class=\" wp-image-3261 alignleft\" src=\"\/wp-content\/uploads\/sites\/13\/2020\/01\/Blogg-inla\u0308gg-1-300x199.jpg\" alt=\"\" width=\"243\" height=\"161\" srcset=\"\/wp-content\/uploads\/sites\/13\/2020\/01\/Blogg-inla\u0308gg-1-300x199.jpg 300w, \/wp-content\/uploads\/sites\/13\/2020\/01\/Blogg-inla\u0308gg-1-1024x680.jpg 1024w, \/wp-content\/uploads\/sites\/13\/2020\/01\/Blogg-inla\u0308gg-1-768x510.jpg 768w, \/wp-content\/uploads\/sites\/13\/2020\/01\/Blogg-inla\u0308gg-1.jpg 1200w\" sizes=\"auto, (max-width: 243px) 100vw, 243px\" \/><\/strong><\/a><\/p>\n<p>&nbsp;<\/p>\n<p style=\"text-align: justify\"><a href=\"https:\/\/wp.me\/p840TR-Qy\"><strong>S\u00e4kerhet och Trygghet, en bortgl\u00f6md aspekt inom stadsplanering?<\/strong><\/a><\/p>\n<p>Emil Holmlund<\/p>\n<p>&nbsp;<\/p>\n<p>&nbsp;<\/p>\n<p>&nbsp;<\/p>\n<p>&nbsp;<\/p>\n<hr \/>\n<p>&nbsp;<\/p>\n<p><a href=\"https:\/\/www.sakraplatser.abe.kth.se\/2020\/02\/18\/koppla-samman-ett-kritiskt-stadsplaneringsprojekt-i-en-tid-av-fortatning\/\"><strong><img loading=\"lazy\" decoding=\"async\" class=\"wp-image-3420 alignleft\" src=\"\/wp-content\/uploads\/sites\/13\/2020\/02\/Plankarta_Bild-1-276x300.jpg\" alt=\"\" width=\"240\" height=\"262\" srcset=\"\/wp-content\/uploads\/sites\/13\/2020\/02\/Plankarta_Bild-1-276x300.jpg 276w, \/wp-content\/uploads\/sites\/13\/2020\/02\/Plankarta_Bild-1-940x1024.jpg 940w, \/wp-content\/uploads\/sites\/13\/2020\/02\/Plankarta_Bild-1-768x836.jpg 768w, \/wp-content\/uploads\/sites\/13\/2020\/02\/Plankarta_Bild-1.jpg 1102w\" sizes=\"auto, (max-width: 240px) 100vw, 240px\" \/><\/strong><\/a><\/p>\n<p>&nbsp;<\/p>\n<p>&nbsp;<\/p>\n<p style=\"text-align: justify\"><a href=\"https:\/\/www.sakraplatser.abe.kth.se\/2020\/02\/18\/koppla-samman-ett-kritiskt-stadsplaneringsprojekt-i-en-tid-av-fortatning\/\"><strong>Koppla Samman \u2013 Ett kritiskt stadsplaneringsprojekt i en tid av f\u00f6rt\u00e4tning<\/strong><\/a><\/p>\n<p>Ellen Forsberg<\/p>\n<p>&nbsp;<\/p>\n<p>&nbsp;<\/p>\n<p>&nbsp;<\/p>\n<p>&nbsp;<\/p>\n<p>&nbsp;<\/p>\n<hr \/>\n<p>&nbsp;<\/p>\n<p><a href=\"https:\/\/wp.me\/p840TR-110\"><img loading=\"lazy\" decoding=\"async\" class=\"size-medium wp-image-3908 alignleft\" src=\"\/wp-content\/uploads\/sites\/13\/2020\/04\/muller_bar_graph-300x141.jpg\" alt=\"\" width=\"300\" height=\"141\" srcset=\"\/wp-content\/uploads\/sites\/13\/2020\/04\/muller_bar_graph-300x141.jpg 300w, \/wp-content\/uploads\/sites\/13\/2020\/04\/muller_bar_graph-1024x480.jpg 1024w, \/wp-content\/uploads\/sites\/13\/2020\/04\/muller_bar_graph-768x360.jpg 768w, \/wp-content\/uploads\/sites\/13\/2020\/04\/muller_bar_graph.jpg 1200w\" sizes=\"auto, (max-width: 300px) 100vw, 300px\" \/><\/a><\/p>\n<p>&nbsp;<\/p>\n<p><strong><a href=\"https:\/\/wp.me\/p840TR-110\">Trygghet och s\u00e4kerhet i regional planering<\/a><\/strong><\/p>\n<p>Oskar M\u00fcller<\/p>\n<p>&nbsp;<\/p>\n<p>&nbsp;<\/p>\n<p>&nbsp;<\/p>\n<hr \/>\n<p>&nbsp;<\/p>\n<p><a href=\"https:\/\/wp.me\/p840TR-118\"><img loading=\"lazy\" decoding=\"async\" class=\"size-medium wp-image-3918 alignleft\" src=\"\/wp-content\/uploads\/sites\/13\/2020\/04\/pic1-300x193.jpg\" alt=\"\" width=\"300\" height=\"193\" srcset=\"\/wp-content\/uploads\/sites\/13\/2020\/04\/pic1-300x193.jpg 300w, \/wp-content\/uploads\/sites\/13\/2020\/04\/pic1-768x494.jpg 768w, \/wp-content\/uploads\/sites\/13\/2020\/04\/pic1.jpg 834w\" sizes=\"auto, (max-width: 300px) 100vw, 300px\" \/><\/a><\/p>\n<p>&nbsp;<\/p>\n<p>&nbsp;<\/p>\n<p style=\"text-align: justify\"><strong><a href=\"https:\/\/wp.me\/p840TR-118\">S\u00e4ker plats under den Nya Hisingsbron, G\u00f6teborg<\/a><\/strong><\/p>\n<p>Alicia Carlsson och Karin Hammarqvist<\/p>\n<p>&nbsp;<\/p>\n<p>&nbsp;<\/p>\n<hr \/>\n<p>&nbsp;<\/p>\n<p><img loading=\"lazy\" decoding=\"async\" class=\"alignleft wp-image-4496 \" src=\"\/wp-content\/uploads\/sites\/13\/2020\/06\/Mind-Map-Tematisk-analys_Linda-Hogbacka.jpeg\" alt=\"\" width=\"299\" height=\"106\" srcset=\"\/wp-content\/uploads\/sites\/13\/2020\/06\/Mind-Map-Tematisk-analys_Linda-Hogbacka.jpeg 640w, \/wp-content\/uploads\/sites\/13\/2020\/06\/Mind-Map-Tematisk-analys_Linda-Hogbacka-300x106.jpeg 300w\" sizes=\"auto, (max-width: 299px) 100vw, 299px\" \/><\/p>\n<p>&nbsp;<\/p>\n<p><a href=\"https:\/\/wp.me\/p840TR-1au\"><strong>Trygghet nedprioriteras om det inte f\u00e5r kraft av ekonomiska incitament<\/strong><\/a><\/p>\n<p>Linda H\u00f6gbacka och Johanna Sandelowsky<\/p>\n<p>&nbsp;<\/p>\n<hr \/>\n<p>&nbsp;<\/p>\n<p><img loading=\"lazy\" decoding=\"async\" class=\"wp-image-4516 alignleft\" src=\"\/wp-content\/uploads\/sites\/13\/2020\/06\/Ninve_photo2.jpg\" alt=\"\" width=\"275\" height=\"201\" \/><\/p>\n<p>&nbsp;<\/p>\n<p style=\"text-align: left\"><a href=\"https:\/\/wp.me\/p840TR-1aG\"><strong>\u00a0 \u00a0 \u00a0<\/strong><\/a><\/p>\n<p style=\"text-align: left\"><a href=\"https:\/\/wp.me\/p840TR-1aG\"><strong>\u00a0 \u00a0 \u00a0Den \u00f6ppna kvartersstaden<\/strong><\/a><\/p>\n<p>\u00a0 \u00a0 \u00a0Ninve Janzon<\/p>\n<p>&nbsp;<\/p>\n<p>&nbsp;<\/p>\n<p>&nbsp;<\/p>\n<hr \/>\n<p>&nbsp;<\/p>\n<p><img loading=\"lazy\" decoding=\"async\" class=\"wp-image-4522 alignleft\" src=\"\/wp-content\/uploads\/sites\/13\/2020\/06\/Elena-Kokkalis2-300x112.png\" alt=\"\" width=\"287\" height=\"107\" srcset=\"\/wp-content\/uploads\/sites\/13\/2020\/06\/Elena-Kokkalis2-300x112.png 300w, \/wp-content\/uploads\/sites\/13\/2020\/06\/Elena-Kokkalis2.png 644w\" sizes=\"auto, (max-width: 287px) 100vw, 287px\" \/><\/p>\n<p>&nbsp;<\/p>\n<p><strong><a href=\"https:\/\/wp.me\/p840TR-1aU\">Vad \u00e4r ett skyddat rum? &#8211; En studie om trygghet i det offentliga rummet<\/a><\/strong><\/p>\n<p>Elena Kokkalis och Josephine Gustavsson<\/p>\n<p>&nbsp;<\/p>\n<hr \/>\n<p>&nbsp;<\/p>\n<p><img loading=\"lazy\" decoding=\"async\" class=\"wp-image-4564 alignleft\" src=\"\/wp-content\/uploads\/sites\/13\/2020\/06\/Sa\u0308kra-platser_dahlman-300x225.jpg\" alt=\"\" width=\"291\" height=\"218\" srcset=\"\/wp-content\/uploads\/sites\/13\/2020\/06\/Sa\u0308kra-platser_dahlman-300x225.jpg 300w, \/wp-content\/uploads\/sites\/13\/2020\/06\/Sa\u0308kra-platser_dahlman-768x576.jpg 768w, \/wp-content\/uploads\/sites\/13\/2020\/06\/Sa\u0308kra-platser_dahlman.jpg 991w\" sizes=\"auto, (max-width: 291px) 100vw, 291px\" \/><\/p>\n<p>&nbsp;<\/p>\n<p>&nbsp;<\/p>\n<p style=\"text-align: justify\"><a href=\"https:\/\/wp.me\/p840TR-1bA\"><strong>N\u00e4r den offentliga milj\u00f6n f\u00f6r\u00e4ndras f\u00e5r tryggheten aldrig gl\u00f6mmas<\/strong><\/a><\/p>\n<p>Pia Dahlman<\/p>\n<p>&nbsp;<\/p>\n<p>&nbsp;<\/p>\n<p>&nbsp;<\/p>\n<p>&nbsp;<\/p>\n<hr \/>\n<p>&nbsp;<\/p>\n<p><img loading=\"lazy\" decoding=\"async\" class=\"size-medium wp-image-4999 alignleft\" src=\"\/wp-content\/uploads\/sites\/13\/2020\/08\/Strategy-image-300x212.png\" alt=\"\" width=\"300\" height=\"212\" srcset=\"\/wp-content\/uploads\/sites\/13\/2020\/08\/Strategy-image-300x212.png 300w, \/wp-content\/uploads\/sites\/13\/2020\/08\/Strategy-image-1024x724.png 1024w, \/wp-content\/uploads\/sites\/13\/2020\/08\/Strategy-image-768x543.png 768w, \/wp-content\/uploads\/sites\/13\/2020\/08\/Strategy-image.png 1200w\" sizes=\"auto, (max-width: 300px) 100vw, 300px\" \/><\/p>\n<p>&nbsp;<\/p>\n<p>&nbsp;<\/p>\n<p><strong><a href=\"https:\/\/wp.me\/p840TR-1iz\">Feeling safe among strangers \u2013 An integral approach to reduce stigmatization<\/a><\/strong><\/p>\n<p>Mark Scholten<\/p>\n<p>&nbsp;<\/p>\n<p>&nbsp;<\/p>\n<p>&nbsp;<\/p>\n<hr \/>\n<p>&nbsp;<\/p>\n<p><img loading=\"lazy\" decoding=\"async\" class=\"alignleft wp-image-5032 \" src=\"\/wp-content\/uploads\/sites\/13\/2020\/09\/pic.jpg\" alt=\"\" width=\"298\" height=\"178\" srcset=\"\/wp-content\/uploads\/sites\/13\/2020\/09\/pic.jpg 657w, \/wp-content\/uploads\/sites\/13\/2020\/09\/pic-300x179.jpg 300w\" sizes=\"auto, (max-width: 298px) 100vw, 298px\" \/><\/p>\n<p>&nbsp;<\/p>\n<p style=\"text-align: justify\"><strong><a href=\"https:\/\/wp.me\/p840TR-1j5\">Att prioritera trygga resor \u00f6ver trygga beslutsprocesser &#8211; En pilotstudie om Participatory Value Evaluation-metodens f\u00f6rm\u00e5ga att behandla trygghet<\/a><\/strong><\/p>\n<p>Roy Rizk och Shahin Farshchi<\/p>\n<p>&nbsp;<\/p>\n<p>&nbsp;<\/p>\n<hr \/>\n<p>&nbsp;<\/p>\n<p><img loading=\"lazy\" decoding=\"async\" class=\"wp-image-5042 alignleft\" src=\"\/wp-content\/uploads\/sites\/13\/2020\/09\/Ontwerpprincipes3-1024x358.jpg\" alt=\"\" width=\"311\" height=\"109\" srcset=\"\/wp-content\/uploads\/sites\/13\/2020\/09\/Ontwerpprincipes3-1024x358.jpg 1024w, \/wp-content\/uploads\/sites\/13\/2020\/09\/Ontwerpprincipes3-300x105.jpg 300w, \/wp-content\/uploads\/sites\/13\/2020\/09\/Ontwerpprincipes3-768x269.jpg 768w, \/wp-content\/uploads\/sites\/13\/2020\/09\/Ontwerpprincipes3.jpg 1200w\" sizes=\"auto, (max-width: 311px) 100vw, 311px\" \/><\/p>\n<p style=\"text-align: justify\"><a href=\"https:\/\/wp.me\/p840TR-1jf\"><strong>Unsafety \u2013 Improving perceived safety through spatial design in Pendrecht<\/strong><\/a><\/p>\n<p>Lieke Marijnissen<\/p>\n<p>&nbsp;<\/p>\n<p>&nbsp;<\/p>\n<hr \/>\n<p>&nbsp;<\/p>\n<p><img loading=\"lazy\" decoding=\"async\" class=\"wp-image-5477 alignleft\" src=\"\/wp-content\/uploads\/sites\/13\/2020\/11\/IMG_7402-2-300x225.jpg\" alt=\"\" width=\"283\" height=\"212\" srcset=\"\/wp-content\/uploads\/sites\/13\/2020\/11\/IMG_7402-2-300x225.jpg 300w, \/wp-content\/uploads\/sites\/13\/2020\/11\/IMG_7402-2-1024x768.jpg 1024w, \/wp-content\/uploads\/sites\/13\/2020\/11\/IMG_7402-2-768x576.jpg 768w, \/wp-content\/uploads\/sites\/13\/2020\/11\/IMG_7402-2.jpg 1200w\" sizes=\"auto, (max-width: 283px) 100vw, 283px\" \/><\/p>\n<p style=\"text-align: justify\"><strong><a href=\"https:\/\/wp.me\/p840TR-1qk\">Trygghet och brottslighet i stadsdelscentrum &#8212; en studie om trygghetsfr\u00e4mjande och brottsf\u00f6rebyggande stadsplanering i R\u00e5gsved centrum<\/a><\/strong><\/p>\n<p>Dilara Maasoglu<\/p>\n<p>&nbsp;<\/p>\n<p>&nbsp;<\/p>\n<p>&nbsp;<\/p>\n<p>&nbsp;<\/p>\n<hr \/>\n<p>&nbsp;<\/p>\n<p><img loading=\"lazy\" decoding=\"async\" class=\"wp-image-5482 alignleft\" src=\"\/wp-content\/uploads\/sites\/13\/2020\/11\/REFORMATION-AV-UTSATTA-OMRADEN-Brottsprevention-trygghet-genom-utformning-1024x576.png\" alt=\"\" width=\"286\" height=\"161\" srcset=\"\/wp-content\/uploads\/sites\/13\/2020\/11\/REFORMATION-AV-UTSATTA-OMRADEN-Brottsprevention-trygghet-genom-utformning-1024x576.png 1024w, \/wp-content\/uploads\/sites\/13\/2020\/11\/REFORMATION-AV-UTSATTA-OMRADEN-Brottsprevention-trygghet-genom-utformning-300x169.png 300w, \/wp-content\/uploads\/sites\/13\/2020\/11\/REFORMATION-AV-UTSATTA-OMRADEN-Brottsprevention-trygghet-genom-utformning-768x432.png 768w, \/wp-content\/uploads\/sites\/13\/2020\/11\/REFORMATION-AV-UTSATTA-OMRADEN-Brottsprevention-trygghet-genom-utformning.png 1200w\" sizes=\"auto, (max-width: 286px) 100vw, 286px\" \/><\/p>\n<p>&nbsp;<\/p>\n<p style=\"text-align: justify\"><a href=\"https:\/\/wp.me\/p840TR-1qo\"><strong>Reformation av utsatta omr\u00e5den &#8211; brottsprevention &amp; trygghet genom utformning<\/strong><\/a><\/p>\n<p>Tor Stening och Anton Dun\u00e5ker<\/p>\n<p>&nbsp;<\/p>\n<p>&nbsp;<\/p>\n<hr \/>\n<p>&nbsp;<\/p>\n<p><img loading=\"lazy\" decoding=\"async\" class=\"size-medium wp-image-5490 alignleft\" src=\"https:\/\/www.sakraplatser.abe.kth.se\/wp-content\/uploads\/sites\/13\/2020\/11\/Ska%CC%88rmavbild-2020-10-30-kl.-09.20.28-300x195.png\" alt=\"\" width=\"300\" height=\"195\" \/><\/p>\n<p>&nbsp;<\/p>\n<p>&nbsp;<\/p>\n<p><strong><a href=\"https:\/\/wp.me\/p840TR-1qw\">\u201dI den b\u00e4sta av v\u00e4rldar skulle man haft \u00e4nnu mer samarbete, hela tiden\u201d<\/a><\/strong><\/p>\n<p>Clara Ivsj\u00f6 och Maria Hagl\u00f6f<\/p>\n<p>&nbsp;<\/p>\n<p>&nbsp;<\/p>\n<p>&nbsp;<\/p>\n<p>&nbsp;<\/p>\n<hr \/>\n<p><img loading=\"lazy\" decoding=\"async\" class=\" wp-image-5652 alignleft\" src=\"\/wp-content\/uploads\/sites\/13\/2021\/02\/Sa\u0308kerhet-och-Trygghet-201x300.jpg\" alt=\"\" width=\"181\" height=\"270\" srcset=\"\/wp-content\/uploads\/sites\/13\/2021\/02\/Sa\u0308kerhet-och-Trygghet-201x300.jpg 201w, \/wp-content\/uploads\/sites\/13\/2021\/02\/Sa\u0308kerhet-och-Trygghet-684x1024.jpg 684w, \/wp-content\/uploads\/sites\/13\/2021\/02\/Sa\u0308kerhet-och-Trygghet-768x1149.jpg 768w, \/wp-content\/uploads\/sites\/13\/2021\/02\/Sa\u0308kerhet-och-Trygghet.jpg 802w\" sizes=\"auto, (max-width: 181px) 100vw, 181px\" \/><\/p>\n<p>&nbsp;<\/p>\n<p>&nbsp;<\/p>\n<p><a href=\"https:\/\/wp.me\/p840TR-1t9\"><strong>S\u00e4kerhet och Trygghet, en allt viktigare aspekt inom stadsplaneringen<\/strong><\/a><\/p>\n<p>Emil Holmlund<\/p>\n<p>&nbsp;<\/p>\n<p>&nbsp;<\/p>\n<p>&nbsp;<\/p>\n<p>&nbsp;<\/p>\n<p>&nbsp;<\/p>\n<hr \/>\n<p>&nbsp;<\/p>\n<p><img loading=\"lazy\" decoding=\"async\" class=\" wp-image-5838 alignleft\" src=\"\/wp-content\/uploads\/sites\/13\/2021\/05\/Gabriel-Gliori-Student-blog-contribution_-300x224.jpg\" alt=\"\" width=\"266\" height=\"199\" srcset=\"\/wp-content\/uploads\/sites\/13\/2021\/05\/Gabriel-Gliori-Student-blog-contribution_-300x224.jpg 300w, \/wp-content\/uploads\/sites\/13\/2021\/05\/Gabriel-Gliori-Student-blog-contribution_-1024x764.jpg 1024w, \/wp-content\/uploads\/sites\/13\/2021\/05\/Gabriel-Gliori-Student-blog-contribution_-768x573.jpg 768w, \/wp-content\/uploads\/sites\/13\/2021\/05\/Gabriel-Gliori-Student-blog-contribution_.jpg 1200w\" sizes=\"auto, (max-width: 266px) 100vw, 266px\" \/><\/p>\n<p>&nbsp;<\/p>\n<p>&nbsp;<\/p>\n<p style=\"text-align: justify\"><strong><a href=\"https:\/\/wp.me\/p840TR-1w8\">Under vilka urbana f\u00f6rh\u00e5llanden sker cannabislangning? \u2013 En f\u00e4ltstudie i Stockholm<\/a><\/strong><\/p>\n<p>Gabriel Gliori<\/p>\n<p>&nbsp;<\/p>\n<p>&nbsp;<\/p>\n<p>&nbsp;<\/p>\n<hr \/>\n<p>&nbsp;<\/p>\n<p><img loading=\"lazy\" decoding=\"async\" class=\" wp-image-5844 alignleft\" src=\"\/wp-content\/uploads\/sites\/13\/2021\/05\/Inlagg-till-sakra-platser_sakraplatser_VAC-300x151.jpg\" alt=\"\" width=\"268\" height=\"135\" srcset=\"\/wp-content\/uploads\/sites\/13\/2021\/05\/Inlagg-till-sakra-platser_sakraplatser_VAC-300x151.jpg 300w, \/wp-content\/uploads\/sites\/13\/2021\/05\/Inlagg-till-sakra-platser_sakraplatser_VAC-1024x515.jpg 1024w, \/wp-content\/uploads\/sites\/13\/2021\/05\/Inlagg-till-sakra-platser_sakraplatser_VAC-768x387.jpg 768w, \/wp-content\/uploads\/sites\/13\/2021\/05\/Inlagg-till-sakra-platser_sakraplatser_VAC-420x210.jpg 420w, \/wp-content\/uploads\/sites\/13\/2021\/05\/Inlagg-till-sakra-platser_sakraplatser_VAC.jpg 1200w\" sizes=\"auto, (max-width: 268px) 100vw, 268px\" \/><\/p>\n<p>&nbsp;<\/p>\n<p style=\"text-align: justify\"><a href=\"https:\/\/wp.me\/p840TR-1wf\"><strong>H\u00f6gdalens bibliotek som m\u00f6tesplats: en studie om trygghet med utg\u00e5ngspunkt i bes\u00f6kare och personals upplevelser<\/strong><\/a><\/p>\n<p>Sara Elfstr\u00f6m och Julia Hazanov<\/p>\n<p>&nbsp;<\/p>\n<hr \/>\n<p>&nbsp;<\/p>\n<p><img loading=\"lazy\" decoding=\"async\" class=\"wp-image-6051 alignleft\" src=\"\/wp-content\/uploads\/sites\/13\/2021\/09\/2-2-300x255.jpg\" alt=\"\" width=\"253\" height=\"215\" srcset=\"\/wp-content\/uploads\/sites\/13\/2021\/09\/2-2-300x255.jpg 300w, \/wp-content\/uploads\/sites\/13\/2021\/09\/2-2.jpg 758w\" sizes=\"auto, (max-width: 253px) 100vw, 253px\" \/><\/p>\n<p>&nbsp;<\/p>\n<p>&nbsp;<\/p>\n<p style=\"text-align: justify\"><a href=\"https:\/\/wp.me\/p840TR-1zt\"><strong>Platser som attraherar cannabislangning i stadsmilj\u00f6n: En observationsstudie i stadsplaneringen<\/strong><\/a><\/p>\n<p>Jeanette Bakhaya\u00a0och\u00a0Farah Kassem<\/p>\n<p>&nbsp;<\/p>\n<p>&nbsp;<\/p>\n<p>&nbsp;<\/p>\n<hr \/>\n<p>&nbsp;<\/p>\n<p><img loading=\"lazy\" decoding=\"async\" class=\" wp-image-6098 alignleft\" src=\"\/wp-content\/uploads\/sites\/13\/2021\/09\/Student-blog-Gabriel-Gliori2-300x144.jpg\" alt=\"\" width=\"265\" height=\"127\" srcset=\"\/wp-content\/uploads\/sites\/13\/2021\/09\/Student-blog-Gabriel-Gliori2-300x144.jpg 300w, \/wp-content\/uploads\/sites\/13\/2021\/09\/Student-blog-Gabriel-Gliori2.jpg 574w\" sizes=\"auto, (max-width: 265px) 100vw, 265px\" \/><\/p>\n<p>&nbsp;<\/p>\n<p style=\"text-align: justify\"><a href=\"https:\/\/wp.me\/p840TR-1Ak\"><strong>Under vilka omst\u00e4ndigheter f\u00f6rekommer f\u00f6rs\u00e4ljning av cannabis? <\/strong>\u2013\u00a0 <strong>En f\u00e4ltstudie i Stockholm<\/strong><\/a><\/p>\n<p>Gabriel Gliori<\/p>\n<p>&nbsp;<\/p>\n<p>&nbsp;<\/p>\n<p>&nbsp;<\/p>\n<hr \/>\n<p>&nbsp;<\/p>\n<p><a href=\"https:\/\/www.sakraplatser.abe.kth.se\/2021\/11\/29\/light-visibility-and-perceived-safety\/\"><img loading=\"lazy\" decoding=\"async\" class=\" wp-image-6344 alignleft\" src=\"\/wp-content\/uploads\/sites\/13\/2021\/11\/BUS-STOP-D-300x225.jpeg\" alt=\"\" width=\"257\" height=\"193\" srcset=\"\/wp-content\/uploads\/sites\/13\/2021\/11\/BUS-STOP-D-300x225.jpeg 300w, \/wp-content\/uploads\/sites\/13\/2021\/11\/BUS-STOP-D-768x576.jpeg 768w, \/wp-content\/uploads\/sites\/13\/2021\/11\/BUS-STOP-D.jpeg 1024w\" sizes=\"auto, (max-width: 257px) 100vw, 257px\" \/><\/a><\/p>\n<p>&nbsp;<\/p>\n<p>&nbsp;<\/p>\n<p style=\"text-align: justify\"><a href=\"https:\/\/www.sakraplatser.abe.kth.se\/2021\/11\/29\/light-visibility-and-perceived-safety\/\"><strong>Light, visibility and perceived safety<\/strong><\/a><\/p>\n<p>Vict\u00f3ria Loureiro Cardoso<\/p>\n<p>&nbsp;<\/p>\n<p>&nbsp;<\/p>\n<p>&nbsp;<\/p>\n<p>&nbsp;<\/p>\n<hr \/>\n<p>&nbsp;<\/p>\n<p>&nbsp;<\/p>\n<p><img loading=\"lazy\" decoding=\"async\" class=\"size-medium wp-image-6350 alignleft\" src=\"\/wp-content\/uploads\/sites\/13\/2021\/11\/Vilken-kommun-beho\u0308ver-mest-hja\u0308lp-212x300.jpg\" alt=\"\" width=\"212\" height=\"300\" srcset=\"\/wp-content\/uploads\/sites\/13\/2021\/11\/Vilken-kommun-beho\u0308ver-mest-hja\u0308lp-212x300.jpg 212w, \/wp-content\/uploads\/sites\/13\/2021\/11\/Vilken-kommun-beho\u0308ver-mest-hja\u0308lp-724x1024.jpg 724w, \/wp-content\/uploads\/sites\/13\/2021\/11\/Vilken-kommun-beho\u0308ver-mest-hja\u0308lp.jpg 750w\" sizes=\"auto, (max-width: 212px) 100vw, 212px\" \/><\/p>\n<p>&nbsp;<\/p>\n<p>&nbsp;<\/p>\n<p>&nbsp;<\/p>\n<p style=\"text-align: justify\"><a href=\"https:\/\/www.sakraplatser.abe.kth.se\/en\/2021\/11\/29\/vilken-sorts-kommun-behover-mest-hjalp-gallande-cpted-2\/\"><strong>Vilken sorts kommun beh\u00f6ver mest hj\u00e4lp g\u00e4llande CPTED?<\/strong><\/a><\/p>\n<p>Emil Holmlund<\/p>\n<p>&nbsp;<\/p>\n<p>&nbsp;<\/p>\n<p>&nbsp;<\/p>\n<p>&nbsp;<\/p>\n<p>&nbsp;<\/p>\n<p>&nbsp;<\/p>\n<hr \/>\n<p>&nbsp;<\/p>\n<p>&nbsp;<\/p>\n<p><img loading=\"lazy\" decoding=\"async\" class=\" wp-image-6503 alignleft\" src=\"\/wp-content\/uploads\/sites\/13\/2022\/02\/fanny-300x151.jpg\" alt=\"\" width=\"236\" height=\"119\" srcset=\"\/wp-content\/uploads\/sites\/13\/2022\/02\/fanny-300x151.jpg 300w, \/wp-content\/uploads\/sites\/13\/2022\/02\/fanny-420x210.jpg 420w, \/wp-content\/uploads\/sites\/13\/2022\/02\/fanny.jpg 628w\" sizes=\"auto, (max-width: 236px) 100vw, 236px\" \/><\/p>\n<p>&nbsp;<\/p>\n<p style=\"text-align: justify\"><a href=\"https:\/\/www.sakraplatser.abe.kth.se\/2022\/02\/18\/effektiv-samordning-for-trygghet-en-fallstudie\/\"><strong>Effektiv Samordning f\u00f6r trygghet &#8211; en fallstudie<\/strong><\/a><\/p>\n<p>Fanny Tallqvist<\/p>\n<p>&nbsp;<\/p>\n<p>&nbsp;<\/p>\n<p>&nbsp;<\/p>\n<hr \/>\n<p>&nbsp;<\/p>\n<p><img loading=\"lazy\" decoding=\"async\" class=\"wp-image-6491 alignleft\" src=\"\/wp-content\/uploads\/sites\/13\/2022\/02\/Adinda5-275x300.jpg\" alt=\"\" width=\"240\" height=\"262\" srcset=\"\/wp-content\/uploads\/sites\/13\/2022\/02\/Adinda5-275x300.jpg 275w, \/wp-content\/uploads\/sites\/13\/2022\/02\/Adinda5.jpg 663w\" sizes=\"auto, (max-width: 240px) 100vw, 240px\" \/><\/p>\n<p>&nbsp;<\/p>\n<p>&nbsp;<\/p>\n<p>&nbsp;<\/p>\n<p style=\"text-align: justify\"><a href=\"https:\/\/www.sakraplatser.abe.kth.se\/2022\/02\/18\/perceiving-sidewalk-environment-after-the-e-scooter-phenomena-in-stockholm\/\"><strong>Perceiving Sidewalk Environment after the E-scooter Phenomena in StockholmEffektiv Samordning f\u00f6r trygghet &#8211; en fallstudie<\/strong><\/a><\/p>\n<p>Adinda Smaradhana Rachmanto<\/p>\n<p>&nbsp;<\/p>\n<p>&nbsp;<\/p>\n<p>&nbsp;<\/p>\n<p>&nbsp;<\/p>\n<hr \/>\n<p>&nbsp;<\/p>\n<p><img loading=\"lazy\" decoding=\"async\" class=\"size-medium wp-image-6707 alignleft\" src=\"\/wp-content\/uploads\/sites\/13\/2022\/06\/\u039a\u03b1\u03c4\u03b1\u03b3\u03c1\u03b1\u03c6\u03ae-1-300x199.jpg\" alt=\"\" width=\"300\" height=\"199\" srcset=\"\/wp-content\/uploads\/sites\/13\/2022\/06\/\u039a\u03b1\u03c4\u03b1\u03b3\u03c1\u03b1\u03c6\u03ae-1-300x199.jpg 300w, \/wp-content\/uploads\/sites\/13\/2022\/06\/\u039a\u03b1\u03c4\u03b1\u03b3\u03c1\u03b1\u03c6\u03ae-1-768x510.jpg 768w, \/wp-content\/uploads\/sites\/13\/2022\/06\/\u039a\u03b1\u03c4\u03b1\u03b3\u03c1\u03b1\u03c6\u03ae-1-18x12.jpg 18w, \/wp-content\/uploads\/sites\/13\/2022\/06\/\u039a\u03b1\u03c4\u03b1\u03b3\u03c1\u03b1\u03c6\u03ae-1.jpg 901w\" sizes=\"auto, (max-width: 300px) 100vw, 300px\" \/><\/p>\n<p>&nbsp;<\/p>\n<p>&nbsp;<\/p>\n<p style=\"text-align: justify\"><a href=\"https:\/\/wp.me\/p840TR-1K2\"><strong>Hur till\u00e4mpar man kollektiv f\u00f6rm\u00e5ga? En studie i Farsta strand<\/strong><\/a><\/p>\n<p>Charbel Toma<\/p>\n<p>&nbsp;<\/p>\n<p>&nbsp;<\/p>\n<p>&nbsp;<\/p>\n<p>&nbsp;<\/p>\n<p>&nbsp;<\/p>\n<hr \/>\n<p>&nbsp;<\/p>\n<p><img loading=\"lazy\" decoding=\"async\" class=\"size-medium wp-image-6708 alignleft\" src=\"\/wp-content\/uploads\/sites\/13\/2022\/06\/Oversikt-densitet-3-1-1-300x212.jpeg\" alt=\"\" width=\"300\" height=\"212\" srcset=\"\/wp-content\/uploads\/sites\/13\/2022\/06\/Oversikt-densitet-3-1-1-300x212.jpeg 300w, \/wp-content\/uploads\/sites\/13\/2022\/06\/Oversikt-densitet-3-1-1-1024x724.jpeg 1024w, \/wp-content\/uploads\/sites\/13\/2022\/06\/Oversikt-densitet-3-1-1-768x543.jpeg 768w, \/wp-content\/uploads\/sites\/13\/2022\/06\/Oversikt-densitet-3-1-1-18x12.jpeg 18w, \/wp-content\/uploads\/sites\/13\/2022\/06\/Oversikt-densitet-3-1-1.jpeg 1200w\" sizes=\"auto, (max-width: 300px) 100vw, 300px\" \/><\/p>\n<p>&nbsp;<\/p>\n<p>&nbsp;<\/p>\n<p style=\"text-align: justify\"><strong><a href=\"https:\/\/wp.me\/p840TR-1K9\">M\u00e5nga parkerar cykeln utanf\u00f6r cykelparkeringsplatser<\/a><\/strong><\/p>\n<p>Isak Hertz\u00e9n<\/p>\n<p>&nbsp;<\/p>\n<p>&nbsp;<\/p>\n<p>&nbsp;<\/p>\n<p>&nbsp;<\/p>\n<hr \/>\n<p>&nbsp;<\/p>\n<p><img loading=\"lazy\" decoding=\"async\" class=\"wp-image-6721 size-medium alignleft\" src=\"\/wp-content\/uploads\/sites\/13\/2022\/06\/construction-site-gaab36addc_1920-1-300x200.jpg\" alt=\"\" width=\"300\" height=\"200\" srcset=\"\/wp-content\/uploads\/sites\/13\/2022\/06\/construction-site-gaab36addc_1920-1-300x200.jpg 300w, \/wp-content\/uploads\/sites\/13\/2022\/06\/construction-site-gaab36addc_1920-1-1024x683.jpg 1024w, \/wp-content\/uploads\/sites\/13\/2022\/06\/construction-site-gaab36addc_1920-1-768x512.jpg 768w, \/wp-content\/uploads\/sites\/13\/2022\/06\/construction-site-gaab36addc_1920-1.jpg 1200w\" sizes=\"auto, (max-width: 300px) 100vw, 300px\" \/><\/p>\n<p>&nbsp;<\/p>\n<p>&nbsp;<\/p>\n<p style=\"text-align: justify\"><a href=\"https:\/\/wp.me\/p840TR-1Kn\"><strong>Gentrifiering \u00e4r en komplex process<\/strong><\/a><\/p>\n<p>Emma Pohlman<\/p>\n<p>&nbsp;<\/p>\n<p>&nbsp;<\/p>\n<p>&nbsp;<\/p>\n<p>&nbsp;<\/p>\n","protected":false},"excerpt":{"rendered":"<p>&nbsp; [&#8230;]<\/p>\n","protected":false},"author":201,"featured_media":0,"parent":0,"menu_order":0,"comment_status":"closed","ping_status":"closed","template":"","meta":{"_bbp_topic_count":0,"_bbp_reply_count":0,"_bbp_total_topic_count":0,"_bbp_total_reply_count":0,"_bbp_voice_count":0,"_bbp_anonymous_reply_count":0,"_bbp_topic_count_hidden":0,"_bbp_reply_count_hidden":0,"_bbp_forum_subforum_count":0,"episode_type":"","audio_file":"","podmotor_file_id":"","podmotor_episode_id":"","cover_image":"","cover_image_id":"","duration":"","filesize":"","filesize_raw":"","date_recorded":"","explicit":"","block":"","itunes_episode_number":"","itunes_title":"","itunes_season_number":"","itunes_episode_type":"","jetpack_post_was_ever_published":false,"footnotes":"","_links_to":"","_links_to_target":""},"class_list":["post-3826","page","type-page","status-publish","hentry"],"jetpack_sharing_enabled":true,"jetpack_shortlink":"https:\/\/wp.me\/P840TR-ZI","post_mailing_queue_ids":[],"_links":{"self":[{"href":"https:\/\/wpmu-bis.sys.kth.se\/safeplaces\/wp-json\/wp\/v2\/pages\/3826","targetHints":{"allow":["GET"]}}],"collection":[{"href":"https:\/\/wpmu-bis.sys.kth.se\/safeplaces\/wp-json\/wp\/v2\/pages"}],"about":[{"href":"https:\/\/wpmu-bis.sys.kth.se\/safeplaces\/wp-json\/wp\/v2\/types\/page"}],"author":[{"embeddable":true,"href":"https:\/\/wpmu-bis.sys.kth.se\/safeplaces\/wp-json\/wp\/v2\/users\/201"}],"replies":[{"embeddable":true,"href":"https:\/\/wpmu-bis.sys.kth.se\/safeplaces\/wp-json\/wp\/v2\/comments?post=3826"}],"version-history":[{"count":27,"href":"https:\/\/wpmu-bis.sys.kth.se\/safeplaces\/wp-json\/wp\/v2\/pages\/3826\/revisions"}],"predecessor-version":[{"id":6722,"href":"https:\/\/wpmu-bis.sys.kth.se\/safeplaces\/wp-json\/wp\/v2\/pages\/3826\/revisions\/6722"}],"wp:attachment":[{"href":"https:\/\/wpmu-bis.sys.kth.se\/safeplaces\/wp-json\/wp\/v2\/media?parent=3826"}],"curies":[{"name":"wp","href":"https:\/\/api.w.org\/{rel}","templated":true}]}}