{"id":3660,"date":"2020-03-30T11:38:16","date_gmt":"2020-03-30T11:38:16","guid":{"rendered":"https:\/\/www.sakraplatser.abe.kth.se\/?page_id=3660"},"modified":"2022-06-05T06:48:10","modified_gmt":"2022-06-05T06:48:10","slug":"kriterier","status":"publish","type":"page","link":"https:\/\/wpmu-bis.sys.kth.se\/safeplaces\/sv\/kriterier\/","title":{"rendered":"KRITERIER"},"content":{"rendered":"<p><img loading=\"lazy\" decoding=\"async\" class=\"alignnone wp-image-3664 size-full\" src=\"\/wp-content\/uploads\/sites\/13\/2020\/03\/S\u00e4kraplatsers-pris-till-minne-av-Ida-Johansson_27mars_2020-1.jpg\" alt=\"\" width=\"1200\" height=\"420\" srcset=\"\/wp-content\/uploads\/sites\/13\/2020\/03\/S\u00e4kraplatsers-pris-till-minne-av-Ida-Johansson_27mars_2020-1.jpg 1200w, \/wp-content\/uploads\/sites\/13\/2020\/03\/S\u00e4kraplatsers-pris-till-minne-av-Ida-Johansson_27mars_2020-1-300x105.jpg 300w, \/wp-content\/uploads\/sites\/13\/2020\/03\/S\u00e4kraplatsers-pris-till-minne-av-Ida-Johansson_27mars_2020-1-1024x358.jpg 1024w, \/wp-content\/uploads\/sites\/13\/2020\/03\/S\u00e4kraplatsers-pris-till-minne-av-Ida-Johansson_27mars_2020-1-768x269.jpg 768w\" sizes=\"auto, (max-width: 1200px) 100vw, 1200px\" \/><\/p>\n<p>&nbsp;<\/p>\n<h2 style=\"text-align: center\"><b>S\u00e4<\/b><b>kraplatsers pris till minne av <a href=\"https:\/\/wp.me\/P840TR-Xa\">Ida Johansson<\/a><\/b><\/h2>\n<p>&nbsp;<\/p>\n<h4 style=\"text-align: center\"><a href=\"\/wp-content\/uploads\/sites\/13\/2022\/06\/Sakraplatsers-pris-till-minne-av-Ida-Johansson_05062022.pdf\"><strong>PDF FILE<\/strong><\/a><\/h4>\n<p style=\"text-align: justify\">S\u00e4kraplatsers pris utdelas varje \u00e5r till en eller tv\u00e5 studenter vid svenska universitet som genom sina examensarbeten bidrar till att fr\u00e4mja s\u00e4kerhet och trygghet i den offentliga milj\u00f6n.<\/p>\n<p><b>Pris och kriterier<\/b><\/p>\n<ul>\n<li style=\"text-align: justify\">Priset (3000\u20135000 kr) utdelas \u00e5rligen till en eller tv\u00e5 studenter vid svenska universitet som genom sina examensarbeten bidrar till att fr\u00e4mja s\u00e4kert och trygghet i den offentliga milj\u00f6n. Prissumman beslutas \u00e5rligen av S\u00e4kraplatsers n\u00e4tverk.<\/li>\n<li style=\"text-align: justify\">Examensarbetena b\u00f6r handla om hur offentliga milj\u00f6er kan utformas f\u00f6r att f\u00f6rebygga brott och \u00f6ka tryggheten med hj\u00e4lp av situations-baserad brottsprevention och trygghetsskapande \u00e5tg\u00e4rder. Det kan t.ex. handla om brottsprevention genom urban design och\/eller andra trygghetsskapande \u00e5tg\u00e4rder f\u00f6r bostadsomr\u00e5den, gator och torg, k\u00f6pcentrum, parker, kollektivtrafik med h\u00e5llplatser och stationer, sportarenor, motionsanl\u00e4ggningar m.m. Studier som till\u00e4mpar kvalitativa och\/eller kvantitativa metoder \u00e4r lika v\u00e4lkomna.<\/li>\n<li style=\"text-align: justify\">\u00c4ven examensarbeten som intar ett brett folkh\u00e4lsoperspektiv kan vara l\u00e4mpliga. I f\u00f6rsta hand avses d\u00e4rmed studier om sambandet mellan den byggda milj\u00f6ns kvalitet och m\u00e4nniskors individuella r\u00e4dsla beroende p\u00e5 k\u00f6n, \u00e5lder, fysisk och psykologisk f\u00f6rm\u00e5ga, socio-ekonomisk status etc. Det \u00e4r s\u00e4rskilt \u00f6nskv\u00e4rt att studierna fokuserar p\u00e5 kvinnors och\/eller LBQTI-gruppers s\u00e4kerhet och trygghet.<\/li>\n<\/ul>\n<p>&nbsp;<\/p>\n<p><b><span lang=\"EN-US\">Jury 2020-2022<\/span><\/b><\/p>\n<p style=\"text-align: justify\"><span lang=\"EN-US\">Asifa Iqbal, H\u00f6gskolan i G\u00e4vle; Caroline Mellgren, Malm\u00f6 universitet; Catherine Sundling, S\u00f6dertorn universitet, Elsa D Silva, Safe city; Krister Olsson, G\u00f6teborg universitet; Susanne Stenbacka, Uppsala universitet; Peter Brokking, KTH; Ulf Ljungberg, Malm\u00f6 stad; Vania Ceccato, KTH, Thomas Pettersson, Polisen.<\/span><\/p>\n<h3 style=\"text-align: center\"><span style=\"color: #ff0000\"><b>Anm\u00e4l dig <\/b><a href=\"https:\/\/www.kth.se\/form\/5e8aea664ebb1a25155c2a74\"><u><b>h\u00e4r<\/b><\/u><\/a><b> senast 30 juni 2022<\/b><\/span><\/h3>\n<p>&nbsp;<\/p>\n<p>&nbsp;<\/p>\n<p>Mer information: <a href=\"mailto:info@sakraplatser.abe.kth.se\">info@sakraplatser.abe.kth.se<\/a><\/p>\n","protected":false},"excerpt":{"rendered":"<p>&nbsp; [&#8230;]<\/p>\n","protected":false},"author":201,"featured_media":0,"parent":0,"menu_order":0,"comment_status":"closed","ping_status":"closed","template":"","meta":{"_bbp_topic_count":0,"_bbp_reply_count":0,"_bbp_total_topic_count":0,"_bbp_total_reply_count":0,"_bbp_voice_count":0,"_bbp_anonymous_reply_count":0,"_bbp_topic_count_hidden":0,"_bbp_reply_count_hidden":0,"_bbp_forum_subforum_count":0,"episode_type":"","audio_file":"","podmotor_file_id":"","podmotor_episode_id":"","cover_image":"","cover_image_id":"","duration":"","filesize":"","filesize_raw":"","date_recorded":"","explicit":"","block":"","itunes_episode_number":"","itunes_title":"","itunes_season_number":"","itunes_episode_type":"","jetpack_post_was_ever_published":false,"footnotes":"","_links_to":"","_links_to_target":""},"class_list":["post-3660","page","type-page","status-publish","hentry"],"jetpack_sharing_enabled":true,"jetpack_shortlink":"https:\/\/wp.me\/P840TR-X2","post_mailing_queue_ids":[],"_links":{"self":[{"href":"https:\/\/wpmu-bis.sys.kth.se\/safeplaces\/wp-json\/wp\/v2\/pages\/3660","targetHints":{"allow":["GET"]}}],"collection":[{"href":"https:\/\/wpmu-bis.sys.kth.se\/safeplaces\/wp-json\/wp\/v2\/pages"}],"about":[{"href":"https:\/\/wpmu-bis.sys.kth.se\/safeplaces\/wp-json\/wp\/v2\/types\/page"}],"author":[{"embeddable":true,"href":"https:\/\/wpmu-bis.sys.kth.se\/safeplaces\/wp-json\/wp\/v2\/users\/201"}],"replies":[{"embeddable":true,"href":"https:\/\/wpmu-bis.sys.kth.se\/safeplaces\/wp-json\/wp\/v2\/comments?post=3660"}],"version-history":[{"count":28,"href":"https:\/\/wpmu-bis.sys.kth.se\/safeplaces\/wp-json\/wp\/v2\/pages\/3660\/revisions"}],"predecessor-version":[{"id":6663,"href":"https:\/\/wpmu-bis.sys.kth.se\/safeplaces\/wp-json\/wp\/v2\/pages\/3660\/revisions\/6663"}],"wp:attachment":[{"href":"https:\/\/wpmu-bis.sys.kth.se\/safeplaces\/wp-json\/wp\/v2\/media?parent=3660"}],"curies":[{"name":"wp","href":"https:\/\/api.w.org\/{rel}","templated":true}]}}