{"id":3646,"date":"2020-03-30T11:25:09","date_gmt":"2020-03-30T11:25:09","guid":{"rendered":"https:\/\/www.sakraplatser.abe.kth.se\/?page_id=3646"},"modified":"2020-05-20T21:05:05","modified_gmt":"2020-05-20T21:05:05","slug":"podcasts-2","status":"publish","type":"page","link":"https:\/\/wpmu-bis.sys.kth.se\/safeplaces\/sv\/podcasts-2\/","title":{"rendered":"Podcasts"},"content":{"rendered":"<p style=\"text-align: justify\"><img loading=\"lazy\" decoding=\"async\" class=\"aligncenter wp-image-3739 \" style=\"font-weight: bold;text-align: center;font-size: 0.95em\" src=\"\/wp-content\/uploads\/sites\/13\/2020\/04\/ICON_BIG-300x232.jpg\" alt=\"\" width=\"173\" height=\"134\" srcset=\"\/wp-content\/uploads\/sites\/13\/2020\/04\/ICON_BIG-300x232.jpg 300w, \/wp-content\/uploads\/sites\/13\/2020\/04\/ICON_BIG-1024x792.jpg 1024w, \/wp-content\/uploads\/sites\/13\/2020\/04\/ICON_BIG-768x594.jpg 768w, \/wp-content\/uploads\/sites\/13\/2020\/04\/ICON_BIG.jpg 1123w\" sizes=\"auto, (max-width: 173px) 100vw, 173px\" \/><\/p>\n<h3 style=\"text-align: center\"><strong>S\u00e4kraplatser-Poddar<\/strong><\/h3>\n<p>&nbsp;<\/p>\n<p style=\"text-align: justify\"><strong>F\u00f6r\u00e4ndringar i v\u00e5ra dagliga rutinaktiviteter och s\u00e4kerhet: Vad kan vi l\u00e4ra oss?<\/strong><\/p>\n<p style=\"text-align: justify\"><strong>\u00a0<\/strong><\/p>\n<p style=\"text-align: justify\">Den h\u00e4r tiden saknar motstycke. Den nordamerikanska historikern Doris K Goodwin p\u00e5minner oss om att det som g\u00f6r det s\u00e5 sv\u00e5rt att ta in vad som h\u00e4nder nu \u00e4r att den stora majoriteten av oss aldrig har upplevt en situation som s\u00e5 drastiskt p\u00e5verkar v\u00e5ra dagliga rutiner. Detta \u00e4r korrekt. Det urbana livet har f\u00f6r\u00e4ndrats dramatiskt d\u00e5 stora grupper nu stannar hemma, f\u00e4rre r\u00f6r sig p\u00e5 gatorna och social distansering har blivit en ny norm.<\/p>\n<p style=\"text-align: justify\">De h\u00e4r poddarna handlar om vad vi \u2013 som forskare och praktiker \u2013 redan nu har l\u00e4rt oss under denna unika tid.<\/p>\n<p style=\"text-align: justify\">Vi reflekterar \u00f6ver vad som redan har h\u00e4nt och vad som kommer att komma, \u201dv\u00e5ra b\u00e4sta gissningar\u201d. \u00c5ngest och v\u00e5ra begr\u00e4nsningar som individer och yrkesverksamma tar intryck av r\u00f6sterna fr\u00e5n experter fr\u00e5n landsbygds-Sverige till NYC, Kina, Indien eller Afrika. De uttrycker r\u00e4dslan f\u00f6r smitta, f\u00f6rlust av jobb och social och politisk instabilitet och m\u00e5nga andra b\u00e5de troliga och orealistiska hot.<\/p>\n<p style=\"text-align: justify\">De ger ocks\u00e5 hopp \u2013 n\u00e4r de ger r\u00f6st \u00e5t m\u00e4nniskor som arbetar med full fart f\u00f6r att f\u00f6rst\u00e5 och hantera problemen i fokus, med hopp om att vi kan vara b\u00e4ttre f\u00f6rberedda p\u00e5 liknande utmaningar i framtiden.<\/p>\n<p style=\"text-align: justify\">Alla talare belyser vikten av\u00a0<em>kunskap<\/em>\u00a0som v\u00e4sentligt i processen f\u00f6r att anpassa v\u00e5ra liv till denna nya verklighet. Dessa podcast \u00e4r v\u00e5rt \u00f6dmjuka bidrag till denna p\u00e5g\u00e5ende kollektiva kunskapsuppbyggnad.<\/p>\n<p style=\"text-align: justify\">Varmt v\u00e4lkomna att lyssna och \u00e5terkoppla g\u00e4rna vad ni tycker om eller inte gillar!<\/p>\n<p style=\"text-align: justify\">Vania Ceccato<\/p>\n<p>&nbsp;<\/p>\n<hr \/>\n<p>&nbsp;<\/p>\n<p><a href=\"https:\/\/www.sakraplatser.abe.kth.se\/week-1\/\"><strong>WEEK 1 <span lang=\"en-US\">(30th March \u2013 3rd April)<\/span><\/strong><\/a><span lang=\"en-US\">\u00a0<\/span><\/p>\n<p><span lang=\"en-US\"> Malin Bergqvist, Jan Landstr\u00f6m<\/span><\/p>\n<p>&nbsp;<\/p>\n<p><span lang=\"en-US\"><a href=\"https:\/\/www.sakraplatser.abe.kth.se\/week-2\/\"><strong>WEEK 2 (6<sup>th<\/sup>\u00a0April \u2013 10<sup>th<\/sup> April)<\/strong><\/a>\u00a0<\/span><\/p>\n<p><span lang=\"en-US\">Marcus Felson, Jerzy Sarnecki, Anders \u00d6stlund<\/span><\/p>\n<p>&nbsp;<\/p>\n<p><span lang=\"en-US\"><a href=\"https:\/\/www.sakraplatser.abe.kth.se\/week-3\/\"><strong>WEEK 3 (13<sup>th<\/sup>\u00a0April \u2013 17<sup>th<\/sup> April)<\/strong><\/a>\u00a0<\/span><\/p>\n<p><span lang=\"en-US\">Mangai Natarajan, Jenny Westerstrand, Melker Labory<\/span><\/p>\n<p>&nbsp;<\/p>\n<p><strong><a href=\"https:\/\/wp.me\/P840TR-126\">WEEK 4 (<span lang=\"en-US\">20<sup>th<\/sup> April \u2013 24<sup>th<\/sup> April)<\/span><\/a><a href=\"https:\/\/www.sakraplatser.abe.kth.se\/week-2\/\">\u00a0<\/a><\/strong><\/p>\n<p>Karina Landman, Miao Xu, Marcelo Ryngelblum<\/p>\n<p>&nbsp;<\/p>\n<p><strong><a href=\"https:\/\/www.sakraplatser.abe.kth.se\/week-5\/\">WEEK 5 (<span lang=\"en-US\">27<sup>th<\/sup> April \u2013 1<sup>st<\/sup> May)<\/span><\/a><a href=\"https:\/\/www.sakraplatser.abe.kth.se\/week-5\/\">\u00a0<\/a><\/strong><\/p>\n<p>Juma Assiago, Carolyn Whitzman, John Maynard<\/p>\n<p>&nbsp;<\/p>\n<p><strong><a href=\"https:\/\/wp.me\/P840TR-16z\">WEEK 6 (<span lang=\"en-US\">4<sup>th<\/sup> May \u2013 8<sup>th<\/sup> May)<\/span><\/a><a href=\"https:\/\/wp.me\/P840TR-16z\">\u00a0<\/a><\/strong><\/p>\n<p>Hugo d&#8217;Arbois de Jubainvilles, Amir Farihadi<\/p>\n<p>&nbsp;<\/p>\n<p><a href=\"https:\/\/www.sakraplatser.abe.kth.se\/week-7\/\"><strong>WEEK 7 (<span lang=\"en-US\">11<sup>th<\/sup> May \u2013 15<sup>th<\/sup> May)<\/span><\/strong><\/a><\/p>\n<p>Elizabeth Johnston, Joseph Donnermeyer<\/p>\n<p>&nbsp;<\/p>\n<p><a href=\"https:\/\/wp.me\/P840TR-19y\"><strong>WEEK 8 (<span lang=\"en-US\">18<sup>th<\/sup> May \u2013 22<sup>nd<\/sup> May)<\/span><\/strong><\/a><\/p>\n<p>Subeh Chowdhury, Mateja Mihinjac, \u00c5sa Lenner\u00f6<\/p>\n<p>&nbsp;<\/p>\n<hr \/>\n<p><a href=\"https:\/\/www.podomatic.com\/podcasts\/sakraplatser\/episodes\/2020-04-03T21_33_33-07_00\"><img loading=\"lazy\" decoding=\"async\" class=\"wp-image-3813 alignleft\" src=\"\/wp-content\/uploads\/sites\/13\/2020\/04\/speaker-icon-png-6-300x300.jpg\" alt=\"\" width=\"52\" height=\"52\" srcset=\"\/wp-content\/uploads\/sites\/13\/2020\/04\/speaker-icon-png-6-300x300.jpg 300w, \/wp-content\/uploads\/sites\/13\/2020\/04\/speaker-icon-png-6-150x150.jpg 150w, \/wp-content\/uploads\/sites\/13\/2020\/04\/speaker-icon-png-6-768x768.jpg 768w, \/wp-content\/uploads\/sites\/13\/2020\/04\/speaker-icon-png-6-90x90.jpg 90w, \/wp-content\/uploads\/sites\/13\/2020\/04\/speaker-icon-png-6-75x75.jpg 75w, \/wp-content\/uploads\/sites\/13\/2020\/04\/speaker-icon-png-6-50x50.jpg 50w, \/wp-content\/uploads\/sites\/13\/2020\/04\/speaker-icon-png-6.jpg 1024w\" sizes=\"auto, (max-width: 52px) 100vw, 52px\" \/><\/a><\/p>\n<p>&nbsp;<\/p>\n<p><strong>PODDAR<\/strong> (alfabetiskt)<\/p>\n<p>&nbsp;<\/p>\n<p><strong><a href=\"https:\/\/static.sys.kth.se\/abe\/safeplaces\/poddar\/Juma Assiago 32min.mp3\">Juma Assiago<\/a><\/strong><\/p>\n<p style=\"text-align: left\"><a href=\"https:\/\/www.podomatic.com\/podcasts\/sakraplatser\/episodes\/2020-04-03T21_33_33-07_00\"><strong>Malin Bergqvist<\/strong> <\/a><\/p>\n<p><strong><a href=\"https:\/\/static.sys.kth.se\/abe\/safeplaces\/poddar\/Hugo DJ 30min.mp3\">Hugo d&#8217;Arbois de Jubainvilles<\/a><\/strong><\/p>\n<p style=\"text-align: justify\"><strong><a href=\"https:\/\/static.sys.kth.se\/abe\/safeplaces\/poddar\/Subeh_30min.mp3\">Subeh Chowdhury<\/a><\/strong><\/p>\n<p><a href=\"https:\/\/static.sys.kth.se\/abe\/safeplaces\/poddar\/JoeDonnemeyer46minFixed.mp3\"><strong>Joseph Donnermeyer<\/strong><\/a><\/p>\n<p><strong><a href=\"https:\/\/static.sys.kth.se\/abe\/safeplaces\/poddar\/AMIR_F_30min.mp3\">Amir Farihadi<\/a><\/strong><\/p>\n<p><a href=\"https:\/\/www.podomatic.com\/podcasts\/sakraplatser\/episodes\/2020-04-06T23_41_51-07_00\"><strong>Marcus Felson<\/strong><\/a><\/p>\n<p><strong><a href=\"https:\/\/static.sys.kth.se\/abe\/safeplaces\/poddar\/Elizabeth_Jonston_32min.mp3\">Elizabeth Johnston<\/a><\/strong><\/p>\n<p><a href=\"https:\/\/www.podomatic.com\/podcasts\/sakraplatser\/episodes\/2020-04-19T08_11_22-07_00\"><strong>Melker Labory<\/strong><\/a><\/p>\n<p><strong><a href=\"https:\/\/www.podomatic.com\/podcasts\/sakraplatser\/episodes\/2020-04-22T21_28_18-07_00\">Karina Landman<\/a><\/strong><\/p>\n<p style=\"text-align: justify\"><a href=\"https:\/\/www.podomatic.com\/podcasts\/sakraplatser\/episodes\/2020-04-03T21_43_18-07_00\"><strong>Jan Landstr\u00f6m<\/strong><\/a><\/p>\n<p><strong><a href=\"https:\/\/static.sys.kth.se\/abe\/safeplaces\/poddar\/\u00c5saLenner\u00f6_19min.mp3\">\u00c5sa Lenner\u00f6<\/a><\/strong><\/p>\n<p><strong><a href=\"https:\/\/static.sys.kth.se\/abe\/safeplaces\/poddar\/John Maynard 23min.mp3\">John Maynard<\/a><\/strong><\/p>\n<p><strong><a href=\"https:\/\/static.sys.kth.se\/abe\/safeplaces\/poddar\/Mateja_25min.mp3\">Mateja Mihinjac<\/a><\/strong><\/p>\n<p><a href=\"https:\/\/www.podomatic.com\/podcasts\/sakraplatser\/episodes\/2020-04-19T07_48_58-07_00\"><strong>Mangai Natarajan<\/strong><\/a><\/p>\n<p><strong><a href=\"https:\/\/www.podomatic.com\/podcasts\/sakraplatser\/episodes\/2020-04-22T12_46_50-07_00\">Marcelo Ryngelblum<\/a><\/strong><\/p>\n<p><a href=\"https:\/\/www.podomatic.com\/podcasts\/sakraplatser\/episodes\/2020-04-06T23_21_08-07_00\"><strong>Jerzy Sarnecki<\/strong><\/a><\/p>\n<p><a href=\"https:\/\/www.podomatic.com\/podcasts\/sakraplatser\/episodes\/2020-04-19T07_55_10-07_00\"><strong>Jenny Westerstrand<\/strong><\/a><\/p>\n<p><strong><a href=\"https:\/\/static.sys.kth.se\/abe\/safeplaces\/poddar\/Carolyn 33min.mp3\">Carolyn Whitzman<\/a><\/strong><\/p>\n<p><strong><a href=\"https:\/\/www.podomatic.com\/podcasts\/sakraplatser\/episodes\/2020-04-22T12_36_43-07_00\">Miao Xu<\/a><\/strong><\/p>\n<p><a href=\"https:\/\/www.podomatic.com\/podcasts\/sakraplatser\/episodes\/2020-04-06T23_31_56-07_00\"><strong>Anders \u00d6stlund<\/strong><\/a><\/p>\n<p>&nbsp;<\/p>\n<p>&nbsp;<\/p>\n","protected":false},"excerpt":{"rendered":"<p>S\u00e4kraplatser-Poddar [&#8230;]<\/p>\n","protected":false},"author":201,"featured_media":0,"parent":0,"menu_order":0,"comment_status":"closed","ping_status":"closed","template":"","meta":{"_bbp_topic_count":0,"_bbp_reply_count":0,"_bbp_total_topic_count":0,"_bbp_total_reply_count":0,"_bbp_voice_count":0,"_bbp_anonymous_reply_count":0,"_bbp_topic_count_hidden":0,"_bbp_reply_count_hidden":0,"_bbp_forum_subforum_count":0,"episode_type":"","audio_file":"","podmotor_file_id":"","podmotor_episode_id":"","cover_image":"","cover_image_id":"","duration":"","filesize":"","filesize_raw":"","date_recorded":"","explicit":"","block":"","itunes_episode_number":"","itunes_title":"","itunes_season_number":"","itunes_episode_type":"","jetpack_post_was_ever_published":false,"footnotes":"","_links_to":"","_links_to_target":""},"class_list":["post-3646","page","type-page","status-publish","hentry"],"jetpack_sharing_enabled":true,"jetpack_shortlink":"https:\/\/wp.me\/P840TR-WO","post_mailing_queue_ids":[],"_links":{"self":[{"href":"https:\/\/wpmu-bis.sys.kth.se\/safeplaces\/wp-json\/wp\/v2\/pages\/3646","targetHints":{"allow":["GET"]}}],"collection":[{"href":"https:\/\/wpmu-bis.sys.kth.se\/safeplaces\/wp-json\/wp\/v2\/pages"}],"about":[{"href":"https:\/\/wpmu-bis.sys.kth.se\/safeplaces\/wp-json\/wp\/v2\/types\/page"}],"author":[{"embeddable":true,"href":"https:\/\/wpmu-bis.sys.kth.se\/safeplaces\/wp-json\/wp\/v2\/users\/201"}],"replies":[{"embeddable":true,"href":"https:\/\/wpmu-bis.sys.kth.se\/safeplaces\/wp-json\/wp\/v2\/comments?post=3646"}],"version-history":[{"count":50,"href":"https:\/\/wpmu-bis.sys.kth.se\/safeplaces\/wp-json\/wp\/v2\/pages\/3646\/revisions"}],"predecessor-version":[{"id":4450,"href":"https:\/\/wpmu-bis.sys.kth.se\/safeplaces\/wp-json\/wp\/v2\/pages\/3646\/revisions\/4450"}],"wp:attachment":[{"href":"https:\/\/wpmu-bis.sys.kth.se\/safeplaces\/wp-json\/wp\/v2\/media?parent=3646"}],"curies":[{"name":"wp","href":"https:\/\/api.w.org\/{rel}","templated":true}]}}