{"id":3583,"date":"2020-03-10T18:45:46","date_gmt":"2020-03-10T18:45:46","guid":{"rendered":"https:\/\/www.sakraplatser.abe.kth.se\/?page_id=3583"},"modified":"2020-11-14T21:45:39","modified_gmt":"2020-11-14T21:45:39","slug":"tidigare-dokumentation","status":"publish","type":"page","link":"https:\/\/wpmu-bis.sys.kth.se\/safeplaces\/sv\/tidigare-dokumentation\/","title":{"rendered":"tidigare dokumentation"},"content":{"rendered":"<h5><b>Situations baserad brottsprevention\u00a0<\/b><\/h5>\n<p><a href=\"https:\/\/www.sakraplatser.abe.kth.se\/wp-content\/uploads\/sites\/13\/2018\/04\/SA%CC%88KRAPLATSER-WS3_20180430.pdf\">Sammanfattning av Workshop 3<\/a><\/p>\n<p><a href=\"https:\/\/www.sakraplatser.abe.kth.se\/wp-content\/uploads\/sites\/13\/2017\/12\/SAcc88KRA20PLATSER20ANDRA20WORK_17_12_2.pdf\">Sammanfattning av Workshop 2<\/a><\/p>\n<p><a href=\"https:\/\/static.sys.kth.se\/abe\/safeplaces\/workshop1\/SAKRAPLATSER_WS1.pdf\">Sammanfattning av Workshop 1<\/a><\/p>\n<p><a href=\"https:\/\/static.sys.kth.se\/abe\/safeplaces\/kick-off\/Sakraplatser-sammanfattning-kick-off.pdf\">Sammanfattning av Kick-off dagen<\/a><\/p>\n<h5><b>Mobilitet, brott, r\u00e4dsla\u00a0<\/b><\/h5>\n<p><a href=\"https:\/\/www.sakraplatser.abe.kth.se\/wp-content\/uploads\/sites\/13\/2019\/10\/Trygghetpavag-booklet_13ok.pdf\">Trygghet p\u00e5 v\u00e4g: Ett Seminarium om hela resans perspektiv p\u00e5 mobilitet<\/a><\/p>\n<p><a href=\"https:\/\/www.sakraplatser.abe.kth.se\/wp-content\/uploads\/sites\/13\/2019\/10\/Trygghetpavag-booklet_13ok.pdf\">Sammanfattning av Trygghet p\u00e5 v\u00e4g\u00a0<\/a><\/p>\n<p><a href=\"https:\/\/static.sys.kth.se\/abe\/safeplaces\/Eyes-on-the-street-seminar\/SAKRAPLATSER-BOOKLET.pdf\">Summary from the Seminar \u201cEyes &amp; Apps on the Streets\u201d<\/a><\/p>\n<h5><b>Stadsmilj\u00f6, brottslighet och trygghet\u00a0<\/b><\/h5>\n<p><a href=\"https:\/\/www.kth.se\/files\/view\/vace\/5dc3a43c38ca1004b7abb8e1\/trygg-stadsmiljoe-i-praktiken_v.pdf\">Trygg stadsmilj\u00f6 i praktiken: Visioner, exempel &amp; tips (2019) \u2013 Rapport 2<\/a><\/p>\n<p><a href=\"https:\/\/www.boverket.se\/globalassets\/publikationer\/dokument\/2019\/trygg-stadsmiljo.pdf\">Trygg stadsmilj\u00f6 Teori och praktik (2019) \u2013 Rapport 1<\/a><\/p>\n<p><a href=\"https:\/\/www.sakraplatser.abe.kth.se\/wp-content\/uploads\/sites\/13\/2018\/12\/Conference_Booklet_crimefear.pdf\">Summary from the conference Crime and Fear in Public Places<\/a><\/p>\n<p><a href=\"https:\/\/static.sys.kth.se\/abe\/safeplaces\/Courses-final-reports\/SAFETY_IN_THE_MAKING_2017_FinalreportsF.pdf\">Safety in the Making: Student\u2019s Final Project Reports<\/a><\/p>\n<h5><b>Andra aktiviteter f\u00f6re 2017<\/b><\/h5>\n<p><a href=\"https:\/\/www.kth.se\/som\/avdelningar\/urbana-studier\/seminarier\/tidigare-seminarier\/retail-crime-international-evidence-and-prevention-15th-september-2016-1.650028\">Retail crime: International evidence and prevention<\/a>\u00a0(2016)\u00a0<a href=\"https:\/\/www.kth.se\/files\/view\/vace\/5dc3a43c38ca1004b7abb8e1\/trygg-stadsmiljoe-i-praktiken_v.pdf\">\u2013<\/a>\u00a0<a href=\"https:\/\/www.kth.se\/polopoly_fs\/1.670199.1550155816!\/ABSTRACTS_photos.pdf\">Abstracts<\/a>,\u00a0<a href=\"https:\/\/www.kth.se\/polopoly_fs\/1.677291.1550157687!\/SLIDES%20from%20SEMINAR-PART%201.pdf\">Slides PART I<\/a>,\u00a0<a href=\"https:\/\/www.kth.se\/polopoly_fs\/1.677292.1550154611!\/SLIDES%20from%20SEMINAR-PART%202.pdf\">Slides PART II<\/a>,\u00a0<a href=\"https:\/\/www.kth.se\/polopoly_fs\/1.677293.1550157613!\/SLIDES%20from%20SEMINAR-PART%203.pdf\">Slides PART III<\/a><\/p>\n<p><a href=\"https:\/\/www.kth.se\/profile\/vace\/page\/finance-harm-and-white-collar-crime-an\">Finance, harm and white collar crime<\/a>\u00a0(2015)\u00a0<a href=\"https:\/\/www.kth.se\/files\/view\/vace\/5dc3a43c38ca1004b7abb8e1\/trygg-stadsmiljoe-i-praktiken_v.pdf\">\u2013<\/a>\u00a0Special issue i\u00a0<a href=\"http:\/\/link.springer.com\/article\/10.1007\/s10611-016-9617-7\"><i>Crime, Law and Social Change<\/i><\/a>\u00a0(2016), 66 (2),\u00a0<a href=\"https:\/\/static.sys.kth.se\/abe\/safeplaces\/Financial_crime\/Slides_financial_crime.zip\">S<\/a>lides<\/p>\n<p><a href=\"https:\/\/www.kth.se\/en\/sci\/2.836\/forskning\/sem\/archive\/rural-crime-and-comm\">Rural crime and community safety<\/a>\u00a0(2014)\u00a0<a href=\"https:\/\/www.kth.se\/files\/view\/vace\/5dc3a43c38ca1004b7abb8e1\/trygg-stadsmiljoe-i-praktiken_v.pdf\">\u2013<\/a>\u00a0Special issue i\u00a0<a href=\"http:\/\/www.sciencedirect.com\/science\/article\/pii\/S0743016715000443\"><i>Journal of Rural Studies\u00a0<\/i><\/a>(2015),39<\/p>\n<p><a href=\"https:\/\/www.kth.se\/en\/sci\/2.836\/forskning\/sem\/archive\/safety-in-transit\">Safety in Transit Environments<\/a>\u00a0(2013)\u00a0<a href=\"https:\/\/www.kth.se\/files\/view\/vace\/5dc3a43c38ca1004b7abb8e1\/trygg-stadsmiljoe-i-praktiken_v.pdf\">\u2013<\/a>\u00a0\u00a0<a href=\"http:\/\/www.palgrave.com\/br\/book\/9781137457646\">Book,\u00a0\u00a0<i>Safety and Security in Transit Environments<\/i><\/a>\u00a0(2015)<\/p>\n<p><a href=\"http:\/\/www.kth.se\/abe\/konferenser\/secmatters\/security-matters-1.53690\">Security Matters!<\/a>\u00a0(2010)\u00a0<a href=\"https:\/\/www.kth.se\/files\/view\/vace\/5dc3a43c38ca1004b7abb8e1\/trygg-stadsmiljoe-i-praktiken_v.pdf\">\u2013<\/a>\u00a0<a href=\"http:\/\/www.springer.com\/gp\/book\/9789400742093\">Book,\u00a0<i>The Urban Fabric of Crime and Fear<\/i><\/a>\u00a0(2012), S<a href=\"http:\/\/www.kth.se\/abe\/konferenser\/secmatters\/lectures-1.61696\">lides<\/a><\/p>\n<p>&nbsp;<\/p>\n<p><strong>\u00d6vrig<\/strong><\/p>\n<ul id=\"menu-dokumentation-documentation\" class=\"menu\">\n<li id=\"menu-item-2842\" class=\"menu-item menu-item-type-post_type menu-item-object-page menu-item-2842\"><a href=\"https:\/\/www.sakraplatser.abe.kth.se\/utvardering-av-teknologi-och-insatser-i-trygghetsskapande-syfte%ef%bb%bf\/?customize_changeset_uuid=6daa955c-6fd9-4636-b5c5-aa5d7e012f26&amp;customize_autosaved=on&amp;customize_messenger_channel=preview-0\">Utv\u00e4rdering av teknologi och insatser i trygghetsskapande syfte<\/a><\/li>\n<li id=\"menu-item-2845\" class=\"menu-item menu-item-type-post_type menu-item-object-page menu-item-2845\"><a href=\"https:\/\/www.sakraplatser.abe.kth.se\/en\/%ef%bb%bfned-levine\/?customize_changeset_uuid=6daa955c-6fd9-4636-b5c5-aa5d7e012f26&amp;customize_autosaved=on&amp;customize_messenger_channel=preview-0\">Dr Ned Levine<\/a><\/li>\n<li id=\"menu-item-2853\" class=\"menu-item menu-item-type-post_type menu-item-object-page menu-item-2853\"><a href=\"https:\/\/www.sakraplatser.abe.kth.se\/sodermanlands-lan-visar-exempel-pa-det-regionala-brottsforebyggande-arbetet\/?customize_changeset_uuid=6daa955c-6fd9-4636-b5c5-aa5d7e012f26&amp;customize_autosaved=on&amp;customize_messenger_channel=preview-0\">S\u00f6dermanlands l\u00e4n visar exempel p\u00e5 det regionala brottsf\u00f6rebyggande arbetet<\/a><\/li>\n<li id=\"menu-item-2857\" class=\"menu-item menu-item-type-post_type menu-item-object-page menu-item-2857\"><a href=\"https:\/\/www.sakraplatser.abe.kth.se\/%ef%bb%bftema-samhorighet-och-trygghet-i-naromradet\/?customize_changeset_uuid=6daa955c-6fd9-4636-b5c5-aa5d7e012f26&amp;customize_autosaved=on&amp;customize_messenger_channel=preview-0\">Tema samh\u00f6righet och trygghet i n\u00e4romr\u00e5det!<\/a><\/li>\n<li id=\"menu-item-2860\" class=\"menu-item menu-item-type-post_type menu-item-object-page menu-item-2860\"><a href=\"https:\/\/www.sakraplatser.abe.kth.se\/forebyggande-trygghetsarbete-i-samhallsplaneringsprocessen\/?customize_changeset_uuid=6daa955c-6fd9-4636-b5c5-aa5d7e012f26&amp;customize_autosaved=on&amp;customize_messenger_channel=preview-0\">F\u00f6rebyggande trygghetsarbete i samh\u00e4llsplaneringsprocessen<\/a><\/li>\n<li id=\"menu-item-2866\" class=\"menu-item menu-item-type-post_type menu-item-object-page menu-item-2866\"><a href=\"https:\/\/www.sakraplatser.abe.kth.se\/design-och-trygghet-i-los-angeles-kollektivtrafik-madeline-brozen\/?customize_changeset_uuid=6daa955c-6fd9-4636-b5c5-aa5d7e012f26&amp;customize_autosaved=on&amp;customize_messenger_channel=preview-0\">Design och trygghet i Los Angeles kollektivtrafik \u2013 Madeline Brozen<\/a><\/li>\n<li id=\"menu-item-2882\" class=\"menu-item menu-item-type-post_type menu-item-object-page menu-item-2882\"><a href=\"https:\/\/www.sakraplatser.abe.kth.se\/utvardering-av-teknologi-och-insatser-i-trygghetsskapande-syfte%ef%bb%bf-2\/?customize_changeset_uuid=6daa955c-6fd9-4636-b5c5-aa5d7e012f26&amp;customize_autosaved=on&amp;customize_messenger_channel=preview-0\">Utv\u00e4rdering av teknologi och insatser i trygghetsskapande syfte<\/a><\/li>\n<\/ul>\n","protected":false},"excerpt":{"rendered":"<p>Situations [&#8230;]<\/p>\n","protected":false},"author":201,"featured_media":0,"parent":0,"menu_order":0,"comment_status":"closed","ping_status":"closed","template":"","meta":{"_bbp_topic_count":0,"_bbp_reply_count":0,"_bbp_total_topic_count":0,"_bbp_total_reply_count":0,"_bbp_voice_count":0,"_bbp_anonymous_reply_count":0,"_bbp_topic_count_hidden":0,"_bbp_reply_count_hidden":0,"_bbp_forum_subforum_count":0,"episode_type":"","audio_file":"","podmotor_file_id":"","podmotor_episode_id":"","cover_image":"","cover_image_id":"","duration":"","filesize":"","filesize_raw":"","date_recorded":"","explicit":"","block":"","itunes_episode_number":"","itunes_title":"","itunes_season_number":"","itunes_episode_type":"","jetpack_post_was_ever_published":false,"footnotes":"","_links_to":"","_links_to_target":""},"class_list":["post-3583","page","type-page","status-publish","hentry"],"jetpack_sharing_enabled":true,"jetpack_shortlink":"https:\/\/wp.me\/P840TR-VN","post_mailing_queue_ids":[],"_links":{"self":[{"href":"https:\/\/wpmu-bis.sys.kth.se\/safeplaces\/wp-json\/wp\/v2\/pages\/3583","targetHints":{"allow":["GET"]}}],"collection":[{"href":"https:\/\/wpmu-bis.sys.kth.se\/safeplaces\/wp-json\/wp\/v2\/pages"}],"about":[{"href":"https:\/\/wpmu-bis.sys.kth.se\/safeplaces\/wp-json\/wp\/v2\/types\/page"}],"author":[{"embeddable":true,"href":"https:\/\/wpmu-bis.sys.kth.se\/safeplaces\/wp-json\/wp\/v2\/users\/201"}],"replies":[{"embeddable":true,"href":"https:\/\/wpmu-bis.sys.kth.se\/safeplaces\/wp-json\/wp\/v2\/comments?post=3583"}],"version-history":[{"count":5,"href":"https:\/\/wpmu-bis.sys.kth.se\/safeplaces\/wp-json\/wp\/v2\/pages\/3583\/revisions"}],"predecessor-version":[{"id":5463,"href":"https:\/\/wpmu-bis.sys.kth.se\/safeplaces\/wp-json\/wp\/v2\/pages\/3583\/revisions\/5463"}],"wp:attachment":[{"href":"https:\/\/wpmu-bis.sys.kth.se\/safeplaces\/wp-json\/wp\/v2\/media?parent=3583"}],"curies":[{"name":"wp","href":"https:\/\/api.w.org\/{rel}","templated":true}]}}