{"id":35,"date":"2016-11-09T11:39:25","date_gmt":"2016-11-09T11:39:25","guid":{"rendered":"https:\/\/wpmu-bis.sys.kth.se\/safeplaces\/?page_id=35"},"modified":"2020-03-30T11:06:45","modified_gmt":"2020-03-30T11:06:45","slug":"kontakt","status":"publish","type":"page","link":"https:\/\/wpmu-bis.sys.kth.se\/safeplaces\/sv\/kontakt\/","title":{"rendered":"Kontakt"},"content":{"rendered":"<p><em><strong>S\u00e4kraplatser n\u00e4tverket<\/strong><\/em><\/p>\n<p>Avdelningen f\u00f6r urbana och regionala studier<\/p>\n<p>Institutionen f\u00f6r samh\u00e4llsplanering och milj\u00f6<\/p>\n<p>KTH Kungliga Tekniska H\u00f6gskolan<\/p>\n<p>Teknikringen 10A<\/p>\n<p>100 44 Stockholm<\/p>\n<p><b><img loading=\"lazy\" decoding=\"async\" class=\" wp-image-3623 alignleft\" src=\"\/wp-content\/uploads\/sites\/13\/2020\/03\/Vania_Ceccato_TQ0A6554_Crp_tryck_A5_mail_1-225x300.jpg\" alt=\"\" width=\"138\" height=\"184\" srcset=\"\/wp-content\/uploads\/sites\/13\/2020\/03\/Vania_Ceccato_TQ0A6554_Crp_tryck_A5_mail_1-225x300.jpg 225w, \/wp-content\/uploads\/sites\/13\/2020\/03\/Vania_Ceccato_TQ0A6554_Crp_tryck_A5_mail_1-768x1024.jpg 768w, \/wp-content\/uploads\/sites\/13\/2020\/03\/Vania_Ceccato_TQ0A6554_Crp_tryck_A5_mail_1.jpg 900w\" sizes=\"auto, (max-width: 138px) 100vw, 138px\" \/><\/b><\/p>\n<p>&nbsp;<\/p>\n<p><b>Vania Ceccato (Koordinator)<\/b><\/p>\n<p style=\"text-align: justify\"><span style=\"font-weight: 400\">Vania Ceccato \u00e4r Professor p\u00e5 Urbana och Regionala Studier (URS), Samh\u00e4llsplanering och milj\u00f6, Skolan f\u00f6r\u00a0 Arkitektur och Samh\u00e4llsbyggnad (ABE), Kungliga Tekniska H\u00f6gskolan (KTH). For mer information, see <\/span><a href=\"https:\/\/www.kth.se\/profile\/vace\/\"><span style=\"font-weight: 400\">Ceccatos profil<\/span><\/a><span style=\"font-weight: 400\"> p\u00e5 KTH hemsida<\/span><\/p>\n<p>&nbsp;<\/p>\n<p>&nbsp;<\/p>\n<p><strong>Har du fr\u00e5gor eller synpunkter?<br \/>\n<\/strong><\/p>\n<p>D\u00e5 \u00e4r du v\u00e4lkommen att mejla oss direkt p\u00e5 <a href=\"mailto:info@sakraplatser.abe.kth.se\">info@sakraplatser.abe.kth.se<\/a><\/p>\n<p>&nbsp;<\/p>\n","protected":false},"excerpt":{"rendered":"<p>S\u00e4kraplatser [&#8230;]<\/p>\n","protected":false},"author":31,"featured_media":0,"parent":0,"menu_order":0,"comment_status":"closed","ping_status":"closed","template":"","meta":{"_bbp_topic_count":0,"_bbp_reply_count":0,"_bbp_total_topic_count":0,"_bbp_total_reply_count":0,"_bbp_voice_count":0,"_bbp_anonymous_reply_count":0,"_bbp_topic_count_hidden":0,"_bbp_reply_count_hidden":0,"_bbp_forum_subforum_count":0,"episode_type":"","audio_file":"","podmotor_file_id":"","podmotor_episode_id":"","cover_image":"","cover_image_id":"","duration":"","filesize":"","filesize_raw":"","date_recorded":"","explicit":"","block":"","itunes_episode_number":"","itunes_title":"","itunes_season_number":"","itunes_episode_type":"","jetpack_post_was_ever_published":false,"footnotes":"","_links_to":"","_links_to_target":""},"class_list":["post-35","page","type-page","status-publish","hentry"],"jetpack_sharing_enabled":true,"jetpack_shortlink":"https:\/\/wp.me\/P840TR-z","post_mailing_queue_ids":[],"_links":{"self":[{"href":"https:\/\/wpmu-bis.sys.kth.se\/safeplaces\/wp-json\/wp\/v2\/pages\/35","targetHints":{"allow":["GET"]}}],"collection":[{"href":"https:\/\/wpmu-bis.sys.kth.se\/safeplaces\/wp-json\/wp\/v2\/pages"}],"about":[{"href":"https:\/\/wpmu-bis.sys.kth.se\/safeplaces\/wp-json\/wp\/v2\/types\/page"}],"author":[{"embeddable":true,"href":"https:\/\/wpmu-bis.sys.kth.se\/safeplaces\/wp-json\/wp\/v2\/users\/31"}],"replies":[{"embeddable":true,"href":"https:\/\/wpmu-bis.sys.kth.se\/safeplaces\/wp-json\/wp\/v2\/comments?post=35"}],"version-history":[{"count":17,"href":"https:\/\/wpmu-bis.sys.kth.se\/safeplaces\/wp-json\/wp\/v2\/pages\/35\/revisions"}],"predecessor-version":[{"id":3624,"href":"https:\/\/wpmu-bis.sys.kth.se\/safeplaces\/wp-json\/wp\/v2\/pages\/35\/revisions\/3624"}],"wp:attachment":[{"href":"https:\/\/wpmu-bis.sys.kth.se\/safeplaces\/wp-json\/wp\/v2\/media?parent=35"}],"curies":[{"name":"wp","href":"https:\/\/api.w.org\/{rel}","templated":true}]}}