{"id":33,"date":"2016-11-09T11:39:10","date_gmt":"2016-11-09T11:39:10","guid":{"rendered":"https:\/\/wpmu-bis.sys.kth.se\/safeplaces\/?page_id=33"},"modified":"2021-01-19T15:13:45","modified_gmt":"2021-01-19T15:13:45","slug":"sponsors","status":"publish","type":"page","link":"https:\/\/wpmu-bis.sys.kth.se\/safeplaces\/sv\/sponsors\/","title":{"rendered":"Sponsor"},"content":{"rendered":"<p class=\"x_MsoNormal\" style=\"text-align: justify\">KTH Kungliga Tekniska H\u00f6gskolan \u00e4r f\u00f6r n\u00e4rvarande sponsorn och drivkraften f\u00f6r n\u00e4tverket. N\u00e4tverket samordnar seminarier och konferenser tillsammans med andra akt\u00f6rer. N\u00e4tverket st\u00f6djer lokala situationsbaserade utvecklingsprojekt samt bidrar med erfarenhet fr\u00e5n relevant forskning f\u00f6r att underl\u00e4tta anv\u00e4ndning av evidens i praxis. Det \u00e4r viktigt att forskare, lokala och nationella myndigheter samt andra akt\u00f6rer arbetar tillsammans f\u00f6r att g\u00f6ra nationell och internationell evidensbaserad forskning tillg\u00e4nglig f\u00f6r brottsf\u00f6rebyggande verksamhet.\u00a0S\u00e4kraplatser n\u00e4tverket har sedan 2017 finansierats av BR\u00c5 och KTH.\u00a0Alla v\u00e5ra evenemang \u00e4r gratis.<\/p>\n<p>&nbsp;<\/p>\n<p class=\"x_MsoNormal\" style=\"text-align: justify\"><strong>S\u00e4kraplatser n\u00e4tverket letar efter sponsorer och donationer. <\/strong><\/p>\n<p class=\"x_MsoNormal\" style=\"text-align: justify\">Vill du bidra till n\u00e4tverket?<\/p>\n<p class=\"x_MsoNormal\" style=\"text-align: justify\">Kontakta oss\u00a0<a href=\"mailto:info@sakraplatser.abe.kth.se\" target=\"_blank\" rel=\"noopener noreferrer\" data-auth=\"NotApplicable\">info@sakraplatser.abe.kth.se<\/a><\/p>\n<p>&nbsp;<\/p>\n","protected":false},"excerpt":{"rendered":"<p>KTH [&#8230;]<\/p>\n","protected":false},"author":31,"featured_media":0,"parent":0,"menu_order":0,"comment_status":"closed","ping_status":"closed","template":"","meta":{"_bbp_topic_count":0,"_bbp_reply_count":0,"_bbp_total_topic_count":0,"_bbp_total_reply_count":0,"_bbp_voice_count":0,"_bbp_anonymous_reply_count":0,"_bbp_topic_count_hidden":0,"_bbp_reply_count_hidden":0,"_bbp_forum_subforum_count":0,"episode_type":"","audio_file":"","podmotor_file_id":"","podmotor_episode_id":"","cover_image":"","cover_image_id":"","duration":"","filesize":"","filesize_raw":"","date_recorded":"","explicit":"","block":"","itunes_episode_number":"","itunes_title":"","itunes_season_number":"","itunes_episode_type":"","jetpack_post_was_ever_published":false,"footnotes":"","_links_to":"","_links_to_target":""},"class_list":["post-33","page","type-page","status-publish","hentry"],"jetpack_sharing_enabled":true,"jetpack_shortlink":"https:\/\/wp.me\/P840TR-x","post_mailing_queue_ids":[],"_links":{"self":[{"href":"https:\/\/wpmu-bis.sys.kth.se\/safeplaces\/wp-json\/wp\/v2\/pages\/33","targetHints":{"allow":["GET"]}}],"collection":[{"href":"https:\/\/wpmu-bis.sys.kth.se\/safeplaces\/wp-json\/wp\/v2\/pages"}],"about":[{"href":"https:\/\/wpmu-bis.sys.kth.se\/safeplaces\/wp-json\/wp\/v2\/types\/page"}],"author":[{"embeddable":true,"href":"https:\/\/wpmu-bis.sys.kth.se\/safeplaces\/wp-json\/wp\/v2\/users\/31"}],"replies":[{"embeddable":true,"href":"https:\/\/wpmu-bis.sys.kth.se\/safeplaces\/wp-json\/wp\/v2\/comments?post=33"}],"version-history":[{"count":10,"href":"https:\/\/wpmu-bis.sys.kth.se\/safeplaces\/wp-json\/wp\/v2\/pages\/33\/revisions"}],"predecessor-version":[{"id":5587,"href":"https:\/\/wpmu-bis.sys.kth.se\/safeplaces\/wp-json\/wp\/v2\/pages\/33\/revisions\/5587"}],"wp:attachment":[{"href":"https:\/\/wpmu-bis.sys.kth.se\/safeplaces\/wp-json\/wp\/v2\/media?parent=33"}],"curies":[{"name":"wp","href":"https:\/\/api.w.org\/{rel}","templated":true}]}}