{"id":308,"date":"2016-11-24T22:19:21","date_gmt":"2016-11-24T22:19:21","guid":{"rendered":"https:\/\/wpmu-bis.sys.kth.se\/safeplaces\/?page_id=308"},"modified":"2016-12-06T16:31:51","modified_gmt":"2016-12-06T16:31:51","slug":"hornstenar","status":"publish","type":"page","link":"https:\/\/wpmu-bis.sys.kth.se\/safeplaces\/sv\/hornstenar\/","title":{"rendered":"H\u00f6rnstenar"},"content":{"rendered":"<p>H\u00f6rnstenarna i n\u00e4tverket:<\/p>\n<ul>\n<li><em><strong>S\u00e4kerhet \u00e4r en grundl\u00e4ggande m\u00e4nsklig r\u00e4ttighet<\/strong><\/em> \u2013 att f\u00e5 k\u00e4nna sig fri fr\u00e5n risk och r\u00e4dsla f\u00f6r fara \u00e4r avg\u00f6rande f\u00f6r alla m\u00e4nniskor och en f\u00f6ruts\u00e4ttning f\u00f6r det moderna samh\u00e4llet. En s\u00e4ker milj\u00f6 g\u00f6r det m\u00f6jligt att uppfylla de mest grundl\u00e4ggande individuella behoven \u2013 en s\u00e4ker bostad och en s\u00e4ker stadsmilj\u00f6 som till\u00e5ter fri r\u00f6rlighet.<\/li>\n<\/ul>\n<ul>\n<li><em><strong>F\u00f6rst\u00e5else f\u00f6r f\u00f6ruts\u00e4ttningarna f\u00f6r brott<\/strong><\/em> \u2013 brott f\u00f6rekommer inte i ett vakuum. De h\u00e4nder p\u00e5 vissa platser och tider. Om de f\u00f6rh\u00e5llanden under vilka brott intr\u00e4ffar kan undvikas, kommer de \u00f6vergripande s\u00e4kerhetsf\u00f6rh\u00e5llandena p\u00e5 en plats f\u00f6rb\u00e4ttras. Detta kr\u00e4ver kunskap som \u00e4r kontextbaserad. Stad och land uts\u00e4tts inte f\u00f6r brott p\u00e5 samma s\u00e4tt. Dagens situation betyder nya metodologiska utmaningar. <strong><em>S\u00e4kraplatser n\u00e4tverket<\/em><\/strong> och KTH erbjuder en enast\u00e5ende plattform f\u00f6r n\u00e4tverket i en metodologiskt stark forskningsmilj\u00f6 med yrkesverksamma som arbetar tv\u00e4rvetenskapligt.<\/li>\n<\/ul>\n<ul>\n<li><em><strong>Kunskap kr\u00e4ver ett interdisciplin\u00e4rt f\u00f6rh\u00e5llnings\u00e4tt<\/strong><\/em> \u2013 att g\u00f6ra platser s\u00e4krare \u00e4r en grundl\u00e4ggande uppgift f\u00f6r n\u00e4tverket. Att garantera s\u00e4kerhet \u00e4r inte en uppgift f\u00f6r ett enskilt forskningsomr\u00e5de eller samh\u00e4llsakt\u00f6r. Det kr\u00e4vs kunskap fr\u00e5n m\u00e5nga omr\u00e5den inom forskning: kriminologi, sociologi, psykologi men \u00e4ven geografi, arkitektur och planering, statistik, allm\u00e4n ingenj\u00f6rskunskap och datavetenskap. S\u00e4kerhet kr\u00e4ver ocks\u00e5 ett samordnat samarbete mellan flera samh\u00e4llsakt\u00f6rer som arbetar inom gemensamma ramar f\u00f6r att f\u00f6rebygga brott och fr\u00e4mja upplevd s\u00e4kerhet.<\/li>\n<\/ul>\n<ul>\n<li><em><strong>S\u00e4kerhetens och trygghetens intersektionalitet<\/strong><\/em> (Intersectionality of safety) \u2013 Det finns ett behov av att unders\u00f6ka intersektionalitet g\u00e4llande utsatthet f\u00f6r brott och upplevd otrygghet. Kunskap om hur, n\u00e4r och varf\u00f6r k\u00f6n i relation till \u00e5lder, klass och etnisk tillh\u00f6righet tillsammans kan resultera i att en del personer \u00e4r mer utsatta f\u00f6r brott och otrygghet \u00e4n andra beh\u00f6vs.<\/li>\n<\/ul>\n<ul>\n<li><em><strong>Tillg\u00e4ngligg\u00f6ra kriminology<\/strong><\/em> (Translational criminology) \u2013 Om vi vill f\u00f6rhindra, minska och handskas med brott, m\u00e5ste vi kunna \u00f6vers\u00e4tta vetenskapliga r\u00f6n till politik och praxis. Ut\u00f6vare inom omr\u00e5det beskriver utmaningar de m\u00f6ter i sina jobb varje dag, men forskarna utvecklar ocks\u00e5 nya verktyg och id\u00e9er f\u00f6r att \u00f6vervinna dessa utmaningar och utv\u00e4rdera deras effekter. Denna process inneb\u00e4r att en framg\u00e5ngsrik spridning av forskningsresultat kan kr\u00e4va flera strategier. V\u00e5ra partners inkluderar organisationer fr\u00e5n den akademiska v\u00e4rlden, statliga myndighet och organisationer samt f\u00f6retag.<\/li>\n<\/ul>\n","protected":false},"excerpt":{"rendered":"<p>H\u00f6rnstenarna [&#8230;]<\/p>\n","protected":false},"author":31,"featured_media":0,"parent":0,"menu_order":0,"comment_status":"closed","ping_status":"closed","template":"","meta":{"_bbp_topic_count":0,"_bbp_reply_count":0,"_bbp_total_topic_count":0,"_bbp_total_reply_count":0,"_bbp_voice_count":0,"_bbp_anonymous_reply_count":0,"_bbp_topic_count_hidden":0,"_bbp_reply_count_hidden":0,"_bbp_forum_subforum_count":0,"episode_type":"","audio_file":"","podmotor_file_id":"","podmotor_episode_id":"","cover_image":"","cover_image_id":"","duration":"","filesize":"","filesize_raw":"","date_recorded":"","explicit":"","block":"","itunes_episode_number":"","itunes_title":"","itunes_season_number":"","itunes_episode_type":"","jetpack_post_was_ever_published":false,"footnotes":"","_links_to":"","_links_to_target":""},"class_list":["post-308","page","type-page","status-publish","hentry"],"jetpack_sharing_enabled":true,"jetpack_shortlink":"https:\/\/wp.me\/P840TR-4Y","post_mailing_queue_ids":[],"_links":{"self":[{"href":"https:\/\/wpmu-bis.sys.kth.se\/safeplaces\/wp-json\/wp\/v2\/pages\/308","targetHints":{"allow":["GET"]}}],"collection":[{"href":"https:\/\/wpmu-bis.sys.kth.se\/safeplaces\/wp-json\/wp\/v2\/pages"}],"about":[{"href":"https:\/\/wpmu-bis.sys.kth.se\/safeplaces\/wp-json\/wp\/v2\/types\/page"}],"author":[{"embeddable":true,"href":"https:\/\/wpmu-bis.sys.kth.se\/safeplaces\/wp-json\/wp\/v2\/users\/31"}],"replies":[{"embeddable":true,"href":"https:\/\/wpmu-bis.sys.kth.se\/safeplaces\/wp-json\/wp\/v2\/comments?post=308"}],"version-history":[{"count":5,"href":"https:\/\/wpmu-bis.sys.kth.se\/safeplaces\/wp-json\/wp\/v2\/pages\/308\/revisions"}],"predecessor-version":[{"id":561,"href":"https:\/\/wpmu-bis.sys.kth.se\/safeplaces\/wp-json\/wp\/v2\/pages\/308\/revisions\/561"}],"wp:attachment":[{"href":"https:\/\/wpmu-bis.sys.kth.se\/safeplaces\/wp-json\/wp\/v2\/media?parent=308"}],"curies":[{"name":"wp","href":"https:\/\/api.w.org\/{rel}","templated":true}]}}