{"id":275,"date":"2016-11-24T14:09:23","date_gmt":"2016-11-24T14:09:23","guid":{"rendered":"https:\/\/wpmu-bis.sys.kth.se\/safeplaces\/?page_id=275"},"modified":"2016-12-06T16:50:41","modified_gmt":"2016-12-06T16:50:41","slug":"syfte","status":"publish","type":"page","link":"https:\/\/wpmu-bis.sys.kth.se\/safeplaces\/sv\/syfte\/","title":{"rendered":"Syfte"},"content":{"rendered":"<p>Syftet med <em><strong>S<\/strong><strong>\u00e4kraplatser n\u00e4tverket<\/strong><\/em> \u00e4r att f\u00f6rb\u00e4ttra kunskapsbasen kring situationsbaserad brottsprevention bland lokala akt\u00f6rer i Sverige, vilket i slut\u00e4ndan arbetar f\u00f6r att skapa s\u00e4krare milj\u00f6er. Detta m\u00e5l uppn\u00e5s genom:<\/p>\n<ol>\n<li><strong><em>Information och kunskapsspridning<\/em><\/strong> &#8211; Att dela information och forskningsresultat till s\u00e4kerhets- och trygghets experter som arbetar med brottsprevention och trygghetsskapande \u00e5tg\u00e4rder lokalt, dvs. trygghetsamordnare, poliser, stadsplanerare och andra praktiker.<\/li>\n<li><em><strong>Anpassad utbildning <\/strong><\/em>\u2013 Tillg\u00e5ng till anpassade kurser f\u00f6r att f\u00f6rb\u00e4ttra kunskapsbasen g\u00e4llande situationsbaserade f\u00f6ruts\u00e4ttningar f\u00f6r brott och metodkunskap bland KTH studenter med fortl\u00f6pande utbildning f\u00f6r planerare och praktiker (vidareutbildning).<\/li>\n<li><em><strong>Utveckling av forskning<\/strong> <strong>&amp;<\/strong> <strong>metod <\/strong><\/em>\u2013 Forskningsutveckling inriktad mot omr\u00e5det brott och plats, situationsbaserade f\u00f6ruts\u00e4ttningar f\u00f6r brott samt initiativ g\u00e4llande prevention i samarbete med nationella intressenter. Av stor vikt \u00e4r utvecklingen av nya metoder inom situationsbaserade brottsprevention.<\/li>\n<li><em><strong>Utv\u00e4rdering av praxis <\/strong><\/em>\u2013 Utv\u00e4rdering av vad som fungerar och inte i praktiken inom situationsbaserad brottsprevention med fokus p\u00e5 principer om k\u00f6n och social j\u00e4mlikhet och s\u00e4kerhet som en individuell r\u00e4ttighet.<\/li>\n<li><em><strong>En nationell och internationell knutpunkt f\u00f6r kunskap och information \u2013<\/strong><\/em> Att tillhandah\u00e5lla en l\u00e4nk mellan intressenter bland forskare och samh\u00e4llet i stort. Syftet med n\u00e4tverket \u00e4r ocks\u00e5 att etablera och f\u00f6rst\u00e4rka kopplingar med internationella n\u00e4tverk genom att erbjuda kurser utomlands samt organisera nationella och internationella seminarier och konferenser samt erbjuda arenor f\u00f6r kunskapsspridning inom Sverige.<\/li>\n<\/ol>\n","protected":false},"excerpt":{"rendered":"<p>Syftet [&#8230;]<\/p>\n","protected":false},"author":31,"featured_media":0,"parent":0,"menu_order":0,"comment_status":"closed","ping_status":"closed","template":"","meta":{"_bbp_topic_count":0,"_bbp_reply_count":0,"_bbp_total_topic_count":0,"_bbp_total_reply_count":0,"_bbp_voice_count":0,"_bbp_anonymous_reply_count":0,"_bbp_topic_count_hidden":0,"_bbp_reply_count_hidden":0,"_bbp_forum_subforum_count":0,"episode_type":"","audio_file":"","podmotor_file_id":"","podmotor_episode_id":"","cover_image":"","cover_image_id":"","duration":"","filesize":"","filesize_raw":"","date_recorded":"","explicit":"","block":"","itunes_episode_number":"","itunes_title":"","itunes_season_number":"","itunes_episode_type":"","jetpack_post_was_ever_published":false,"footnotes":"","_links_to":"","_links_to_target":""},"class_list":["post-275","page","type-page","status-publish","hentry"],"jetpack_sharing_enabled":true,"jetpack_shortlink":"https:\/\/wp.me\/P840TR-4r","post_mailing_queue_ids":[],"_links":{"self":[{"href":"https:\/\/wpmu-bis.sys.kth.se\/safeplaces\/wp-json\/wp\/v2\/pages\/275","targetHints":{"allow":["GET"]}}],"collection":[{"href":"https:\/\/wpmu-bis.sys.kth.se\/safeplaces\/wp-json\/wp\/v2\/pages"}],"about":[{"href":"https:\/\/wpmu-bis.sys.kth.se\/safeplaces\/wp-json\/wp\/v2\/types\/page"}],"author":[{"embeddable":true,"href":"https:\/\/wpmu-bis.sys.kth.se\/safeplaces\/wp-json\/wp\/v2\/users\/31"}],"replies":[{"embeddable":true,"href":"https:\/\/wpmu-bis.sys.kth.se\/safeplaces\/wp-json\/wp\/v2\/comments?post=275"}],"version-history":[{"count":13,"href":"https:\/\/wpmu-bis.sys.kth.se\/safeplaces\/wp-json\/wp\/v2\/pages\/275\/revisions"}],"predecessor-version":[{"id":567,"href":"https:\/\/wpmu-bis.sys.kth.se\/safeplaces\/wp-json\/wp\/v2\/pages\/275\/revisions\/567"}],"wp:attachment":[{"href":"https:\/\/wpmu-bis.sys.kth.se\/safeplaces\/wp-json\/wp\/v2\/media?parent=275"}],"curies":[{"name":"wp","href":"https:\/\/api.w.org\/{rel}","templated":true}]}}