{"id":2,"date":"2016-10-31T15:50:23","date_gmt":"2016-10-31T15:50:23","guid":{"rendered":"https:\/\/wpmu-bis.sys.kth.se\/safeplaces\/?page_id=2"},"modified":"2021-03-19T18:04:03","modified_gmt":"2021-03-19T18:04:03","slug":"sample-page","status":"publish","type":"page","link":"https:\/\/wpmu-bis.sys.kth.se\/safeplaces\/sv\/","title":{"rendered":"Om S\u00e4kraplatser"},"content":{"rendered":"<p style=\"text-align: justify\"><strong>Vad \u00e4r <em>S\u00e4kraplatser n\u00e4tverket<\/em>?<\/strong><\/p>\n<p style=\"text-align: justify\"><strong><em>S\u00e4kraplatser<\/em> <\/strong>\u00e4r ett n\u00e4tverk f\u00f6r informationsutbyte, forskningssamarbete och undervisning med fokus p\u00e5 kunskapsskapande kring brott och platser och brottsf\u00f6rebyggande.<\/p>\n<p style=\"text-align: justify\"><em><strong>S\u00e4kraplatser n\u00e4tverket <\/strong><\/em>vid Kungliga Tekniska H\u00f6gskolan, KTH \u00e4r en nationell resurs f\u00f6r de som arbetar f\u00f6r att g\u00f6ra milj\u00f6n s\u00e4krare vad g\u00e4ller brott och ocks\u00e5 mer inkluderande.<\/p>\n<p style=\"text-align: justify\"><strong><em>S\u00e4kraplatser n\u00e4tverket <\/em><\/strong>m\u00f6jligg\u00f6r och och st\u00e4rker relationerna mellan forskare, beslutsfattare och andra intressenter, vars uppgift \u00e4r att f\u00f6rb\u00e4ttra s\u00e4kerheten och tryggheten i samh\u00e4llet.<\/p>\n<p style=\"text-align: justify\">\n","protected":false},"excerpt":{"rendered":"<p>Vad [&#8230;]<\/p>\n","protected":false},"author":2,"featured_media":0,"parent":0,"menu_order":0,"comment_status":"closed","ping_status":"closed","template":"template-frontpage.php","meta":{"_bbp_topic_count":0,"_bbp_reply_count":0,"_bbp_total_topic_count":0,"_bbp_total_reply_count":0,"_bbp_voice_count":0,"_bbp_anonymous_reply_count":0,"_bbp_topic_count_hidden":0,"_bbp_reply_count_hidden":0,"_bbp_forum_subforum_count":0,"episode_type":"","audio_file":"","podmotor_file_id":"","podmotor_episode_id":"","cover_image":"","cover_image_id":"","duration":"","filesize":"","filesize_raw":"","date_recorded":"","explicit":"","block":"","itunes_episode_number":"","itunes_title":"","itunes_season_number":"","itunes_episode_type":"","footnotes":"","_links_to":"","_links_to_target":""},"class_list":["post-2","page","type-page","status-publish","hentry"],"jetpack_sharing_enabled":true,"jetpack_shortlink":"https:\/\/wp.me\/P840TR-2","post_mailing_queue_ids":[],"_links":{"self":[{"href":"https:\/\/wpmu-bis.sys.kth.se\/safeplaces\/wp-json\/wp\/v2\/pages\/2","targetHints":{"allow":["GET"]}}],"collection":[{"href":"https:\/\/wpmu-bis.sys.kth.se\/safeplaces\/wp-json\/wp\/v2\/pages"}],"about":[{"href":"https:\/\/wpmu-bis.sys.kth.se\/safeplaces\/wp-json\/wp\/v2\/types\/page"}],"author":[{"embeddable":true,"href":"https:\/\/wpmu-bis.sys.kth.se\/safeplaces\/wp-json\/wp\/v2\/users\/2"}],"replies":[{"embeddable":true,"href":"https:\/\/wpmu-bis.sys.kth.se\/safeplaces\/wp-json\/wp\/v2\/comments?post=2"}],"version-history":[{"count":14,"href":"https:\/\/wpmu-bis.sys.kth.se\/safeplaces\/wp-json\/wp\/v2\/pages\/2\/revisions"}],"predecessor-version":[{"id":3582,"href":"https:\/\/wpmu-bis.sys.kth.se\/safeplaces\/wp-json\/wp\/v2\/pages\/2\/revisions\/3582"}],"wp:attachment":[{"href":"https:\/\/wpmu-bis.sys.kth.se\/safeplaces\/wp-json\/wp\/v2\/media?parent=2"}],"curies":[{"name":"wp","href":"https:\/\/api.w.org\/{rel}","templated":true}]}}