{"id":1052,"date":"2017-03-16T14:53:50","date_gmt":"2017-03-16T14:53:50","guid":{"rendered":"https:\/\/www.sakraplatser.abe.kth.se\/?page_id=1052"},"modified":"2020-07-28T08:54:56","modified_gmt":"2020-07-28T08:54:56","slug":"publikationer-2","status":"publish","type":"page","link":"https:\/\/wpmu-bis.sys.kth.se\/safeplaces\/sv\/publikationer-2\/","title":{"rendered":"Publikationer"},"content":{"rendered":"<p style=\"text-align: justify\">H\u00e4r hittar du ett urval av artiklar och publikationer publicerade av svenska forskare och organisationer inom olika \u00e4mnen med koppling till brottslighet, s\u00e4kerhet, stadsplanering och brottsf\u00f6rebyggande.<\/p>\n<div style=\"text-align: justify\"><\/div>\n<div style=\"text-align: justify\">V\u00e4nligen dela din publikation med andra genom att fylla i detta formul\u00e4r. Tack!<\/div>\n<div><\/div>\n<p><a href=\"https:\/\/wp.me\/P840TR-1gc\"><strong>Nya Publikationer<\/strong><\/a><\/p>\n<p><b>Crime <\/b><\/p>\n<ul>\n<li><a href=\"https:\/\/wp.me\/P840TR-1cQ\">Violence, homicide<\/a><\/li>\n<li><a href=\"https:\/\/wp.me\/P840TR-1cG\">Sexual harassment, sexual crime<\/a><\/li>\n<li><a href=\"https:\/\/wp.me\/P840TR-1de\">Crime and safety in transit environments<\/a><\/li>\n<li><a href=\"https:\/\/wp.me\/P840TR-1cv\">Burglary, neighborhood, housing, and other crimes<\/a><\/li>\n<li><a href=\"https:\/\/wp.me\/P840TR-1d1\">Other crimes: Vandalism, retail, environmental offenses<\/a><\/li>\n<\/ul>\n<p><a href=\"https:\/\/wp.me\/P840TR-1cl\"><b>Fear of crime<\/b><\/a><\/p>\n<p><a href=\"https:\/\/wp.me\/P840TR-1dq\"><b>Urban areas<\/b><\/a><b><a class=\"pll_icon_edit\" href=\"https:\/\/www.sakraplatser.abe.kth.se\/wp-admin\/post.php?post=4605&amp;action=edit&amp;classic-editor\"><span class=\"screen-reader-text\">Edit the translation in English<\/span><\/a><\/b><\/p>\n<p><a href=\"https:\/\/wp.me\/P840TR-1dA\"><b>Rural areas<\/b><\/a><\/p>\n<p><a href=\"https:\/\/wp.me\/P840TR-1dL\"><b>Public places<\/b><\/a><\/p>\n<p><a href=\"https:\/\/wp.me\/P840TR-1dW\"><b>Users<\/b><\/a><\/p>\n<p><a href=\"https:\/\/wp.me\/P840TR-1e6\"><b>Policy documents<\/b><\/a><\/p>\n<p><a href=\"https:\/\/wp.me\/P840TR-1eg\"><b>CPTED, theory and policing<\/b><\/a><\/p>\n<p><a href=\"https:\/\/wp.me\/P840TR-1es\"><b>Methods and tools<\/b><\/a><\/p>\n<p><strong><a href=\"https:\/\/wp.me\/P840TR-1eC\">COVID-19 and crime<\/a><\/strong><\/p>\n<p>&nbsp;<\/p>\n<div class=\"tlid-input input\">\n<div class=\"source-wrap\">\n<div class=\"input-full-height-wrapper tlid-input-full-height-wrapper\">\n<div class=\"source-input\">\n<div class=\"source-footer-wrap source-or-target-footer\">\n<div class=\"character-count tlid-character-count\">\n<div class=\"cc-ctr normal\">\n<div dir=\"ltr\">\n<div>\n<div style=\"text-align: justify\"><span style=\"font-size: 0.95em\">\n<div class=\"wpcf7 no-js\" id=\"wpcf7-f4769-o1\" lang=\"en-US\" dir=\"ltr\" data-wpcf7-id=\"4769\">\n<div class=\"screen-reader-response\"><p role=\"status\" aria-live=\"polite\" aria-atomic=\"true\"><\/p> <ul><\/ul><\/div>\n<form action=\"\/safeplaces\/wp-json\/wp\/v2\/pages\/1052#wpcf7-f4769-o1\" method=\"post\" class=\"wpcf7-form init\" aria-label=\"Contact form\" novalidate=\"novalidate\" data-status=\"init\">\n<fieldset class=\"hidden-fields-container\"><input type=\"hidden\" name=\"_wpcf7\" value=\"4769\" \/><input type=\"hidden\" name=\"_wpcf7_version\" value=\"6.1.5\" \/><input type=\"hidden\" name=\"_wpcf7_locale\" value=\"en_US\" \/><input type=\"hidden\" name=\"_wpcf7_unit_tag\" value=\"wpcf7-f4769-o1\" \/><input type=\"hidden\" name=\"_wpcf7_container_post\" value=\"0\" \/><input type=\"hidden\" name=\"_wpcf7_posted_data_hash\" value=\"\" \/>\n<\/fieldset>\n<p><label> Your Name (required)<br \/>\n<span class=\"wpcf7-form-control-wrap\" data-name=\"your-name\"><input size=\"40\" maxlength=\"400\" class=\"wpcf7-form-control wpcf7-text wpcf7-validates-as-required\" aria-required=\"true\" aria-invalid=\"false\" value=\"\" type=\"text\" name=\"your-name\" \/><\/span> <\/label>\n<\/p>\n<p><label> Your Email (required)<br \/>\n<span class=\"wpcf7-form-control-wrap\" data-name=\"your-email\"><input size=\"40\" maxlength=\"400\" class=\"wpcf7-form-control wpcf7-email wpcf7-validates-as-required wpcf7-text wpcf7-validates-as-email\" aria-required=\"true\" aria-invalid=\"false\" value=\"\" type=\"email\" name=\"your-email\" \/><\/span> <\/label>\n<\/p>\n<p><label> Citation<br \/>\n<span class=\"wpcf7-form-control-wrap\" data-name=\"citation\"><input size=\"40\" maxlength=\"400\" class=\"wpcf7-form-control wpcf7-text\" aria-invalid=\"false\" value=\"\" type=\"text\" name=\"citation\" \/><\/span> <\/label>\n<\/p>\n<p><label> Access Options<br \/>\n<span class=\"wpcf7-form-control-wrap\" data-name=\"area\"><input size=\"40\" maxlength=\"400\" class=\"wpcf7-form-control wpcf7-text\" aria-invalid=\"false\" value=\"\" type=\"text\" name=\"area\" \/><\/span> <\/label>\n<\/p>\n<p><input class=\"wpcf7-form-control wpcf7-submit has-spinner\" type=\"submit\" value=\"Send\" \/>\n<\/p><p style=\"display: none !important;\" class=\"akismet-fields-container\" data-prefix=\"_wpcf7_ak_\"><label>&#916;<textarea name=\"_wpcf7_ak_hp_textarea\" cols=\"45\" rows=\"8\" maxlength=\"100\"><\/textarea><\/label><input type=\"hidden\" id=\"ak_js_1\" name=\"_wpcf7_ak_js\" value=\"144\"\/><script>document.getElementById( \"ak_js_1\" ).setAttribute( \"value\", ( new Date() ).getTime() );<\/script><\/p><input type='hidden' class='wpcf7-pum' value='{\"closepopup\":false,\"closedelay\":0,\"openpopup\":false,\"openpopup_id\":0}' \/><div class=\"wpcf7-response-output\" aria-hidden=\"true\"><\/div>\n<\/form>\n<\/div>\n<\/span><\/div>\n<\/div>\n<\/div>\n<\/div>\n<\/div>\n<\/div>\n<\/div>\n<\/div>\n<\/div>\n<\/div>\n<p>&nbsp;<\/p>\n<p>&nbsp;<\/p>\n","protected":false},"excerpt":{"rendered":"<p>H\u00e4r [&#8230;]<\/p>\n","protected":false},"author":31,"featured_media":0,"parent":0,"menu_order":0,"comment_status":"closed","ping_status":"closed","template":"","meta":{"_bbp_topic_count":0,"_bbp_reply_count":0,"_bbp_total_topic_count":0,"_bbp_total_reply_count":0,"_bbp_voice_count":0,"_bbp_anonymous_reply_count":0,"_bbp_topic_count_hidden":0,"_bbp_reply_count_hidden":0,"_bbp_forum_subforum_count":0,"episode_type":"","audio_file":"","podmotor_file_id":"","podmotor_episode_id":"","cover_image":"","cover_image_id":"","duration":"","filesize":"","filesize_raw":"","date_recorded":"","explicit":"","block":"","itunes_episode_number":"","itunes_title":"","itunes_season_number":"","itunes_episode_type":"","jetpack_post_was_ever_published":false,"footnotes":"","_links_to":"","_links_to_target":""},"class_list":["post-1052","page","type-page","status-publish","hentry"],"jetpack_sharing_enabled":true,"jetpack_shortlink":"https:\/\/wp.me\/P840TR-gY","post_mailing_queue_ids":[],"_links":{"self":[{"href":"https:\/\/wpmu-bis.sys.kth.se\/safeplaces\/wp-json\/wp\/v2\/pages\/1052","targetHints":{"allow":["GET"]}}],"collection":[{"href":"https:\/\/wpmu-bis.sys.kth.se\/safeplaces\/wp-json\/wp\/v2\/pages"}],"about":[{"href":"https:\/\/wpmu-bis.sys.kth.se\/safeplaces\/wp-json\/wp\/v2\/types\/page"}],"author":[{"embeddable":true,"href":"https:\/\/wpmu-bis.sys.kth.se\/safeplaces\/wp-json\/wp\/v2\/users\/31"}],"replies":[{"embeddable":true,"href":"https:\/\/wpmu-bis.sys.kth.se\/safeplaces\/wp-json\/wp\/v2\/comments?post=1052"}],"version-history":[{"count":123,"href":"https:\/\/wpmu-bis.sys.kth.se\/safeplaces\/wp-json\/wp\/v2\/pages\/1052\/revisions"}],"predecessor-version":[{"id":4857,"href":"https:\/\/wpmu-bis.sys.kth.se\/safeplaces\/wp-json\/wp\/v2\/pages\/1052\/revisions\/4857"}],"wp:attachment":[{"href":"https:\/\/wpmu-bis.sys.kth.se\/safeplaces\/wp-json\/wp\/v2\/media?parent=1052"}],"curies":[{"name":"wp","href":"https:\/\/api.w.org\/{rel}","templated":true}]}}