{"id":1027,"date":"2017-02-21T13:10:51","date_gmt":"2017-02-21T13:10:51","guid":{"rendered":"https:\/\/www.sakraplatser.abe.kth.se\/?page_id=1027"},"modified":"2017-04-03T06:44:47","modified_gmt":"2017-04-03T06:44:47","slug":"lankar","status":"publish","type":"page","link":"https:\/\/wpmu-bis.sys.kth.se\/safeplaces\/sv\/lankar\/","title":{"rendered":"L\u00e4nkar"},"content":{"rendered":"<ul>\n<li><a href=\"https:\/\/www.asc41.com\/\" target=\"_blank\">American Association of Criminology (ASC)<\/a><\/li>\n<li><a href=\"http:\/\/www.bra.se\/\" target=\"_blank\">Brottsf\u00f6rebyggande r\u00e5det (BR\u00c5)<\/a><\/li>\n<li><a href=\"http:\/\/www.popcenter.org\/\" target=\"_blank\">Center for Problem Oriented-Policing<\/a><\/li>\n<li><a href=\"http:\/\/costtu1203.eu\/sample-page\/\" target=\"_blank\">COST_ACTION &#8211; Crime Prevention through Urban Design and Planning<\/a><\/li>\n<li><a href=\"http:\/\/www.veilig-ontwerp-beheer.nl\/netwerk\/e-doca\/\" target=\"_blank\">E-DOCA<\/a><\/li>\n<li><a href=\"http:\/\/www.esc-eurocrim.org\/\" target=\"_blank\">European Society of Criminology (ESC)<\/a><\/li>\n<li><a href=\"https:\/\/www.globalutmaning.se\/tankesmedjan-lanserar-urbangirlsmovement\/\" target=\"_blank\">Global utmaning \u2013 Urban girls movement<\/a><\/li>\n<li><a href=\"http:\/\/www.tandfonline.com\/toc\/scri20\/current\" target=\"_blank\">Journal of Scandinavian Studies in Criminology and Crime Prevention<\/a><\/li>\n<li><a href=\"http:\/\/www.nwo.nl\/en\/about-nwo\/organisation\/nwo-domains\/nscr\" target=\"_blank\">Netherlands Institute for the Study of Crime and Law Enforcement (NSCR)<\/a><\/li>\n<li><a href=\"http:\/\/safecity.in\/#\" target=\"_blank\">Safety City India<\/a><\/li>\n<li><a href=\"http:\/\/www.samhallsbyggarna.org\/\" target=\"_blank\">Samhallsbyggarna<\/a><\/li>\n<li><a href=\"http:\/\/www.su.se\/english\/about\/prizes-awards\/the-stockholm-prize-in-criminology\/about-the-prize\" target=\"_blank\">Stockholm prize of Criminology<\/a><\/li>\n<li><a href=\"https:\/\/www.ucl.ac.uk\/jdi\" target=\"_blank\">UCL Jill Dando Institute of Security and Crime Science<\/a><\/li>\n<\/ul>\n","protected":false},"excerpt":{"rendered":"<p>American [&#8230;]<\/p>\n","protected":false},"author":31,"featured_media":0,"parent":0,"menu_order":0,"comment_status":"closed","ping_status":"closed","template":"","meta":{"_bbp_topic_count":0,"_bbp_reply_count":0,"_bbp_total_topic_count":0,"_bbp_total_reply_count":0,"_bbp_voice_count":0,"_bbp_anonymous_reply_count":0,"_bbp_topic_count_hidden":0,"_bbp_reply_count_hidden":0,"_bbp_forum_subforum_count":0,"episode_type":"","audio_file":"","podmotor_file_id":"","podmotor_episode_id":"","cover_image":"","cover_image_id":"","duration":"","filesize":"","filesize_raw":"","date_recorded":"","explicit":"","block":"","itunes_episode_number":"","itunes_title":"","itunes_season_number":"","itunes_episode_type":"","jetpack_post_was_ever_published":false,"footnotes":"","_links_to":"","_links_to_target":""},"class_list":["post-1027","page","type-page","status-publish","hentry"],"jetpack_sharing_enabled":true,"jetpack_shortlink":"https:\/\/wp.me\/P840TR-gz","post_mailing_queue_ids":[],"_links":{"self":[{"href":"https:\/\/wpmu-bis.sys.kth.se\/safeplaces\/wp-json\/wp\/v2\/pages\/1027","targetHints":{"allow":["GET"]}}],"collection":[{"href":"https:\/\/wpmu-bis.sys.kth.se\/safeplaces\/wp-json\/wp\/v2\/pages"}],"about":[{"href":"https:\/\/wpmu-bis.sys.kth.se\/safeplaces\/wp-json\/wp\/v2\/types\/page"}],"author":[{"embeddable":true,"href":"https:\/\/wpmu-bis.sys.kth.se\/safeplaces\/wp-json\/wp\/v2\/users\/31"}],"replies":[{"embeddable":true,"href":"https:\/\/wpmu-bis.sys.kth.se\/safeplaces\/wp-json\/wp\/v2\/comments?post=1027"}],"version-history":[{"count":5,"href":"https:\/\/wpmu-bis.sys.kth.se\/safeplaces\/wp-json\/wp\/v2\/pages\/1027\/revisions"}],"predecessor-version":[{"id":1140,"href":"https:\/\/wpmu-bis.sys.kth.se\/safeplaces\/wp-json\/wp\/v2\/pages\/1027\/revisions\/1140"}],"wp:attachment":[{"href":"https:\/\/wpmu-bis.sys.kth.se\/safeplaces\/wp-json\/wp\/v2\/media?parent=1027"}],"curies":[{"name":"wp","href":"https:\/\/api.w.org\/{rel}","templated":true}]}}